{"id":4197,"date":"2024-11-06T09:49:11","date_gmt":"2024-11-06T09:49:11","guid":{"rendered":"https:\/\/www.batavialand.nl\/erlebe-das-17-jahrhundert-an-bord-der-batavia\/"},"modified":"2025-02-19T13:54:45","modified_gmt":"2025-02-19T13:54:45","slug":"het-schip-batavia","status":"publish","type":"page","link":"https:\/\/www.batavialand.nl\/de\/zien-en-doen\/het-schip-batavia\/","title":{"rendered":"Erlebe das 17. Jahrhundert an Bord der Batavia"},"content":{"rendered":"\n<p>Das Museum Batavialand beherbergt ein Schiff, das dich ins 17. Jahrhundert zur\u00fcckversetzt: die Batavia. Diese spektakul\u00e4re Rekonstruktion eines VOC-Schiffs, das mit traditionellen Techniken gebaut wurde, steckt voller Geschichten \u00fcber Handwerkskunst und Abenteuer. Stehe auf dem Deck, wo Geschichte geschrieben wurde, sp\u00fcre den Wind durch die Takelage und rieche das knarrende Holz unter deinen F\u00fc\u00dfen. Jedes Detail, von den Tauen bis zu den Kanonen, erz\u00e4hlt eine Geschichte \u00fcber das Leben an Bord im <sup>17.<\/sup>  Traust du dich, an Bord zu gehen?<\/p>\n\n<p><\/p>\n","protected":false},"excerpt":{"rendered":"<p>Das Museum Batavialand beherbergt ein Schiff, das dich ins 17. Jahrhundert zur\u00fcckversetzt: die Batavia. Diese spektakul\u00e4re Rekonstruktion eines VOC-Schiffs, das mit traditionellen Techniken gebaut wurde, steckt voller Geschichten \u00fcber Handwerkskunst und Abenteuer. Stehe auf dem Deck, wo Geschichte geschrieben wurde, sp\u00fcre den Wind durch die Takelage und rieche das knarrende Holz unter deinen F\u00fc\u00dfen. Jedes [&hellip;]<\/p>\n","protected":false},"author":1,"featured_media":3426,"parent":4242,"menu_order":0,"comment_status":"closed","ping_status":"closed","template":"","meta":{"_acf_changed":false,"footnotes":""},"class_list":["post-4197","page","type-page","status-publish","has-post-thumbnail","hentry"],"acf":[],"yoast_head":"<!-- This site is optimized with the Yoast SEO plugin v27.4 - https:\/\/yoast.com\/product\/yoast-seo-wordpress\/ -->\n<title>Erlebe das 17. Jahrhundert an Bord der Batavia - Museum Batavialand<\/title>\n<meta name=\"robots\" content=\"index, follow, max-snippet:-1, max-image-preview:large, max-video-preview:-1\" \/>\n<link rel=\"canonical\" href=\"https:\/\/www.batavialand.nl\/de\/zien-en-doen\/het-schip-batavia\/\" \/>\n<meta property=\"og:locale\" content=\"de_DE\" \/>\n<meta property=\"og:type\" content=\"article\" \/>\n<meta property=\"og:title\" content=\"Erlebe das 17. Jahrhundert an Bord der Batavia - Museum Batavialand\" \/>\n<meta property=\"og:description\" content=\"Das Museum Batavialand beherbergt ein Schiff, das dich ins 17. Jahrhundert zur\u00fcckversetzt: die Batavia. Diese spektakul\u00e4re Rekonstruktion eines VOC-Schiffs, das mit traditionellen Techniken gebaut wurde, steckt voller Geschichten \u00fcber Handwerkskunst und Abenteuer. Stehe auf dem Deck, wo Geschichte geschrieben wurde, sp\u00fcre den Wind durch die Takelage und rieche das knarrende Holz unter deinen F\u00fc\u00dfen. Jedes [&hellip;]\" \/>\n<meta property=\"og:url\" content=\"https:\/\/www.batavialand.nl\/de\/zien-en-doen\/het-schip-batavia\/\" \/>\n<meta property=\"og:site_name\" content=\"Museum Batavialand\" \/>\n<meta property=\"article:modified_time\" content=\"2025-02-19T13:54:45+00:00\" \/>\n<meta property=\"og:image\" content=\"https:\/\/www.batavialand.nl\/wp-content\/uploads\/stap-aan-boord-van-het-schip-batavia-header.webp\" \/>\n\t<meta property=\"og:image:width\" content=\"2000\" \/>\n\t<meta property=\"og:image:height\" content=\"800\" \/>\n\t<meta property=\"og:image:type\" content=\"image\/webp\" \/>\n<meta name=\"twitter:card\" content=\"summary_large_image\" \/>\n<script type=\"application\/ld+json\" class=\"yoast-schema-graph\">{\"@context\":\"https:\\\/\\\/schema.org\",\"@graph\":[{\"@type\":\"WebPage\",\"@id\":\"https:\\\/\\\/www.batavialand.nl\\\/de\\\/zien-en-doen\\\/het-schip-batavia\\\/\",\"url\":\"https:\\\/\\\/www.batavialand.nl\\\/de\\\/zien-en-doen\\\/het-schip-batavia\\\/\",\"name\":\"Erlebe das 17. Jahrhundert an Bord der Batavia - Museum Batavialand\",\"isPartOf\":{\"@id\":\"https:\\\/\\\/www.batavialand.nl\\\/de\\\/#website\"},\"primaryImageOfPage\":{\"@id\":\"https:\\\/\\\/www.batavialand.nl\\\/de\\\/zien-en-doen\\\/het-schip-batavia\\\/#primaryimage\"},\"image\":{\"@id\":\"https:\\\/\\\/www.batavialand.nl\\\/de\\\/zien-en-doen\\\/het-schip-batavia\\\/#primaryimage\"},\"thumbnailUrl\":\"https:\\\/\\\/www.batavialand.nl\\\/wp-content\\\/uploads\\\/stap-aan-boord-van-het-schip-batavia-header.webp\",\"datePublished\":\"2024-11-06T09:49:11+00:00\",\"dateModified\":\"2025-02-19T13:54:45+00:00\",\"breadcrumb\":{\"@id\":\"https:\\\/\\\/www.batavialand.nl\\\/de\\\/zien-en-doen\\\/het-schip-batavia\\\/#breadcrumb\"},\"inLanguage\":\"de\",\"potentialAction\":[{\"@type\":\"ReadAction\",\"target\":[\"https:\\\/\\\/www.batavialand.nl\\\/de\\\/zien-en-doen\\\/het-schip-batavia\\\/\"]}]},{\"@type\":\"ImageObject\",\"inLanguage\":\"de\",\"@id\":\"https:\\\/\\\/www.batavialand.nl\\\/de\\\/zien-en-doen\\\/het-schip-batavia\\\/#primaryimage\",\"url\":\"https:\\\/\\\/www.batavialand.nl\\\/wp-content\\\/uploads\\\/stap-aan-boord-van-het-schip-batavia-header.webp\",\"contentUrl\":\"https:\\\/\\\/www.batavialand.nl\\\/wp-content\\\/uploads\\\/stap-aan-boord-van-het-schip-batavia-header.webp\",\"width\":2000,\"height\":800},{\"@type\":\"BreadcrumbList\",\"@id\":\"https:\\\/\\\/www.batavialand.nl\\\/de\\\/zien-en-doen\\\/het-schip-batavia\\\/#breadcrumb\",\"itemListElement\":[{\"@type\":\"ListItem\",\"position\":1,\"name\":\"Sehen und Erleben\",\"item\":\"https:\\\/\\\/www.batavialand.nl\\\/de\\\/zien-en-doen\\\/\"},{\"@type\":\"ListItem\",\"position\":2,\"name\":\"Das Schiff Batavia\"}]},{\"@type\":\"WebSite\",\"@id\":\"https:\\\/\\\/www.batavialand.nl\\\/de\\\/#website\",\"url\":\"https:\\\/\\\/www.batavialand.nl\\\/de\\\/\",\"name\":\"Museum Batavialand\",\"description\":\"Batavialand, het museum van Flevoland in Lelystad.\",\"publisher\":{\"@id\":\"https:\\\/\\\/www.batavialand.nl\\\/de\\\/#organization\"},\"potentialAction\":[{\"@type\":\"SearchAction\",\"target\":{\"@type\":\"EntryPoint\",\"urlTemplate\":\"https:\\\/\\\/www.batavialand.nl\\\/de\\\/?s={search_term_string}\"},\"query-input\":{\"@type\":\"PropertyValueSpecification\",\"valueRequired\":true,\"valueName\":\"search_term_string\"}}],\"inLanguage\":\"de\"},{\"@type\":\"Organization\",\"@id\":\"https:\\\/\\\/www.batavialand.nl\\\/de\\\/#organization\",\"name\":\"Museum Batavialand\",\"url\":\"https:\\\/\\\/www.batavialand.nl\\\/de\\\/\",\"logo\":{\"@type\":\"ImageObject\",\"inLanguage\":\"de\",\"@id\":\"https:\\\/\\\/www.batavialand.nl\\\/de\\\/#\\\/schema\\\/logo\\\/image\\\/\",\"url\":\"https:\\\/\\\/www.batavialand.nl\\\/wp-content\\\/uploads\\\/batavialand-logo.svg\",\"contentUrl\":\"https:\\\/\\\/www.batavialand.nl\\\/wp-content\\\/uploads\\\/batavialand-logo.svg\",\"width\":1030,\"height\":322,\"caption\":\"Museum Batavialand\"},\"image\":{\"@id\":\"https:\\\/\\\/www.batavialand.nl\\\/de\\\/#\\\/schema\\\/logo\\\/image\\\/\"}}]}<\/script>\n<!-- \/ Yoast SEO plugin. -->","yoast_head_json":{"title":"Erlebe das 17. Jahrhundert an Bord der Batavia - Museum Batavialand","robots":{"index":"index","follow":"follow","max-snippet":"max-snippet:-1","max-image-preview":"max-image-preview:large","max-video-preview":"max-video-preview:-1"},"canonical":"https:\/\/www.batavialand.nl\/de\/zien-en-doen\/het-schip-batavia\/","og_locale":"de_DE","og_type":"article","og_title":"Erlebe das 17. Jahrhundert an Bord der Batavia - Museum Batavialand","og_description":"Das Museum Batavialand beherbergt ein Schiff, das dich ins 17. Jahrhundert zur\u00fcckversetzt: die Batavia. Diese spektakul\u00e4re Rekonstruktion eines VOC-Schiffs, das mit traditionellen Techniken gebaut wurde, steckt voller Geschichten \u00fcber Handwerkskunst und Abenteuer. Stehe auf dem Deck, wo Geschichte geschrieben wurde, sp\u00fcre den Wind durch die Takelage und rieche das knarrende Holz unter deinen F\u00fc\u00dfen. Jedes [&hellip;]","og_url":"https:\/\/www.batavialand.nl\/de\/zien-en-doen\/het-schip-batavia\/","og_site_name":"Museum Batavialand","article_modified_time":"2025-02-19T13:54:45+00:00","og_image":[{"width":2000,"height":800,"url":"https:\/\/www.batavialand.nl\/wp-content\/uploads\/stap-aan-boord-van-het-schip-batavia-header.webp","type":"image\/webp"}],"twitter_card":"summary_large_image","schema":{"@context":"https:\/\/schema.org","@graph":[{"@type":"WebPage","@id":"https:\/\/www.batavialand.nl\/de\/zien-en-doen\/het-schip-batavia\/","url":"https:\/\/www.batavialand.nl\/de\/zien-en-doen\/het-schip-batavia\/","name":"Erlebe das 17. Jahrhundert an Bord der Batavia - Museum Batavialand","isPartOf":{"@id":"https:\/\/www.batavialand.nl\/de\/#website"},"primaryImageOfPage":{"@id":"https:\/\/www.batavialand.nl\/de\/zien-en-doen\/het-schip-batavia\/#primaryimage"},"image":{"@id":"https:\/\/www.batavialand.nl\/de\/zien-en-doen\/het-schip-batavia\/#primaryimage"},"thumbnailUrl":"https:\/\/www.batavialand.nl\/wp-content\/uploads\/stap-aan-boord-van-het-schip-batavia-header.webp","datePublished":"2024-11-06T09:49:11+00:00","dateModified":"2025-02-19T13:54:45+00:00","breadcrumb":{"@id":"https:\/\/www.batavialand.nl\/de\/zien-en-doen\/het-schip-batavia\/#breadcrumb"},"inLanguage":"de","potentialAction":[{"@type":"ReadAction","target":["https:\/\/www.batavialand.nl\/de\/zien-en-doen\/het-schip-batavia\/"]}]},{"@type":"ImageObject","inLanguage":"de","@id":"https:\/\/www.batavialand.nl\/de\/zien-en-doen\/het-schip-batavia\/#primaryimage","url":"https:\/\/www.batavialand.nl\/wp-content\/uploads\/stap-aan-boord-van-het-schip-batavia-header.webp","contentUrl":"https:\/\/www.batavialand.nl\/wp-content\/uploads\/stap-aan-boord-van-het-schip-batavia-header.webp","width":2000,"height":800},{"@type":"BreadcrumbList","@id":"https:\/\/www.batavialand.nl\/de\/zien-en-doen\/het-schip-batavia\/#breadcrumb","itemListElement":[{"@type":"ListItem","position":1,"name":"Sehen und Erleben","item":"https:\/\/www.batavialand.nl\/de\/zien-en-doen\/"},{"@type":"ListItem","position":2,"name":"Das Schiff Batavia"}]},{"@type":"WebSite","@id":"https:\/\/www.batavialand.nl\/de\/#website","url":"https:\/\/www.batavialand.nl\/de\/","name":"Museum Batavialand","description":"Batavialand, het museum van Flevoland in Lelystad.","publisher":{"@id":"https:\/\/www.batavialand.nl\/de\/#organization"},"potentialAction":[{"@type":"SearchAction","target":{"@type":"EntryPoint","urlTemplate":"https:\/\/www.batavialand.nl\/de\/?s={search_term_string}"},"query-input":{"@type":"PropertyValueSpecification","valueRequired":true,"valueName":"search_term_string"}}],"inLanguage":"de"},{"@type":"Organization","@id":"https:\/\/www.batavialand.nl\/de\/#organization","name":"Museum Batavialand","url":"https:\/\/www.batavialand.nl\/de\/","logo":{"@type":"ImageObject","inLanguage":"de","@id":"https:\/\/www.batavialand.nl\/de\/#\/schema\/logo\/image\/","url":"https:\/\/www.batavialand.nl\/wp-content\/uploads\/batavialand-logo.svg","contentUrl":"https:\/\/www.batavialand.nl\/wp-content\/uploads\/batavialand-logo.svg","width":1030,"height":322,"caption":"Museum Batavialand"},"image":{"@id":"https:\/\/www.batavialand.nl\/de\/#\/schema\/logo\/image\/"}}]}},"_links":{"self":[{"href":"https:\/\/www.batavialand.nl\/de\/wp-json\/wp\/v2\/pages\/4197","targetHints":{"allow":["GET"]}}],"collection":[{"href":"https:\/\/www.batavialand.nl\/de\/wp-json\/wp\/v2\/pages"}],"about":[{"href":"https:\/\/www.batavialand.nl\/de\/wp-json\/wp\/v2\/types\/page"}],"author":[{"embeddable":true,"href":"https:\/\/www.batavialand.nl\/de\/wp-json\/wp\/v2\/users\/1"}],"replies":[{"embeddable":true,"href":"https:\/\/www.batavialand.nl\/de\/wp-json\/wp\/v2\/comments?post=4197"}],"version-history":[{"count":1,"href":"https:\/\/www.batavialand.nl\/de\/wp-json\/wp\/v2\/pages\/4197\/revisions"}],"predecessor-version":[{"id":4198,"href":"https:\/\/www.batavialand.nl\/de\/wp-json\/wp\/v2\/pages\/4197\/revisions\/4198"}],"up":[{"embeddable":true,"href":"https:\/\/www.batavialand.nl\/de\/wp-json\/wp\/v2\/pages\/4242"}],"wp:featuredmedia":[{"embeddable":true,"href":"https:\/\/www.batavialand.nl\/de\/wp-json\/wp\/v2\/media\/3426"}],"wp:attachment":[{"href":"https:\/\/www.batavialand.nl\/de\/wp-json\/wp\/v2\/media?parent=4197"}],"curies":[{"name":"wp","href":"https:\/\/api.w.org\/{rel}","templated":true}]}}