{"id":4203,"date":"2024-11-06T09:51:52","date_gmt":"2024-11-06T09:51:52","guid":{"rendered":"https:\/\/www.batavialand.nl\/willkommen-im-museum-batavialand\/"},"modified":"2025-03-13T12:46:46","modified_gmt":"2025-03-13T12:46:46","slug":"plan-je-bezoek","status":"publish","type":"page","link":"https:\/\/www.batavialand.nl\/de\/plan-je-bezoek\/","title":{"rendered":"Willkommen im Museum Batavialand"},"content":{"rendered":"\n<p>Plane deinen Besuch ganz einfach mit den untenstehenden Informationen. Hier erf\u00e4hrst du alles \u00fcber Parkpl\u00e4tze, \u00d6ffnungszeiten, Tickets und mehr. Finde heraus, was dich erwartet und mach dich bereit f\u00fcr einen inspirierenden Tag voller Geschichten und Abenteuer.  <\/p>\n\n<p><\/p>\n","protected":false},"excerpt":{"rendered":"<p>Plane deinen Besuch ganz einfach mit den untenstehenden Informationen. Hier erf\u00e4hrst du alles \u00fcber Parkpl\u00e4tze, \u00d6ffnungszeiten, Tickets und mehr. Finde heraus, was dich erwartet und mach dich bereit f\u00fcr einen inspirierenden Tag voller Geschichten und Abenteuer.<\/p>\n","protected":false},"author":1,"featured_media":3492,"parent":0,"menu_order":0,"comment_status":"closed","ping_status":"closed","template":"","meta":{"_acf_changed":false,"footnotes":""},"class_list":["post-4203","page","type-page","status-publish","has-post-thumbnail","hentry"],"acf":[],"yoast_head":"<!-- This site is optimized with the Yoast SEO plugin v27.4 - https:\/\/yoast.com\/product\/yoast-seo-wordpress\/ -->\n<title>Willkommen im Museum Batavialand - Museum Batavialand<\/title>\n<meta name=\"robots\" content=\"index, follow, max-snippet:-1, max-image-preview:large, max-video-preview:-1\" \/>\n<link rel=\"canonical\" href=\"https:\/\/www.batavialand.nl\/de\/plan-je-bezoek\/\" \/>\n<meta property=\"og:locale\" content=\"de_DE\" \/>\n<meta property=\"og:type\" content=\"article\" \/>\n<meta property=\"og:title\" content=\"Willkommen im Museum Batavialand - Museum Batavialand\" \/>\n<meta property=\"og:description\" content=\"Plane deinen Besuch ganz einfach mit den untenstehenden Informationen. Hier erf\u00e4hrst du alles \u00fcber Parkpl\u00e4tze, \u00d6ffnungszeiten, Tickets und mehr. Finde heraus, was dich erwartet und mach dich bereit f\u00fcr einen inspirierenden Tag voller Geschichten und Abenteuer.\" \/>\n<meta property=\"og:url\" content=\"https:\/\/www.batavialand.nl\/de\/plan-je-bezoek\/\" \/>\n<meta property=\"og:site_name\" content=\"Museum Batavialand\" \/>\n<meta property=\"article:modified_time\" content=\"2025-03-13T12:46:46+00:00\" \/>\n<meta property=\"og:image\" content=\"https:\/\/www.batavialand.nl\/wp-content\/uploads\/luchtfoto-museum-batavialand-bataviastad-header.webp\" \/>\n\t<meta property=\"og:image:width\" content=\"2000\" \/>\n\t<meta property=\"og:image:height\" content=\"800\" \/>\n\t<meta property=\"og:image:type\" content=\"image\/webp\" \/>\n<meta name=\"twitter:card\" content=\"summary_large_image\" \/>\n<script type=\"application\/ld+json\" class=\"yoast-schema-graph\">{\"@context\":\"https:\\\/\\\/schema.org\",\"@graph\":[{\"@type\":\"WebPage\",\"@id\":\"https:\\\/\\\/www.batavialand.nl\\\/de\\\/plan-je-bezoek\\\/\",\"url\":\"https:\\\/\\\/www.batavialand.nl\\\/de\\\/plan-je-bezoek\\\/\",\"name\":\"Willkommen im Museum Batavialand - Museum Batavialand\",\"isPartOf\":{\"@id\":\"https:\\\/\\\/www.batavialand.nl\\\/de\\\/#website\"},\"primaryImageOfPage\":{\"@id\":\"https:\\\/\\\/www.batavialand.nl\\\/de\\\/plan-je-bezoek\\\/#primaryimage\"},\"image\":{\"@id\":\"https:\\\/\\\/www.batavialand.nl\\\/de\\\/plan-je-bezoek\\\/#primaryimage\"},\"thumbnailUrl\":\"https:\\\/\\\/www.batavialand.nl\\\/wp-content\\\/uploads\\\/luchtfoto-museum-batavialand-bataviastad-header.webp\",\"datePublished\":\"2024-11-06T09:51:52+00:00\",\"dateModified\":\"2025-03-13T12:46:46+00:00\",\"inLanguage\":\"de\",\"potentialAction\":[{\"@type\":\"ReadAction\",\"target\":[\"https:\\\/\\\/www.batavialand.nl\\\/de\\\/plan-je-bezoek\\\/\"]}]},{\"@type\":\"ImageObject\",\"inLanguage\":\"de\",\"@id\":\"https:\\\/\\\/www.batavialand.nl\\\/de\\\/plan-je-bezoek\\\/#primaryimage\",\"url\":\"https:\\\/\\\/www.batavialand.nl\\\/wp-content\\\/uploads\\\/luchtfoto-museum-batavialand-bataviastad-header.webp\",\"contentUrl\":\"https:\\\/\\\/www.batavialand.nl\\\/wp-content\\\/uploads\\\/luchtfoto-museum-batavialand-bataviastad-header.webp\",\"width\":2000,\"height\":800},{\"@type\":\"WebSite\",\"@id\":\"https:\\\/\\\/www.batavialand.nl\\\/de\\\/#website\",\"url\":\"https:\\\/\\\/www.batavialand.nl\\\/de\\\/\",\"name\":\"Museum Batavialand\",\"description\":\"Batavialand, het museum van Flevoland in Lelystad.\",\"publisher\":{\"@id\":\"https:\\\/\\\/www.batavialand.nl\\\/de\\\/#organization\"},\"potentialAction\":[{\"@type\":\"SearchAction\",\"target\":{\"@type\":\"EntryPoint\",\"urlTemplate\":\"https:\\\/\\\/www.batavialand.nl\\\/de\\\/?s={search_term_string}\"},\"query-input\":{\"@type\":\"PropertyValueSpecification\",\"valueRequired\":true,\"valueName\":\"search_term_string\"}}],\"inLanguage\":\"de\"},{\"@type\":\"Organization\",\"@id\":\"https:\\\/\\\/www.batavialand.nl\\\/de\\\/#organization\",\"name\":\"Museum Batavialand\",\"url\":\"https:\\\/\\\/www.batavialand.nl\\\/de\\\/\",\"logo\":{\"@type\":\"ImageObject\",\"inLanguage\":\"de\",\"@id\":\"https:\\\/\\\/www.batavialand.nl\\\/de\\\/#\\\/schema\\\/logo\\\/image\\\/\",\"url\":\"https:\\\/\\\/www.batavialand.nl\\\/wp-content\\\/uploads\\\/batavialand-logo.svg\",\"contentUrl\":\"https:\\\/\\\/www.batavialand.nl\\\/wp-content\\\/uploads\\\/batavialand-logo.svg\",\"width\":1030,\"height\":322,\"caption\":\"Museum Batavialand\"},\"image\":{\"@id\":\"https:\\\/\\\/www.batavialand.nl\\\/de\\\/#\\\/schema\\\/logo\\\/image\\\/\"}}]}<\/script>\n<!-- \/ Yoast SEO plugin. -->","yoast_head_json":{"title":"Willkommen im Museum Batavialand - Museum Batavialand","robots":{"index":"index","follow":"follow","max-snippet":"max-snippet:-1","max-image-preview":"max-image-preview:large","max-video-preview":"max-video-preview:-1"},"canonical":"https:\/\/www.batavialand.nl\/de\/plan-je-bezoek\/","og_locale":"de_DE","og_type":"article","og_title":"Willkommen im Museum Batavialand - Museum Batavialand","og_description":"Plane deinen Besuch ganz einfach mit den untenstehenden Informationen. Hier erf\u00e4hrst du alles \u00fcber Parkpl\u00e4tze, \u00d6ffnungszeiten, Tickets und mehr. Finde heraus, was dich erwartet und mach dich bereit f\u00fcr einen inspirierenden Tag voller Geschichten und Abenteuer.","og_url":"https:\/\/www.batavialand.nl\/de\/plan-je-bezoek\/","og_site_name":"Museum Batavialand","article_modified_time":"2025-03-13T12:46:46+00:00","og_image":[{"width":2000,"height":800,"url":"https:\/\/www.batavialand.nl\/wp-content\/uploads\/luchtfoto-museum-batavialand-bataviastad-header.webp","type":"image\/webp"}],"twitter_card":"summary_large_image","schema":{"@context":"https:\/\/schema.org","@graph":[{"@type":"WebPage","@id":"https:\/\/www.batavialand.nl\/de\/plan-je-bezoek\/","url":"https:\/\/www.batavialand.nl\/de\/plan-je-bezoek\/","name":"Willkommen im Museum Batavialand - Museum Batavialand","isPartOf":{"@id":"https:\/\/www.batavialand.nl\/de\/#website"},"primaryImageOfPage":{"@id":"https:\/\/www.batavialand.nl\/de\/plan-je-bezoek\/#primaryimage"},"image":{"@id":"https:\/\/www.batavialand.nl\/de\/plan-je-bezoek\/#primaryimage"},"thumbnailUrl":"https:\/\/www.batavialand.nl\/wp-content\/uploads\/luchtfoto-museum-batavialand-bataviastad-header.webp","datePublished":"2024-11-06T09:51:52+00:00","dateModified":"2025-03-13T12:46:46+00:00","inLanguage":"de","potentialAction":[{"@type":"ReadAction","target":["https:\/\/www.batavialand.nl\/de\/plan-je-bezoek\/"]}]},{"@type":"ImageObject","inLanguage":"de","@id":"https:\/\/www.batavialand.nl\/de\/plan-je-bezoek\/#primaryimage","url":"https:\/\/www.batavialand.nl\/wp-content\/uploads\/luchtfoto-museum-batavialand-bataviastad-header.webp","contentUrl":"https:\/\/www.batavialand.nl\/wp-content\/uploads\/luchtfoto-museum-batavialand-bataviastad-header.webp","width":2000,"height":800},{"@type":"WebSite","@id":"https:\/\/www.batavialand.nl\/de\/#website","url":"https:\/\/www.batavialand.nl\/de\/","name":"Museum Batavialand","description":"Batavialand, het museum van Flevoland in Lelystad.","publisher":{"@id":"https:\/\/www.batavialand.nl\/de\/#organization"},"potentialAction":[{"@type":"SearchAction","target":{"@type":"EntryPoint","urlTemplate":"https:\/\/www.batavialand.nl\/de\/?s={search_term_string}"},"query-input":{"@type":"PropertyValueSpecification","valueRequired":true,"valueName":"search_term_string"}}],"inLanguage":"de"},{"@type":"Organization","@id":"https:\/\/www.batavialand.nl\/de\/#organization","name":"Museum Batavialand","url":"https:\/\/www.batavialand.nl\/de\/","logo":{"@type":"ImageObject","inLanguage":"de","@id":"https:\/\/www.batavialand.nl\/de\/#\/schema\/logo\/image\/","url":"https:\/\/www.batavialand.nl\/wp-content\/uploads\/batavialand-logo.svg","contentUrl":"https:\/\/www.batavialand.nl\/wp-content\/uploads\/batavialand-logo.svg","width":1030,"height":322,"caption":"Museum Batavialand"},"image":{"@id":"https:\/\/www.batavialand.nl\/de\/#\/schema\/logo\/image\/"}}]}},"_links":{"self":[{"href":"https:\/\/www.batavialand.nl\/de\/wp-json\/wp\/v2\/pages\/4203","targetHints":{"allow":["GET"]}}],"collection":[{"href":"https:\/\/www.batavialand.nl\/de\/wp-json\/wp\/v2\/pages"}],"about":[{"href":"https:\/\/www.batavialand.nl\/de\/wp-json\/wp\/v2\/types\/page"}],"author":[{"embeddable":true,"href":"https:\/\/www.batavialand.nl\/de\/wp-json\/wp\/v2\/users\/1"}],"replies":[{"embeddable":true,"href":"https:\/\/www.batavialand.nl\/de\/wp-json\/wp\/v2\/comments?post=4203"}],"version-history":[{"count":1,"href":"https:\/\/www.batavialand.nl\/de\/wp-json\/wp\/v2\/pages\/4203\/revisions"}],"predecessor-version":[{"id":4204,"href":"https:\/\/www.batavialand.nl\/de\/wp-json\/wp\/v2\/pages\/4203\/revisions\/4204"}],"wp:featuredmedia":[{"embeddable":true,"href":"https:\/\/www.batavialand.nl\/de\/wp-json\/wp\/v2\/media\/3492"}],"wp:attachment":[{"href":"https:\/\/www.batavialand.nl\/de\/wp-json\/wp\/v2\/media?parent=4203"}],"curies":[{"name":"wp","href":"https:\/\/api.w.org\/{rel}","templated":true}]}}