{"id":4205,"date":"2024-11-06T09:48:52","date_gmt":"2024-11-06T09:48:52","guid":{"rendered":"https:\/\/www.batavialand.nl\/wo-geschichte-und-handwerkskunst-lebendig-werden\/"},"modified":"2025-02-19T13:54:42","modified_gmt":"2025-02-19T13:54:42","slug":"werf","status":"publish","type":"page","link":"https:\/\/www.batavialand.nl\/de\/zien-en-doen\/werf\/","title":{"rendered":"Wo Geschichte und Handwerkskunst lebendig werden"},"content":{"rendered":"\n<p>Tritt ein in die Werft des Museums Batavialand, wo die Luft mit dem Geruch von Holz und dem Klang von H\u00e4mmern auf Eisen erf\u00fcllt ist. Hier kannst du die Energie jahrhundertealter Handwerkskunst sp\u00fcren, wenn die Schiffe wieder zum Leben erweckt werden. Zusammen mit einem leidenschaftlichen Team aus Handwerkern, Freiwilligen und Praktikanten erlebst du die Vergangenheit neu und erf\u00e4hrst, wie das Handwerk von fr\u00fcher die Geschichten von heute erz\u00e4hlt.  <\/p>\n\n<p><\/p>\n","protected":false},"excerpt":{"rendered":"<p>Tritt ein in die Werft des Museums Batavialand, wo die Luft mit dem Geruch von Holz und dem Klang von H\u00e4mmern auf Eisen erf\u00fcllt ist. Hier kannst du die Energie jahrhundertealter Handwerkskunst sp\u00fcren, wenn die Schiffe wieder zum Leben erweckt werden. Zusammen mit einem leidenschaftlichen Team aus Handwerkern, Freiwilligen und Praktikanten erlebst du die Vergangenheit [&hellip;]<\/p>\n","protected":false},"author":1,"featured_media":3404,"parent":4242,"menu_order":0,"comment_status":"closed","ping_status":"closed","template":"","meta":{"_acf_changed":false,"footnotes":""},"class_list":["post-4205","page","type-page","status-publish","has-post-thumbnail","hentry"],"acf":[],"yoast_head":"<!-- This site is optimized with the Yoast SEO plugin v27.4 - https:\/\/yoast.com\/product\/yoast-seo-wordpress\/ -->\n<title>Wo Geschichte und Handwerkskunst lebendig werden - Museum Batavialand<\/title>\n<meta name=\"description\" content=\"Entdecke alles in der Werft des Museum Batavialand: Handwerk, De Zeven Provinci\u00ebn und den Bau eines Wasserfahrzeugs aus dem 16. Hier wird Geschichte wirklich lebendig!\" \/>\n<meta name=\"robots\" content=\"index, follow, max-snippet:-1, max-image-preview:large, max-video-preview:-1\" \/>\n<link rel=\"canonical\" href=\"https:\/\/www.batavialand.nl\/de\/zien-en-doen\/werf\/\" \/>\n<meta property=\"og:locale\" content=\"de_DE\" \/>\n<meta property=\"og:type\" content=\"article\" \/>\n<meta property=\"og:title\" content=\"Wo Geschichte und Handwerkskunst lebendig werden - Museum Batavialand\" \/>\n<meta property=\"og:description\" content=\"Entdecke alles in der Werft des Museum Batavialand: Handwerk, De Zeven Provinci\u00ebn und den Bau eines Wasserfahrzeugs aus dem 16. Hier wird Geschichte wirklich lebendig!\" \/>\n<meta property=\"og:url\" content=\"https:\/\/www.batavialand.nl\/de\/zien-en-doen\/werf\/\" \/>\n<meta property=\"og:site_name\" content=\"Museum Batavialand\" \/>\n<meta property=\"article:modified_time\" content=\"2025-02-19T13:54:42+00:00\" \/>\n<meta property=\"og:image\" content=\"https:\/\/www.batavialand.nl\/wp-content\/uploads\/de-werf-waterschip-museum-batavialand-header.webp\" \/>\n\t<meta property=\"og:image:width\" content=\"2000\" \/>\n\t<meta property=\"og:image:height\" content=\"800\" \/>\n\t<meta property=\"og:image:type\" content=\"image\/webp\" \/>\n<meta name=\"twitter:card\" content=\"summary_large_image\" \/>\n<script type=\"application\/ld+json\" class=\"yoast-schema-graph\">{\"@context\":\"https:\\\/\\\/schema.org\",\"@graph\":[{\"@type\":\"WebPage\",\"@id\":\"https:\\\/\\\/www.batavialand.nl\\\/de\\\/zien-en-doen\\\/werf\\\/\",\"url\":\"https:\\\/\\\/www.batavialand.nl\\\/de\\\/zien-en-doen\\\/werf\\\/\",\"name\":\"Wo Geschichte und Handwerkskunst lebendig werden - Museum Batavialand\",\"isPartOf\":{\"@id\":\"https:\\\/\\\/www.batavialand.nl\\\/de\\\/#website\"},\"primaryImageOfPage\":{\"@id\":\"https:\\\/\\\/www.batavialand.nl\\\/de\\\/zien-en-doen\\\/werf\\\/#primaryimage\"},\"image\":{\"@id\":\"https:\\\/\\\/www.batavialand.nl\\\/de\\\/zien-en-doen\\\/werf\\\/#primaryimage\"},\"thumbnailUrl\":\"https:\\\/\\\/www.batavialand.nl\\\/wp-content\\\/uploads\\\/de-werf-waterschip-museum-batavialand-header.webp\",\"datePublished\":\"2024-11-06T09:48:52+00:00\",\"dateModified\":\"2025-02-19T13:54:42+00:00\",\"description\":\"Entdecke alles in der Werft des Museum Batavialand: Handwerk, De Zeven Provinci\u00ebn und den Bau eines Wasserfahrzeugs aus dem 16. Hier wird Geschichte wirklich lebendig!\",\"breadcrumb\":{\"@id\":\"https:\\\/\\\/www.batavialand.nl\\\/de\\\/zien-en-doen\\\/werf\\\/#breadcrumb\"},\"inLanguage\":\"de\",\"potentialAction\":[{\"@type\":\"ReadAction\",\"target\":[\"https:\\\/\\\/www.batavialand.nl\\\/de\\\/zien-en-doen\\\/werf\\\/\"]}]},{\"@type\":\"ImageObject\",\"inLanguage\":\"de\",\"@id\":\"https:\\\/\\\/www.batavialand.nl\\\/de\\\/zien-en-doen\\\/werf\\\/#primaryimage\",\"url\":\"https:\\\/\\\/www.batavialand.nl\\\/wp-content\\\/uploads\\\/de-werf-waterschip-museum-batavialand-header.webp\",\"contentUrl\":\"https:\\\/\\\/www.batavialand.nl\\\/wp-content\\\/uploads\\\/de-werf-waterschip-museum-batavialand-header.webp\",\"width\":2000,\"height\":800},{\"@type\":\"BreadcrumbList\",\"@id\":\"https:\\\/\\\/www.batavialand.nl\\\/de\\\/zien-en-doen\\\/werf\\\/#breadcrumb\",\"itemListElement\":[{\"@type\":\"ListItem\",\"position\":1,\"name\":\"Sehen und Erleben\",\"item\":\"https:\\\/\\\/www.batavialand.nl\\\/de\\\/zien-en-doen\\\/\"},{\"@type\":\"ListItem\",\"position\":2,\"name\":\"Die Werft\"}]},{\"@type\":\"WebSite\",\"@id\":\"https:\\\/\\\/www.batavialand.nl\\\/de\\\/#website\",\"url\":\"https:\\\/\\\/www.batavialand.nl\\\/de\\\/\",\"name\":\"Museum Batavialand\",\"description\":\"Batavialand, het museum van Flevoland in Lelystad.\",\"publisher\":{\"@id\":\"https:\\\/\\\/www.batavialand.nl\\\/de\\\/#organization\"},\"potentialAction\":[{\"@type\":\"SearchAction\",\"target\":{\"@type\":\"EntryPoint\",\"urlTemplate\":\"https:\\\/\\\/www.batavialand.nl\\\/de\\\/?s={search_term_string}\"},\"query-input\":{\"@type\":\"PropertyValueSpecification\",\"valueRequired\":true,\"valueName\":\"search_term_string\"}}],\"inLanguage\":\"de\"},{\"@type\":\"Organization\",\"@id\":\"https:\\\/\\\/www.batavialand.nl\\\/de\\\/#organization\",\"name\":\"Museum Batavialand\",\"url\":\"https:\\\/\\\/www.batavialand.nl\\\/de\\\/\",\"logo\":{\"@type\":\"ImageObject\",\"inLanguage\":\"de\",\"@id\":\"https:\\\/\\\/www.batavialand.nl\\\/de\\\/#\\\/schema\\\/logo\\\/image\\\/\",\"url\":\"https:\\\/\\\/www.batavialand.nl\\\/wp-content\\\/uploads\\\/batavialand-logo.svg\",\"contentUrl\":\"https:\\\/\\\/www.batavialand.nl\\\/wp-content\\\/uploads\\\/batavialand-logo.svg\",\"width\":1030,\"height\":322,\"caption\":\"Museum Batavialand\"},\"image\":{\"@id\":\"https:\\\/\\\/www.batavialand.nl\\\/de\\\/#\\\/schema\\\/logo\\\/image\\\/\"}}]}<\/script>\n<!-- \/ Yoast SEO plugin. -->","yoast_head_json":{"title":"Wo Geschichte und Handwerkskunst lebendig werden - Museum Batavialand","description":"Entdecke alles in der Werft des Museum Batavialand: Handwerk, De Zeven Provinci\u00ebn und den Bau eines Wasserfahrzeugs aus dem 16. Hier wird Geschichte wirklich lebendig!","robots":{"index":"index","follow":"follow","max-snippet":"max-snippet:-1","max-image-preview":"max-image-preview:large","max-video-preview":"max-video-preview:-1"},"canonical":"https:\/\/www.batavialand.nl\/de\/zien-en-doen\/werf\/","og_locale":"de_DE","og_type":"article","og_title":"Wo Geschichte und Handwerkskunst lebendig werden - Museum Batavialand","og_description":"Entdecke alles in der Werft des Museum Batavialand: Handwerk, De Zeven Provinci\u00ebn und den Bau eines Wasserfahrzeugs aus dem 16. Hier wird Geschichte wirklich lebendig!","og_url":"https:\/\/www.batavialand.nl\/de\/zien-en-doen\/werf\/","og_site_name":"Museum Batavialand","article_modified_time":"2025-02-19T13:54:42+00:00","og_image":[{"width":2000,"height":800,"url":"https:\/\/www.batavialand.nl\/wp-content\/uploads\/de-werf-waterschip-museum-batavialand-header.webp","type":"image\/webp"}],"twitter_card":"summary_large_image","schema":{"@context":"https:\/\/schema.org","@graph":[{"@type":"WebPage","@id":"https:\/\/www.batavialand.nl\/de\/zien-en-doen\/werf\/","url":"https:\/\/www.batavialand.nl\/de\/zien-en-doen\/werf\/","name":"Wo Geschichte und Handwerkskunst lebendig werden - Museum Batavialand","isPartOf":{"@id":"https:\/\/www.batavialand.nl\/de\/#website"},"primaryImageOfPage":{"@id":"https:\/\/www.batavialand.nl\/de\/zien-en-doen\/werf\/#primaryimage"},"image":{"@id":"https:\/\/www.batavialand.nl\/de\/zien-en-doen\/werf\/#primaryimage"},"thumbnailUrl":"https:\/\/www.batavialand.nl\/wp-content\/uploads\/de-werf-waterschip-museum-batavialand-header.webp","datePublished":"2024-11-06T09:48:52+00:00","dateModified":"2025-02-19T13:54:42+00:00","description":"Entdecke alles in der Werft des Museum Batavialand: Handwerk, De Zeven Provinci\u00ebn und den Bau eines Wasserfahrzeugs aus dem 16. Hier wird Geschichte wirklich lebendig!","breadcrumb":{"@id":"https:\/\/www.batavialand.nl\/de\/zien-en-doen\/werf\/#breadcrumb"},"inLanguage":"de","potentialAction":[{"@type":"ReadAction","target":["https:\/\/www.batavialand.nl\/de\/zien-en-doen\/werf\/"]}]},{"@type":"ImageObject","inLanguage":"de","@id":"https:\/\/www.batavialand.nl\/de\/zien-en-doen\/werf\/#primaryimage","url":"https:\/\/www.batavialand.nl\/wp-content\/uploads\/de-werf-waterschip-museum-batavialand-header.webp","contentUrl":"https:\/\/www.batavialand.nl\/wp-content\/uploads\/de-werf-waterschip-museum-batavialand-header.webp","width":2000,"height":800},{"@type":"BreadcrumbList","@id":"https:\/\/www.batavialand.nl\/de\/zien-en-doen\/werf\/#breadcrumb","itemListElement":[{"@type":"ListItem","position":1,"name":"Sehen und Erleben","item":"https:\/\/www.batavialand.nl\/de\/zien-en-doen\/"},{"@type":"ListItem","position":2,"name":"Die Werft"}]},{"@type":"WebSite","@id":"https:\/\/www.batavialand.nl\/de\/#website","url":"https:\/\/www.batavialand.nl\/de\/","name":"Museum Batavialand","description":"Batavialand, het museum van Flevoland in Lelystad.","publisher":{"@id":"https:\/\/www.batavialand.nl\/de\/#organization"},"potentialAction":[{"@type":"SearchAction","target":{"@type":"EntryPoint","urlTemplate":"https:\/\/www.batavialand.nl\/de\/?s={search_term_string}"},"query-input":{"@type":"PropertyValueSpecification","valueRequired":true,"valueName":"search_term_string"}}],"inLanguage":"de"},{"@type":"Organization","@id":"https:\/\/www.batavialand.nl\/de\/#organization","name":"Museum Batavialand","url":"https:\/\/www.batavialand.nl\/de\/","logo":{"@type":"ImageObject","inLanguage":"de","@id":"https:\/\/www.batavialand.nl\/de\/#\/schema\/logo\/image\/","url":"https:\/\/www.batavialand.nl\/wp-content\/uploads\/batavialand-logo.svg","contentUrl":"https:\/\/www.batavialand.nl\/wp-content\/uploads\/batavialand-logo.svg","width":1030,"height":322,"caption":"Museum Batavialand"},"image":{"@id":"https:\/\/www.batavialand.nl\/de\/#\/schema\/logo\/image\/"}}]}},"_links":{"self":[{"href":"https:\/\/www.batavialand.nl\/de\/wp-json\/wp\/v2\/pages\/4205","targetHints":{"allow":["GET"]}}],"collection":[{"href":"https:\/\/www.batavialand.nl\/de\/wp-json\/wp\/v2\/pages"}],"about":[{"href":"https:\/\/www.batavialand.nl\/de\/wp-json\/wp\/v2\/types\/page"}],"author":[{"embeddable":true,"href":"https:\/\/www.batavialand.nl\/de\/wp-json\/wp\/v2\/users\/1"}],"replies":[{"embeddable":true,"href":"https:\/\/www.batavialand.nl\/de\/wp-json\/wp\/v2\/comments?post=4205"}],"version-history":[{"count":1,"href":"https:\/\/www.batavialand.nl\/de\/wp-json\/wp\/v2\/pages\/4205\/revisions"}],"predecessor-version":[{"id":4207,"href":"https:\/\/www.batavialand.nl\/de\/wp-json\/wp\/v2\/pages\/4205\/revisions\/4207"}],"up":[{"embeddable":true,"href":"https:\/\/www.batavialand.nl\/de\/wp-json\/wp\/v2\/pages\/4242"}],"wp:featuredmedia":[{"embeddable":true,"href":"https:\/\/www.batavialand.nl\/de\/wp-json\/wp\/v2\/media\/3404"}],"wp:attachment":[{"href":"https:\/\/www.batavialand.nl\/de\/wp-json\/wp\/v2\/media?parent=4205"}],"curies":[{"name":"wp","href":"https:\/\/api.w.org\/{rel}","templated":true}]}}