{"id":4211,"date":"2024-11-06T09:49:31","date_gmt":"2024-11-06T09:49:31","guid":{"rendered":"https:\/\/www.batavialand.nl\/museumsshop-des-museums-batavialand\/"},"modified":"2026-02-02T15:20:46","modified_gmt":"2026-02-02T15:20:46","slug":"museumwinkel","status":"publish","type":"page","link":"https:\/\/www.batavialand.nl\/de\/zien-en-doen\/museumwinkel\/","title":{"rendered":"Museumsshop des Museums Batavialand"},"content":{"rendered":"\n<h2 class=\"wp-block-heading\">Einzigartige Souvenirs entdecken<\/h2>\n\n<p>Im Museumsshop des Museum Batavialand findest du besondere Produkte, die zu den Geschichten des Museum Batavialand passen. Von maritimen Geschenken bis hin zu lustigen Erinnerungen an deinen Besuch: Es ist f\u00fcr jeden etwas Besonderes dabei. Au\u00dferdem unterst\u00fctzt du mit deinem Kauf das Museum.  <\/p>\n\n<h3 class=\"wp-block-heading\">Nachhaltig und verantwortungsvoll<\/h3>\n\n<p>Viele unserer Produkte sind nachhaltig hergestellt und von den Handwerken des Museums inspiriert. So nimmst du nicht nur ein sch\u00f6nes Souvenir mit nach Hause, sondern hilfst auch, die Geschichte lebendig zu halten. <\/p>\n\n<h3 class=\"wp-block-heading\">F\u00fcr Jung und Alt<\/h3>\n\n<p>Der Laden hat f\u00fcr jeden etwas zu bieten. Kinder finden Spielzeugboote und Puzzles, w\u00e4hrend Erwachsene Bootsdekorationen oder ein originelles Geschenk ausw\u00e4hlen k\u00f6nnen. Perfekt, um sich selbst oder jemand anderem eine Freude zu machen!  <\/p>\n\n<h3 class=\"wp-block-heading\">Praktische Informationen<\/h3>\n\n<p>Der Museumsshop ist frei zug\u00e4nglich, auch ohne Eintrittskarte f\u00fcr das Museum. Du kannst bei uns nur Debitkarten benutzen. <\/p>\n\n<p>Sie k\u00f6nnen es nicht erwarten, uns zu besuchen? Unser Partner <strong>Musarte<\/strong> bietet Ihnen online ein sch\u00f6nes gerahmtes Poster der Batavia an. <\/p>\n\n<div class=\"wp-block-buttons is-layout-flex wp-block-buttons-is-layout-flex\">\n<div class=\"wp-block-button\"><a class=\"wp-block-button__link wp-element-button\" href=\"https:\/\/musarte.nl\/products\/voc-schip-batavia-onder-zeil-replica-2007?_pos=1&amp;_sid=1705b3ed1&amp;_ss=r\">Das Poster ansehen<\/a><\/div>\n<\/div>\n\n<p><\/p>\n","protected":false},"excerpt":{"rendered":"<p>Einzigartige Souvenirs entdecken Im Museumsshop des Museum Batavialand findest du besondere Produkte, die zu den Geschichten des Museum Batavialand passen. Von maritimen Geschenken bis hin zu lustigen Erinnerungen an deinen Besuch: Es ist f\u00fcr jeden etwas Besonderes dabei. Au\u00dferdem unterst\u00fctzt du mit deinem Kauf das Museum. Nachhaltig und verantwortungsvoll Viele unserer Produkte sind nachhaltig hergestellt [&hellip;]<\/p>\n","protected":false},"author":1,"featured_media":3408,"parent":4242,"menu_order":0,"comment_status":"closed","ping_status":"closed","template":"","meta":{"_acf_changed":false,"footnotes":""},"class_list":["post-4211","page","type-page","status-publish","has-post-thumbnail","hentry"],"acf":[],"yoast_head":"<!-- This site is optimized with the Yoast SEO plugin v27.4 - https:\/\/yoast.com\/product\/yoast-seo-wordpress\/ -->\n<title>Museumsshop des Museums Batavialand - Museum Batavialand<\/title>\n<meta name=\"description\" content=\"Im Museumsshop des Museum Batavialand findest du einzigartige, nachhaltige Souvenirs. Frei zug\u00e4nglich und f\u00fcr Jung und Alt!\" \/>\n<meta name=\"robots\" content=\"index, follow, max-snippet:-1, max-image-preview:large, max-video-preview:-1\" \/>\n<link rel=\"canonical\" href=\"https:\/\/www.batavialand.nl\/de\/zien-en-doen\/museumwinkel\/\" \/>\n<meta property=\"og:locale\" content=\"de_DE\" \/>\n<meta property=\"og:type\" content=\"article\" \/>\n<meta property=\"og:title\" content=\"Museumsshop des Museums Batavialand - Museum Batavialand\" \/>\n<meta property=\"og:description\" content=\"Im Museumsshop des Museum Batavialand findest du einzigartige, nachhaltige Souvenirs. Frei zug\u00e4nglich und f\u00fcr Jung und Alt!\" \/>\n<meta property=\"og:url\" content=\"https:\/\/www.batavialand.nl\/de\/zien-en-doen\/museumwinkel\/\" \/>\n<meta property=\"og:site_name\" content=\"Museum Batavialand\" \/>\n<meta property=\"article:modified_time\" content=\"2026-02-02T15:20:46+00:00\" \/>\n<meta property=\"og:image\" content=\"https:\/\/www.batavialand.nl\/wp-content\/uploads\/museumwinkel-batavialand-header.webp\" \/>\n\t<meta property=\"og:image:width\" content=\"2000\" \/>\n\t<meta property=\"og:image:height\" content=\"800\" \/>\n\t<meta property=\"og:image:type\" content=\"image\/webp\" \/>\n<meta name=\"twitter:card\" content=\"summary_large_image\" \/>\n<meta name=\"twitter:label1\" content=\"Gesch\u00e4tzte Lesezeit\" \/>\n\t<meta name=\"twitter:data1\" content=\"1\u00a0Minute\" \/>\n<script type=\"application\/ld+json\" class=\"yoast-schema-graph\">{\"@context\":\"https:\\\/\\\/schema.org\",\"@graph\":[{\"@type\":\"WebPage\",\"@id\":\"https:\\\/\\\/www.batavialand.nl\\\/de\\\/zien-en-doen\\\/museumwinkel\\\/\",\"url\":\"https:\\\/\\\/www.batavialand.nl\\\/de\\\/zien-en-doen\\\/museumwinkel\\\/\",\"name\":\"Museumsshop des Museums Batavialand - Museum Batavialand\",\"isPartOf\":{\"@id\":\"https:\\\/\\\/www.batavialand.nl\\\/de\\\/#website\"},\"primaryImageOfPage\":{\"@id\":\"https:\\\/\\\/www.batavialand.nl\\\/de\\\/zien-en-doen\\\/museumwinkel\\\/#primaryimage\"},\"image\":{\"@id\":\"https:\\\/\\\/www.batavialand.nl\\\/de\\\/zien-en-doen\\\/museumwinkel\\\/#primaryimage\"},\"thumbnailUrl\":\"https:\\\/\\\/www.batavialand.nl\\\/wp-content\\\/uploads\\\/museumwinkel-batavialand-header.webp\",\"datePublished\":\"2024-11-06T09:49:31+00:00\",\"dateModified\":\"2026-02-02T15:20:46+00:00\",\"description\":\"Im Museumsshop des Museum Batavialand findest du einzigartige, nachhaltige Souvenirs. Frei zug\u00e4nglich und f\u00fcr Jung und Alt!\",\"breadcrumb\":{\"@id\":\"https:\\\/\\\/www.batavialand.nl\\\/de\\\/zien-en-doen\\\/museumwinkel\\\/#breadcrumb\"},\"inLanguage\":\"de\",\"potentialAction\":[{\"@type\":\"ReadAction\",\"target\":[\"https:\\\/\\\/www.batavialand.nl\\\/de\\\/zien-en-doen\\\/museumwinkel\\\/\"]}]},{\"@type\":\"ImageObject\",\"inLanguage\":\"de\",\"@id\":\"https:\\\/\\\/www.batavialand.nl\\\/de\\\/zien-en-doen\\\/museumwinkel\\\/#primaryimage\",\"url\":\"https:\\\/\\\/www.batavialand.nl\\\/wp-content\\\/uploads\\\/museumwinkel-batavialand-header.webp\",\"contentUrl\":\"https:\\\/\\\/www.batavialand.nl\\\/wp-content\\\/uploads\\\/museumwinkel-batavialand-header.webp\",\"width\":2000,\"height\":800},{\"@type\":\"BreadcrumbList\",\"@id\":\"https:\\\/\\\/www.batavialand.nl\\\/de\\\/zien-en-doen\\\/museumwinkel\\\/#breadcrumb\",\"itemListElement\":[{\"@type\":\"ListItem\",\"position\":1,\"name\":\"Sehen und Erleben\",\"item\":\"https:\\\/\\\/www.batavialand.nl\\\/de\\\/zien-en-doen\\\/\"},{\"@type\":\"ListItem\",\"position\":2,\"name\":\"Museumsshop\"}]},{\"@type\":\"WebSite\",\"@id\":\"https:\\\/\\\/www.batavialand.nl\\\/de\\\/#website\",\"url\":\"https:\\\/\\\/www.batavialand.nl\\\/de\\\/\",\"name\":\"Museum Batavialand\",\"description\":\"Batavialand, het museum van Flevoland in Lelystad.\",\"publisher\":{\"@id\":\"https:\\\/\\\/www.batavialand.nl\\\/de\\\/#organization\"},\"potentialAction\":[{\"@type\":\"SearchAction\",\"target\":{\"@type\":\"EntryPoint\",\"urlTemplate\":\"https:\\\/\\\/www.batavialand.nl\\\/de\\\/?s={search_term_string}\"},\"query-input\":{\"@type\":\"PropertyValueSpecification\",\"valueRequired\":true,\"valueName\":\"search_term_string\"}}],\"inLanguage\":\"de\"},{\"@type\":\"Organization\",\"@id\":\"https:\\\/\\\/www.batavialand.nl\\\/de\\\/#organization\",\"name\":\"Museum Batavialand\",\"url\":\"https:\\\/\\\/www.batavialand.nl\\\/de\\\/\",\"logo\":{\"@type\":\"ImageObject\",\"inLanguage\":\"de\",\"@id\":\"https:\\\/\\\/www.batavialand.nl\\\/de\\\/#\\\/schema\\\/logo\\\/image\\\/\",\"url\":\"https:\\\/\\\/www.batavialand.nl\\\/wp-content\\\/uploads\\\/batavialand-logo.svg\",\"contentUrl\":\"https:\\\/\\\/www.batavialand.nl\\\/wp-content\\\/uploads\\\/batavialand-logo.svg\",\"width\":1030,\"height\":322,\"caption\":\"Museum Batavialand\"},\"image\":{\"@id\":\"https:\\\/\\\/www.batavialand.nl\\\/de\\\/#\\\/schema\\\/logo\\\/image\\\/\"}}]}<\/script>\n<!-- \/ Yoast SEO plugin. -->","yoast_head_json":{"title":"Museumsshop des Museums Batavialand - Museum Batavialand","description":"Im Museumsshop des Museum Batavialand findest du einzigartige, nachhaltige Souvenirs. Frei zug\u00e4nglich und f\u00fcr Jung und Alt!","robots":{"index":"index","follow":"follow","max-snippet":"max-snippet:-1","max-image-preview":"max-image-preview:large","max-video-preview":"max-video-preview:-1"},"canonical":"https:\/\/www.batavialand.nl\/de\/zien-en-doen\/museumwinkel\/","og_locale":"de_DE","og_type":"article","og_title":"Museumsshop des Museums Batavialand - Museum Batavialand","og_description":"Im Museumsshop des Museum Batavialand findest du einzigartige, nachhaltige Souvenirs. Frei zug\u00e4nglich und f\u00fcr Jung und Alt!","og_url":"https:\/\/www.batavialand.nl\/de\/zien-en-doen\/museumwinkel\/","og_site_name":"Museum Batavialand","article_modified_time":"2026-02-02T15:20:46+00:00","og_image":[{"width":2000,"height":800,"url":"https:\/\/www.batavialand.nl\/wp-content\/uploads\/museumwinkel-batavialand-header.webp","type":"image\/webp"}],"twitter_card":"summary_large_image","twitter_misc":{"Gesch\u00e4tzte Lesezeit":"1\u00a0Minute"},"schema":{"@context":"https:\/\/schema.org","@graph":[{"@type":"WebPage","@id":"https:\/\/www.batavialand.nl\/de\/zien-en-doen\/museumwinkel\/","url":"https:\/\/www.batavialand.nl\/de\/zien-en-doen\/museumwinkel\/","name":"Museumsshop des Museums Batavialand - Museum Batavialand","isPartOf":{"@id":"https:\/\/www.batavialand.nl\/de\/#website"},"primaryImageOfPage":{"@id":"https:\/\/www.batavialand.nl\/de\/zien-en-doen\/museumwinkel\/#primaryimage"},"image":{"@id":"https:\/\/www.batavialand.nl\/de\/zien-en-doen\/museumwinkel\/#primaryimage"},"thumbnailUrl":"https:\/\/www.batavialand.nl\/wp-content\/uploads\/museumwinkel-batavialand-header.webp","datePublished":"2024-11-06T09:49:31+00:00","dateModified":"2026-02-02T15:20:46+00:00","description":"Im Museumsshop des Museum Batavialand findest du einzigartige, nachhaltige Souvenirs. Frei zug\u00e4nglich und f\u00fcr Jung und Alt!","breadcrumb":{"@id":"https:\/\/www.batavialand.nl\/de\/zien-en-doen\/museumwinkel\/#breadcrumb"},"inLanguage":"de","potentialAction":[{"@type":"ReadAction","target":["https:\/\/www.batavialand.nl\/de\/zien-en-doen\/museumwinkel\/"]}]},{"@type":"ImageObject","inLanguage":"de","@id":"https:\/\/www.batavialand.nl\/de\/zien-en-doen\/museumwinkel\/#primaryimage","url":"https:\/\/www.batavialand.nl\/wp-content\/uploads\/museumwinkel-batavialand-header.webp","contentUrl":"https:\/\/www.batavialand.nl\/wp-content\/uploads\/museumwinkel-batavialand-header.webp","width":2000,"height":800},{"@type":"BreadcrumbList","@id":"https:\/\/www.batavialand.nl\/de\/zien-en-doen\/museumwinkel\/#breadcrumb","itemListElement":[{"@type":"ListItem","position":1,"name":"Sehen und Erleben","item":"https:\/\/www.batavialand.nl\/de\/zien-en-doen\/"},{"@type":"ListItem","position":2,"name":"Museumsshop"}]},{"@type":"WebSite","@id":"https:\/\/www.batavialand.nl\/de\/#website","url":"https:\/\/www.batavialand.nl\/de\/","name":"Museum Batavialand","description":"Batavialand, het museum van Flevoland in Lelystad.","publisher":{"@id":"https:\/\/www.batavialand.nl\/de\/#organization"},"potentialAction":[{"@type":"SearchAction","target":{"@type":"EntryPoint","urlTemplate":"https:\/\/www.batavialand.nl\/de\/?s={search_term_string}"},"query-input":{"@type":"PropertyValueSpecification","valueRequired":true,"valueName":"search_term_string"}}],"inLanguage":"de"},{"@type":"Organization","@id":"https:\/\/www.batavialand.nl\/de\/#organization","name":"Museum Batavialand","url":"https:\/\/www.batavialand.nl\/de\/","logo":{"@type":"ImageObject","inLanguage":"de","@id":"https:\/\/www.batavialand.nl\/de\/#\/schema\/logo\/image\/","url":"https:\/\/www.batavialand.nl\/wp-content\/uploads\/batavialand-logo.svg","contentUrl":"https:\/\/www.batavialand.nl\/wp-content\/uploads\/batavialand-logo.svg","width":1030,"height":322,"caption":"Museum Batavialand"},"image":{"@id":"https:\/\/www.batavialand.nl\/de\/#\/schema\/logo\/image\/"}}]}},"_links":{"self":[{"href":"https:\/\/www.batavialand.nl\/de\/wp-json\/wp\/v2\/pages\/4211","targetHints":{"allow":["GET"]}}],"collection":[{"href":"https:\/\/www.batavialand.nl\/de\/wp-json\/wp\/v2\/pages"}],"about":[{"href":"https:\/\/www.batavialand.nl\/de\/wp-json\/wp\/v2\/types\/page"}],"author":[{"embeddable":true,"href":"https:\/\/www.batavialand.nl\/de\/wp-json\/wp\/v2\/users\/1"}],"replies":[{"embeddable":true,"href":"https:\/\/www.batavialand.nl\/de\/wp-json\/wp\/v2\/comments?post=4211"}],"version-history":[{"count":2,"href":"https:\/\/www.batavialand.nl\/de\/wp-json\/wp\/v2\/pages\/4211\/revisions"}],"predecessor-version":[{"id":7237,"href":"https:\/\/www.batavialand.nl\/de\/wp-json\/wp\/v2\/pages\/4211\/revisions\/7237"}],"up":[{"embeddable":true,"href":"https:\/\/www.batavialand.nl\/de\/wp-json\/wp\/v2\/pages\/4242"}],"wp:featuredmedia":[{"embeddable":true,"href":"https:\/\/www.batavialand.nl\/de\/wp-json\/wp\/v2\/media\/3408"}],"wp:attachment":[{"href":"https:\/\/www.batavialand.nl\/de\/wp-json\/wp\/v2\/media?parent=4211"}],"curies":[{"name":"wp","href":"https:\/\/api.w.org\/{rel}","templated":true}]}}