{"id":4222,"date":"2024-11-06T09:53:34","date_gmt":"2024-11-06T09:53:34","guid":{"rendered":"https:\/\/www.batavialand.nl\/willkommen-im-museum-batavialand\/zugriff-auf\/"},"modified":"2025-02-19T13:54:32","modified_gmt":"2025-02-19T13:54:32","slug":"toegankelijkheid","status":"publish","type":"page","link":"https:\/\/www.batavialand.nl\/de\/plan-je-bezoek\/toegankelijkheid\/","title":{"rendered":"Zugriff auf"},"content":{"rendered":"\n<p>Das Museum Batavialand m\u00f6chte, dass jeder die Geschichten, die du bei uns entdecken kannst, genie\u00dfen kann. Deshalb bieten wir so viel Zug\u00e4nglichkeit und praktische Einrichtungen wie m\u00f6glich, damit auch Besucher mit Mobilit\u00e4ts- oder Rollstuhleinschr\u00e4nkungen einen unbeschwerten Tag erleben k\u00f6nnen. <\/p>\n\n<p><\/p>\n","protected":false},"excerpt":{"rendered":"<p>Das Museum Batavialand m\u00f6chte, dass jeder die Geschichten, die du bei uns entdecken kannst, genie\u00dfen kann. Deshalb bieten wir so viel Zug\u00e4nglichkeit und praktische Einrichtungen wie m\u00f6glich, damit auch Besucher mit Mobilit\u00e4ts- oder Rollstuhleinschr\u00e4nkungen einen unbeschwerten Tag erleben k\u00f6nnen.<\/p>\n","protected":false},"author":1,"featured_media":3875,"parent":4203,"menu_order":5,"comment_status":"closed","ping_status":"closed","template":"","meta":{"_acf_changed":false,"footnotes":""},"class_list":["post-4222","page","type-page","status-publish","has-post-thumbnail","hentry"],"acf":[],"yoast_head":"<!-- This site is optimized with the Yoast SEO plugin v27.4 - https:\/\/yoast.com\/product\/yoast-seo-wordpress\/ -->\n<title>Zugriff auf - Museum Batavialand<\/title>\n<meta name=\"description\" content=\"Das Museum Batavialand ist gr\u00f6\u00dftenteils rollstuhlgerecht, der Eintritt f\u00fcr Begleitpersonen ist frei und Assistenzhunde sind willkommen.\" \/>\n<meta name=\"robots\" content=\"index, follow, max-snippet:-1, max-image-preview:large, max-video-preview:-1\" \/>\n<link rel=\"canonical\" href=\"https:\/\/www.batavialand.nl\/de\/plan-je-bezoek\/toegankelijkheid\/\" \/>\n<meta property=\"og:locale\" content=\"de_DE\" \/>\n<meta property=\"og:type\" content=\"article\" \/>\n<meta property=\"og:title\" content=\"Zugriff auf - Museum Batavialand\" \/>\n<meta property=\"og:description\" content=\"Das Museum Batavialand ist gr\u00f6\u00dftenteils rollstuhlgerecht, der Eintritt f\u00fcr Begleitpersonen ist frei und Assistenzhunde sind willkommen.\" \/>\n<meta property=\"og:url\" content=\"https:\/\/www.batavialand.nl\/de\/plan-je-bezoek\/toegankelijkheid\/\" \/>\n<meta property=\"og:site_name\" content=\"Museum Batavialand\" \/>\n<meta property=\"article:modified_time\" content=\"2025-02-19T13:54:32+00:00\" \/>\n<meta property=\"og:image\" content=\"https:\/\/www.batavialand.nl\/wp-content\/uploads\/schip-batavia-schemerlicht-museum-batavialand.webp\" \/>\n\t<meta property=\"og:image:width\" content=\"1024\" \/>\n\t<meta property=\"og:image:height\" content=\"678\" \/>\n\t<meta property=\"og:image:type\" content=\"image\/webp\" \/>\n<meta name=\"twitter:card\" content=\"summary_large_image\" \/>\n<script type=\"application\/ld+json\" class=\"yoast-schema-graph\">{\"@context\":\"https:\\\/\\\/schema.org\",\"@graph\":[{\"@type\":\"WebPage\",\"@id\":\"https:\\\/\\\/www.batavialand.nl\\\/de\\\/plan-je-bezoek\\\/toegankelijkheid\\\/\",\"url\":\"https:\\\/\\\/www.batavialand.nl\\\/de\\\/plan-je-bezoek\\\/toegankelijkheid\\\/\",\"name\":\"Zugriff auf - Museum Batavialand\",\"isPartOf\":{\"@id\":\"https:\\\/\\\/www.batavialand.nl\\\/de\\\/#website\"},\"primaryImageOfPage\":{\"@id\":\"https:\\\/\\\/www.batavialand.nl\\\/de\\\/plan-je-bezoek\\\/toegankelijkheid\\\/#primaryimage\"},\"image\":{\"@id\":\"https:\\\/\\\/www.batavialand.nl\\\/de\\\/plan-je-bezoek\\\/toegankelijkheid\\\/#primaryimage\"},\"thumbnailUrl\":\"https:\\\/\\\/www.batavialand.nl\\\/wp-content\\\/uploads\\\/schip-batavia-schemerlicht-museum-batavialand.webp\",\"datePublished\":\"2024-11-06T09:53:34+00:00\",\"dateModified\":\"2025-02-19T13:54:32+00:00\",\"description\":\"Das Museum Batavialand ist gr\u00f6\u00dftenteils rollstuhlgerecht, der Eintritt f\u00fcr Begleitpersonen ist frei und Assistenzhunde sind willkommen.\",\"breadcrumb\":{\"@id\":\"https:\\\/\\\/www.batavialand.nl\\\/de\\\/plan-je-bezoek\\\/toegankelijkheid\\\/#breadcrumb\"},\"inLanguage\":\"de\",\"potentialAction\":[{\"@type\":\"ReadAction\",\"target\":[\"https:\\\/\\\/www.batavialand.nl\\\/de\\\/plan-je-bezoek\\\/toegankelijkheid\\\/\"]}]},{\"@type\":\"ImageObject\",\"inLanguage\":\"de\",\"@id\":\"https:\\\/\\\/www.batavialand.nl\\\/de\\\/plan-je-bezoek\\\/toegankelijkheid\\\/#primaryimage\",\"url\":\"https:\\\/\\\/www.batavialand.nl\\\/wp-content\\\/uploads\\\/schip-batavia-schemerlicht-museum-batavialand.webp\",\"contentUrl\":\"https:\\\/\\\/www.batavialand.nl\\\/wp-content\\\/uploads\\\/schip-batavia-schemerlicht-museum-batavialand.webp\",\"width\":1024,\"height\":678},{\"@type\":\"BreadcrumbList\",\"@id\":\"https:\\\/\\\/www.batavialand.nl\\\/de\\\/plan-je-bezoek\\\/toegankelijkheid\\\/#breadcrumb\",\"itemListElement\":[{\"@type\":\"ListItem\",\"position\":1,\"name\":\"Besuch Planen\",\"item\":\"https:\\\/\\\/www.batavialand.nl\\\/de\\\/plan-je-bezoek\\\/\"},{\"@type\":\"ListItem\",\"position\":2,\"name\":\"Zugriff auf\"}]},{\"@type\":\"WebSite\",\"@id\":\"https:\\\/\\\/www.batavialand.nl\\\/de\\\/#website\",\"url\":\"https:\\\/\\\/www.batavialand.nl\\\/de\\\/\",\"name\":\"Museum Batavialand\",\"description\":\"Batavialand, het museum van Flevoland in Lelystad.\",\"publisher\":{\"@id\":\"https:\\\/\\\/www.batavialand.nl\\\/de\\\/#organization\"},\"potentialAction\":[{\"@type\":\"SearchAction\",\"target\":{\"@type\":\"EntryPoint\",\"urlTemplate\":\"https:\\\/\\\/www.batavialand.nl\\\/de\\\/?s={search_term_string}\"},\"query-input\":{\"@type\":\"PropertyValueSpecification\",\"valueRequired\":true,\"valueName\":\"search_term_string\"}}],\"inLanguage\":\"de\"},{\"@type\":\"Organization\",\"@id\":\"https:\\\/\\\/www.batavialand.nl\\\/de\\\/#organization\",\"name\":\"Museum Batavialand\",\"url\":\"https:\\\/\\\/www.batavialand.nl\\\/de\\\/\",\"logo\":{\"@type\":\"ImageObject\",\"inLanguage\":\"de\",\"@id\":\"https:\\\/\\\/www.batavialand.nl\\\/de\\\/#\\\/schema\\\/logo\\\/image\\\/\",\"url\":\"https:\\\/\\\/www.batavialand.nl\\\/wp-content\\\/uploads\\\/batavialand-logo.svg\",\"contentUrl\":\"https:\\\/\\\/www.batavialand.nl\\\/wp-content\\\/uploads\\\/batavialand-logo.svg\",\"width\":1030,\"height\":322,\"caption\":\"Museum Batavialand\"},\"image\":{\"@id\":\"https:\\\/\\\/www.batavialand.nl\\\/de\\\/#\\\/schema\\\/logo\\\/image\\\/\"}}]}<\/script>\n<!-- \/ Yoast SEO plugin. -->","yoast_head_json":{"title":"Zugriff auf - Museum Batavialand","description":"Das Museum Batavialand ist gr\u00f6\u00dftenteils rollstuhlgerecht, der Eintritt f\u00fcr Begleitpersonen ist frei und Assistenzhunde sind willkommen.","robots":{"index":"index","follow":"follow","max-snippet":"max-snippet:-1","max-image-preview":"max-image-preview:large","max-video-preview":"max-video-preview:-1"},"canonical":"https:\/\/www.batavialand.nl\/de\/plan-je-bezoek\/toegankelijkheid\/","og_locale":"de_DE","og_type":"article","og_title":"Zugriff auf - Museum Batavialand","og_description":"Das Museum Batavialand ist gr\u00f6\u00dftenteils rollstuhlgerecht, der Eintritt f\u00fcr Begleitpersonen ist frei und Assistenzhunde sind willkommen.","og_url":"https:\/\/www.batavialand.nl\/de\/plan-je-bezoek\/toegankelijkheid\/","og_site_name":"Museum Batavialand","article_modified_time":"2025-02-19T13:54:32+00:00","og_image":[{"width":1024,"height":678,"url":"https:\/\/www.batavialand.nl\/wp-content\/uploads\/schip-batavia-schemerlicht-museum-batavialand.webp","type":"image\/webp"}],"twitter_card":"summary_large_image","schema":{"@context":"https:\/\/schema.org","@graph":[{"@type":"WebPage","@id":"https:\/\/www.batavialand.nl\/de\/plan-je-bezoek\/toegankelijkheid\/","url":"https:\/\/www.batavialand.nl\/de\/plan-je-bezoek\/toegankelijkheid\/","name":"Zugriff auf - Museum Batavialand","isPartOf":{"@id":"https:\/\/www.batavialand.nl\/de\/#website"},"primaryImageOfPage":{"@id":"https:\/\/www.batavialand.nl\/de\/plan-je-bezoek\/toegankelijkheid\/#primaryimage"},"image":{"@id":"https:\/\/www.batavialand.nl\/de\/plan-je-bezoek\/toegankelijkheid\/#primaryimage"},"thumbnailUrl":"https:\/\/www.batavialand.nl\/wp-content\/uploads\/schip-batavia-schemerlicht-museum-batavialand.webp","datePublished":"2024-11-06T09:53:34+00:00","dateModified":"2025-02-19T13:54:32+00:00","description":"Das Museum Batavialand ist gr\u00f6\u00dftenteils rollstuhlgerecht, der Eintritt f\u00fcr Begleitpersonen ist frei und Assistenzhunde sind willkommen.","breadcrumb":{"@id":"https:\/\/www.batavialand.nl\/de\/plan-je-bezoek\/toegankelijkheid\/#breadcrumb"},"inLanguage":"de","potentialAction":[{"@type":"ReadAction","target":["https:\/\/www.batavialand.nl\/de\/plan-je-bezoek\/toegankelijkheid\/"]}]},{"@type":"ImageObject","inLanguage":"de","@id":"https:\/\/www.batavialand.nl\/de\/plan-je-bezoek\/toegankelijkheid\/#primaryimage","url":"https:\/\/www.batavialand.nl\/wp-content\/uploads\/schip-batavia-schemerlicht-museum-batavialand.webp","contentUrl":"https:\/\/www.batavialand.nl\/wp-content\/uploads\/schip-batavia-schemerlicht-museum-batavialand.webp","width":1024,"height":678},{"@type":"BreadcrumbList","@id":"https:\/\/www.batavialand.nl\/de\/plan-je-bezoek\/toegankelijkheid\/#breadcrumb","itemListElement":[{"@type":"ListItem","position":1,"name":"Besuch Planen","item":"https:\/\/www.batavialand.nl\/de\/plan-je-bezoek\/"},{"@type":"ListItem","position":2,"name":"Zugriff auf"}]},{"@type":"WebSite","@id":"https:\/\/www.batavialand.nl\/de\/#website","url":"https:\/\/www.batavialand.nl\/de\/","name":"Museum Batavialand","description":"Batavialand, het museum van Flevoland in Lelystad.","publisher":{"@id":"https:\/\/www.batavialand.nl\/de\/#organization"},"potentialAction":[{"@type":"SearchAction","target":{"@type":"EntryPoint","urlTemplate":"https:\/\/www.batavialand.nl\/de\/?s={search_term_string}"},"query-input":{"@type":"PropertyValueSpecification","valueRequired":true,"valueName":"search_term_string"}}],"inLanguage":"de"},{"@type":"Organization","@id":"https:\/\/www.batavialand.nl\/de\/#organization","name":"Museum Batavialand","url":"https:\/\/www.batavialand.nl\/de\/","logo":{"@type":"ImageObject","inLanguage":"de","@id":"https:\/\/www.batavialand.nl\/de\/#\/schema\/logo\/image\/","url":"https:\/\/www.batavialand.nl\/wp-content\/uploads\/batavialand-logo.svg","contentUrl":"https:\/\/www.batavialand.nl\/wp-content\/uploads\/batavialand-logo.svg","width":1030,"height":322,"caption":"Museum Batavialand"},"image":{"@id":"https:\/\/www.batavialand.nl\/de\/#\/schema\/logo\/image\/"}}]}},"_links":{"self":[{"href":"https:\/\/www.batavialand.nl\/de\/wp-json\/wp\/v2\/pages\/4222","targetHints":{"allow":["GET"]}}],"collection":[{"href":"https:\/\/www.batavialand.nl\/de\/wp-json\/wp\/v2\/pages"}],"about":[{"href":"https:\/\/www.batavialand.nl\/de\/wp-json\/wp\/v2\/types\/page"}],"author":[{"embeddable":true,"href":"https:\/\/www.batavialand.nl\/de\/wp-json\/wp\/v2\/users\/1"}],"replies":[{"embeddable":true,"href":"https:\/\/www.batavialand.nl\/de\/wp-json\/wp\/v2\/comments?post=4222"}],"version-history":[{"count":1,"href":"https:\/\/www.batavialand.nl\/de\/wp-json\/wp\/v2\/pages\/4222\/revisions"}],"predecessor-version":[{"id":4225,"href":"https:\/\/www.batavialand.nl\/de\/wp-json\/wp\/v2\/pages\/4222\/revisions\/4225"}],"up":[{"embeddable":true,"href":"https:\/\/www.batavialand.nl\/de\/wp-json\/wp\/v2\/pages\/4203"}],"wp:featuredmedia":[{"embeddable":true,"href":"https:\/\/www.batavialand.nl\/de\/wp-json\/wp\/v2\/media\/3875"}],"wp:attachment":[{"href":"https:\/\/www.batavialand.nl\/de\/wp-json\/wp\/v2\/media?parent=4222"}],"curies":[{"name":"wp","href":"https:\/\/api.w.org\/{rel}","templated":true}]}}