{"id":4232,"date":"2024-11-06T09:53:07","date_gmt":"2024-11-06T09:53:07","guid":{"rendered":"https:\/\/www.batavialand.nl\/willkommen-im-museum-batavialand\/restaurant-de-taveerne\/"},"modified":"2026-04-01T08:09:35","modified_gmt":"2026-04-01T08:09:35","slug":"restaurant","status":"publish","type":"page","link":"https:\/\/www.batavialand.nl\/de\/plan-je-bezoek\/restaurant\/","title":{"rendered":"Restaurant De Taveerne"},"content":{"rendered":"\n<p>Genie\u00dfe ein einzigartiges kulinarisches Erlebnis an der Werft des Museums Batavialand. Das Restaurant De Taveerne verbindet Gastfreundschaft mit einer historischen Atmosph\u00e4re, umgeben von Gem\u00e4lden aus dem siebzehnten Jahrhundert und den Geschichten des Batavialandes. <\/p>\n","protected":false},"excerpt":{"rendered":"<p>Genie\u00dfe ein einzigartiges kulinarisches Erlebnis an der Werft des Museums Batavialand. Das Restaurant De Taveerne verbindet Gastfreundschaft mit einer historischen Atmosph\u00e4re, umgeben von Gem\u00e4lden aus dem siebzehnten Jahrhundert und den Geschichten des Batavialandes.<\/p>\n","protected":false},"author":1,"featured_media":3474,"parent":4203,"menu_order":4,"comment_status":"closed","ping_status":"closed","template":"","meta":{"_acf_changed":false,"footnotes":""},"class_list":["post-4232","page","type-page","status-publish","has-post-thumbnail","hentry"],"acf":[],"yoast_head":"<!-- This site is optimized with the Yoast SEO plugin v27.4 - https:\/\/yoast.com\/product\/yoast-seo-wordpress\/ -->\n<title>Restaurant De Taveerne - Museum Batavialand<\/title>\n<meta name=\"description\" content=\"Entdecke das Restaurant De Taveerne an der Anlegestelle des Museums Batavialand. Genie\u00dfe eine einzigartige Atmosph\u00e4re, k\u00f6stliche Gerichte und ma\u00dfgeschneiderte Angebote.\" \/>\n<meta name=\"robots\" content=\"index, follow, max-snippet:-1, max-image-preview:large, max-video-preview:-1\" \/>\n<link rel=\"canonical\" href=\"https:\/\/www.batavialand.nl\/de\/plan-je-bezoek\/restaurant\/\" \/>\n<meta property=\"og:locale\" content=\"de_DE\" \/>\n<meta property=\"og:type\" content=\"article\" \/>\n<meta property=\"og:title\" content=\"Restaurant De Taveerne - Museum Batavialand\" \/>\n<meta property=\"og:description\" content=\"Entdecke das Restaurant De Taveerne an der Anlegestelle des Museums Batavialand. Genie\u00dfe eine einzigartige Atmosph\u00e4re, k\u00f6stliche Gerichte und ma\u00dfgeschneiderte Angebote.\" \/>\n<meta property=\"og:url\" content=\"https:\/\/www.batavialand.nl\/de\/plan-je-bezoek\/restaurant\/\" \/>\n<meta property=\"og:site_name\" content=\"Museum Batavialand\" \/>\n<meta property=\"article:modified_time\" content=\"2026-04-01T08:09:35+00:00\" \/>\n<meta property=\"og:image\" content=\"https:\/\/www.batavialand.nl\/wp-content\/uploads\/restaurant-de-taveerne-museum-batavialand.webp\" \/>\n\t<meta property=\"og:image:width\" content=\"1024\" \/>\n\t<meta property=\"og:image:height\" content=\"678\" \/>\n\t<meta property=\"og:image:type\" content=\"image\/webp\" \/>\n<meta name=\"twitter:card\" content=\"summary_large_image\" \/>\n<script type=\"application\/ld+json\" class=\"yoast-schema-graph\">{\"@context\":\"https:\\\/\\\/schema.org\",\"@graph\":[{\"@type\":\"WebPage\",\"@id\":\"https:\\\/\\\/www.batavialand.nl\\\/de\\\/plan-je-bezoek\\\/restaurant\\\/\",\"url\":\"https:\\\/\\\/www.batavialand.nl\\\/de\\\/plan-je-bezoek\\\/restaurant\\\/\",\"name\":\"Restaurant De Taveerne - Museum Batavialand\",\"isPartOf\":{\"@id\":\"https:\\\/\\\/www.batavialand.nl\\\/de\\\/#website\"},\"primaryImageOfPage\":{\"@id\":\"https:\\\/\\\/www.batavialand.nl\\\/de\\\/plan-je-bezoek\\\/restaurant\\\/#primaryimage\"},\"image\":{\"@id\":\"https:\\\/\\\/www.batavialand.nl\\\/de\\\/plan-je-bezoek\\\/restaurant\\\/#primaryimage\"},\"thumbnailUrl\":\"https:\\\/\\\/www.batavialand.nl\\\/wp-content\\\/uploads\\\/restaurant-de-taveerne-museum-batavialand.webp\",\"datePublished\":\"2024-11-06T09:53:07+00:00\",\"dateModified\":\"2026-04-01T08:09:35+00:00\",\"description\":\"Entdecke das Restaurant De Taveerne an der Anlegestelle des Museums Batavialand. Genie\u00dfe eine einzigartige Atmosph\u00e4re, k\u00f6stliche Gerichte und ma\u00dfgeschneiderte Angebote.\",\"breadcrumb\":{\"@id\":\"https:\\\/\\\/www.batavialand.nl\\\/de\\\/plan-je-bezoek\\\/restaurant\\\/#breadcrumb\"},\"inLanguage\":\"de\",\"potentialAction\":[{\"@type\":\"ReadAction\",\"target\":[\"https:\\\/\\\/www.batavialand.nl\\\/de\\\/plan-je-bezoek\\\/restaurant\\\/\"]}]},{\"@type\":\"ImageObject\",\"inLanguage\":\"de\",\"@id\":\"https:\\\/\\\/www.batavialand.nl\\\/de\\\/plan-je-bezoek\\\/restaurant\\\/#primaryimage\",\"url\":\"https:\\\/\\\/www.batavialand.nl\\\/wp-content\\\/uploads\\\/restaurant-de-taveerne-museum-batavialand.webp\",\"contentUrl\":\"https:\\\/\\\/www.batavialand.nl\\\/wp-content\\\/uploads\\\/restaurant-de-taveerne-museum-batavialand.webp\",\"width\":1024,\"height\":678},{\"@type\":\"BreadcrumbList\",\"@id\":\"https:\\\/\\\/www.batavialand.nl\\\/de\\\/plan-je-bezoek\\\/restaurant\\\/#breadcrumb\",\"itemListElement\":[{\"@type\":\"ListItem\",\"position\":1,\"name\":\"Besuch Planen\",\"item\":\"https:\\\/\\\/www.batavialand.nl\\\/de\\\/plan-je-bezoek\\\/\"},{\"@type\":\"ListItem\",\"position\":2,\"name\":\"Restaurant\"}]},{\"@type\":\"WebSite\",\"@id\":\"https:\\\/\\\/www.batavialand.nl\\\/de\\\/#website\",\"url\":\"https:\\\/\\\/www.batavialand.nl\\\/de\\\/\",\"name\":\"Museum Batavialand\",\"description\":\"Batavialand, het museum van Flevoland in Lelystad.\",\"publisher\":{\"@id\":\"https:\\\/\\\/www.batavialand.nl\\\/de\\\/#organization\"},\"potentialAction\":[{\"@type\":\"SearchAction\",\"target\":{\"@type\":\"EntryPoint\",\"urlTemplate\":\"https:\\\/\\\/www.batavialand.nl\\\/de\\\/?s={search_term_string}\"},\"query-input\":{\"@type\":\"PropertyValueSpecification\",\"valueRequired\":true,\"valueName\":\"search_term_string\"}}],\"inLanguage\":\"de\"},{\"@type\":\"Organization\",\"@id\":\"https:\\\/\\\/www.batavialand.nl\\\/de\\\/#organization\",\"name\":\"Museum Batavialand\",\"url\":\"https:\\\/\\\/www.batavialand.nl\\\/de\\\/\",\"logo\":{\"@type\":\"ImageObject\",\"inLanguage\":\"de\",\"@id\":\"https:\\\/\\\/www.batavialand.nl\\\/de\\\/#\\\/schema\\\/logo\\\/image\\\/\",\"url\":\"https:\\\/\\\/www.batavialand.nl\\\/wp-content\\\/uploads\\\/batavialand-logo.svg\",\"contentUrl\":\"https:\\\/\\\/www.batavialand.nl\\\/wp-content\\\/uploads\\\/batavialand-logo.svg\",\"width\":1030,\"height\":322,\"caption\":\"Museum Batavialand\"},\"image\":{\"@id\":\"https:\\\/\\\/www.batavialand.nl\\\/de\\\/#\\\/schema\\\/logo\\\/image\\\/\"}}]}<\/script>\n<!-- \/ Yoast SEO plugin. -->","yoast_head_json":{"title":"Restaurant De Taveerne - Museum Batavialand","description":"Entdecke das Restaurant De Taveerne an der Anlegestelle des Museums Batavialand. Genie\u00dfe eine einzigartige Atmosph\u00e4re, k\u00f6stliche Gerichte und ma\u00dfgeschneiderte Angebote.","robots":{"index":"index","follow":"follow","max-snippet":"max-snippet:-1","max-image-preview":"max-image-preview:large","max-video-preview":"max-video-preview:-1"},"canonical":"https:\/\/www.batavialand.nl\/de\/plan-je-bezoek\/restaurant\/","og_locale":"de_DE","og_type":"article","og_title":"Restaurant De Taveerne - Museum Batavialand","og_description":"Entdecke das Restaurant De Taveerne an der Anlegestelle des Museums Batavialand. Genie\u00dfe eine einzigartige Atmosph\u00e4re, k\u00f6stliche Gerichte und ma\u00dfgeschneiderte Angebote.","og_url":"https:\/\/www.batavialand.nl\/de\/plan-je-bezoek\/restaurant\/","og_site_name":"Museum Batavialand","article_modified_time":"2026-04-01T08:09:35+00:00","og_image":[{"width":1024,"height":678,"url":"https:\/\/www.batavialand.nl\/wp-content\/uploads\/restaurant-de-taveerne-museum-batavialand.webp","type":"image\/webp"}],"twitter_card":"summary_large_image","schema":{"@context":"https:\/\/schema.org","@graph":[{"@type":"WebPage","@id":"https:\/\/www.batavialand.nl\/de\/plan-je-bezoek\/restaurant\/","url":"https:\/\/www.batavialand.nl\/de\/plan-je-bezoek\/restaurant\/","name":"Restaurant De Taveerne - Museum Batavialand","isPartOf":{"@id":"https:\/\/www.batavialand.nl\/de\/#website"},"primaryImageOfPage":{"@id":"https:\/\/www.batavialand.nl\/de\/plan-je-bezoek\/restaurant\/#primaryimage"},"image":{"@id":"https:\/\/www.batavialand.nl\/de\/plan-je-bezoek\/restaurant\/#primaryimage"},"thumbnailUrl":"https:\/\/www.batavialand.nl\/wp-content\/uploads\/restaurant-de-taveerne-museum-batavialand.webp","datePublished":"2024-11-06T09:53:07+00:00","dateModified":"2026-04-01T08:09:35+00:00","description":"Entdecke das Restaurant De Taveerne an der Anlegestelle des Museums Batavialand. Genie\u00dfe eine einzigartige Atmosph\u00e4re, k\u00f6stliche Gerichte und ma\u00dfgeschneiderte Angebote.","breadcrumb":{"@id":"https:\/\/www.batavialand.nl\/de\/plan-je-bezoek\/restaurant\/#breadcrumb"},"inLanguage":"de","potentialAction":[{"@type":"ReadAction","target":["https:\/\/www.batavialand.nl\/de\/plan-je-bezoek\/restaurant\/"]}]},{"@type":"ImageObject","inLanguage":"de","@id":"https:\/\/www.batavialand.nl\/de\/plan-je-bezoek\/restaurant\/#primaryimage","url":"https:\/\/www.batavialand.nl\/wp-content\/uploads\/restaurant-de-taveerne-museum-batavialand.webp","contentUrl":"https:\/\/www.batavialand.nl\/wp-content\/uploads\/restaurant-de-taveerne-museum-batavialand.webp","width":1024,"height":678},{"@type":"BreadcrumbList","@id":"https:\/\/www.batavialand.nl\/de\/plan-je-bezoek\/restaurant\/#breadcrumb","itemListElement":[{"@type":"ListItem","position":1,"name":"Besuch Planen","item":"https:\/\/www.batavialand.nl\/de\/plan-je-bezoek\/"},{"@type":"ListItem","position":2,"name":"Restaurant"}]},{"@type":"WebSite","@id":"https:\/\/www.batavialand.nl\/de\/#website","url":"https:\/\/www.batavialand.nl\/de\/","name":"Museum Batavialand","description":"Batavialand, het museum van Flevoland in Lelystad.","publisher":{"@id":"https:\/\/www.batavialand.nl\/de\/#organization"},"potentialAction":[{"@type":"SearchAction","target":{"@type":"EntryPoint","urlTemplate":"https:\/\/www.batavialand.nl\/de\/?s={search_term_string}"},"query-input":{"@type":"PropertyValueSpecification","valueRequired":true,"valueName":"search_term_string"}}],"inLanguage":"de"},{"@type":"Organization","@id":"https:\/\/www.batavialand.nl\/de\/#organization","name":"Museum Batavialand","url":"https:\/\/www.batavialand.nl\/de\/","logo":{"@type":"ImageObject","inLanguage":"de","@id":"https:\/\/www.batavialand.nl\/de\/#\/schema\/logo\/image\/","url":"https:\/\/www.batavialand.nl\/wp-content\/uploads\/batavialand-logo.svg","contentUrl":"https:\/\/www.batavialand.nl\/wp-content\/uploads\/batavialand-logo.svg","width":1030,"height":322,"caption":"Museum Batavialand"},"image":{"@id":"https:\/\/www.batavialand.nl\/de\/#\/schema\/logo\/image\/"}}]}},"_links":{"self":[{"href":"https:\/\/www.batavialand.nl\/de\/wp-json\/wp\/v2\/pages\/4232","targetHints":{"allow":["GET"]}}],"collection":[{"href":"https:\/\/www.batavialand.nl\/de\/wp-json\/wp\/v2\/pages"}],"about":[{"href":"https:\/\/www.batavialand.nl\/de\/wp-json\/wp\/v2\/types\/page"}],"author":[{"embeddable":true,"href":"https:\/\/www.batavialand.nl\/de\/wp-json\/wp\/v2\/users\/1"}],"replies":[{"embeddable":true,"href":"https:\/\/www.batavialand.nl\/de\/wp-json\/wp\/v2\/comments?post=4232"}],"version-history":[{"count":1,"href":"https:\/\/www.batavialand.nl\/de\/wp-json\/wp\/v2\/pages\/4232\/revisions"}],"predecessor-version":[{"id":4233,"href":"https:\/\/www.batavialand.nl\/de\/wp-json\/wp\/v2\/pages\/4232\/revisions\/4233"}],"up":[{"embeddable":true,"href":"https:\/\/www.batavialand.nl\/de\/wp-json\/wp\/v2\/pages\/4203"}],"wp:featuredmedia":[{"embeddable":true,"href":"https:\/\/www.batavialand.nl\/de\/wp-json\/wp\/v2\/media\/3474"}],"wp:attachment":[{"href":"https:\/\/www.batavialand.nl\/de\/wp-json\/wp\/v2\/media?parent=4232"}],"curies":[{"name":"wp","href":"https:\/\/api.w.org\/{rel}","templated":true}]}}