{"id":4240,"date":"2024-11-06T09:52:50","date_gmt":"2024-11-06T09:52:50","guid":{"rendered":"https:\/\/www.batavialand.nl\/willkommen-im-museum-batavialand\/parken-und-zugaenglichkeit\/"},"modified":"2025-10-02T10:05:24","modified_gmt":"2025-10-02T10:05:24","slug":"parkeren-en-bereikbaarheid","status":"publish","type":"page","link":"https:\/\/www.batavialand.nl\/de\/plan-je-bezoek\/parkeren-en-bereikbaarheid\/","title":{"rendered":"Parken und Zug\u00e4nglichkeit"},"content":{"rendered":"\n<p>Das Museum Batavialand ist leicht mit dem Auto, den \u00f6ffentlichen Verkehrsmitteln oder dem Fahrrad zu erreichen. Parken Sie Ihr Auto auf P1 des ger\u00e4umigen Batavia Stad-Parkplatzes f\u00fcr nur 4,50 \u20ac pro Tag oder w\u00e4hlen Sie die \u00fcberdachte VOC-Garage. Sie kommen mit dem Bus? Steigen Sie an der Haltestelle Batavia Stad aus, die sich direkt vor dem Museumseingang befindet.   <\/p>\n\n<p><\/p>\n","protected":false},"excerpt":{"rendered":"<p>Das Museum Batavialand ist leicht mit dem Auto, den \u00f6ffentlichen Verkehrsmitteln oder dem Fahrrad zu erreichen. Parken Sie Ihr Auto auf P1 des ger\u00e4umigen Batavia Stad-Parkplatzes f\u00fcr nur 4,50 \u20ac pro Tag oder w\u00e4hlen Sie die \u00fcberdachte VOC-Garage. Sie kommen mit dem Bus? Steigen Sie an der Haltestelle Batavia Stad aus, die sich direkt vor [&hellip;]<\/p>\n","protected":false},"author":1,"featured_media":6203,"parent":4203,"menu_order":1,"comment_status":"closed","ping_status":"closed","template":"","meta":{"_acf_changed":false,"footnotes":""},"class_list":["post-4240","page","type-page","status-publish","has-post-thumbnail","hentry"],"acf":[],"yoast_head":"<!-- This site is optimized with the Yoast SEO plugin v27.4 - https:\/\/yoast.com\/product\/yoast-seo-wordpress\/ -->\n<title>Parken und Zug\u00e4nglichkeit - Museum Batavialand<\/title>\n<meta name=\"robots\" content=\"index, follow, max-snippet:-1, max-image-preview:large, max-video-preview:-1\" \/>\n<link rel=\"canonical\" href=\"https:\/\/www.batavialand.nl\/de\/plan-je-bezoek\/parkeren-en-bereikbaarheid\/\" \/>\n<meta property=\"og:locale\" content=\"de_DE\" \/>\n<meta property=\"og:type\" content=\"article\" \/>\n<meta property=\"og:title\" content=\"Parken und Zug\u00e4nglichkeit - Museum Batavialand\" \/>\n<meta property=\"og:description\" content=\"Das Museum Batavialand ist leicht mit dem Auto, den \u00f6ffentlichen Verkehrsmitteln oder dem Fahrrad zu erreichen. Parken Sie Ihr Auto auf P1 des ger\u00e4umigen Batavia Stad-Parkplatzes f\u00fcr nur 4,50 \u20ac pro Tag oder w\u00e4hlen Sie die \u00fcberdachte VOC-Garage. Sie kommen mit dem Bus? Steigen Sie an der Haltestelle Batavia Stad aus, die sich direkt vor [&hellip;]\" \/>\n<meta property=\"og:url\" content=\"https:\/\/www.batavialand.nl\/de\/plan-je-bezoek\/parkeren-en-bereikbaarheid\/\" \/>\n<meta property=\"og:site_name\" content=\"Museum Batavialand\" \/>\n<meta property=\"article:modified_time\" content=\"2025-10-02T10:05:24+00:00\" \/>\n<meta property=\"og:image\" content=\"https:\/\/www.batavialand.nl\/wp-content\/uploads\/Plan-je-Route-Kaart_1024x678px_v2.webp\" \/>\n\t<meta property=\"og:image:width\" content=\"1024\" \/>\n\t<meta property=\"og:image:height\" content=\"678\" \/>\n\t<meta property=\"og:image:type\" content=\"image\/webp\" \/>\n<meta name=\"twitter:card\" content=\"summary_large_image\" \/>\n<script type=\"application\/ld+json\" class=\"yoast-schema-graph\">{\"@context\":\"https:\\\/\\\/schema.org\",\"@graph\":[{\"@type\":\"WebPage\",\"@id\":\"https:\\\/\\\/www.batavialand.nl\\\/de\\\/plan-je-bezoek\\\/parkeren-en-bereikbaarheid\\\/\",\"url\":\"https:\\\/\\\/www.batavialand.nl\\\/de\\\/plan-je-bezoek\\\/parkeren-en-bereikbaarheid\\\/\",\"name\":\"Parken und Zug\u00e4nglichkeit - Museum Batavialand\",\"isPartOf\":{\"@id\":\"https:\\\/\\\/www.batavialand.nl\\\/de\\\/#website\"},\"primaryImageOfPage\":{\"@id\":\"https:\\\/\\\/www.batavialand.nl\\\/de\\\/plan-je-bezoek\\\/parkeren-en-bereikbaarheid\\\/#primaryimage\"},\"image\":{\"@id\":\"https:\\\/\\\/www.batavialand.nl\\\/de\\\/plan-je-bezoek\\\/parkeren-en-bereikbaarheid\\\/#primaryimage\"},\"thumbnailUrl\":\"https:\\\/\\\/www.batavialand.nl\\\/wp-content\\\/uploads\\\/Plan-je-Route-Kaart_1024x678px_v2.webp\",\"datePublished\":\"2024-11-06T09:52:50+00:00\",\"dateModified\":\"2025-10-02T10:05:24+00:00\",\"breadcrumb\":{\"@id\":\"https:\\\/\\\/www.batavialand.nl\\\/de\\\/plan-je-bezoek\\\/parkeren-en-bereikbaarheid\\\/#breadcrumb\"},\"inLanguage\":\"de\",\"potentialAction\":[{\"@type\":\"ReadAction\",\"target\":[\"https:\\\/\\\/www.batavialand.nl\\\/de\\\/plan-je-bezoek\\\/parkeren-en-bereikbaarheid\\\/\"]}]},{\"@type\":\"ImageObject\",\"inLanguage\":\"de\",\"@id\":\"https:\\\/\\\/www.batavialand.nl\\\/de\\\/plan-je-bezoek\\\/parkeren-en-bereikbaarheid\\\/#primaryimage\",\"url\":\"https:\\\/\\\/www.batavialand.nl\\\/wp-content\\\/uploads\\\/Plan-je-Route-Kaart_1024x678px_v2.webp\",\"contentUrl\":\"https:\\\/\\\/www.batavialand.nl\\\/wp-content\\\/uploads\\\/Plan-je-Route-Kaart_1024x678px_v2.webp\",\"width\":1024,\"height\":678},{\"@type\":\"BreadcrumbList\",\"@id\":\"https:\\\/\\\/www.batavialand.nl\\\/de\\\/plan-je-bezoek\\\/parkeren-en-bereikbaarheid\\\/#breadcrumb\",\"itemListElement\":[{\"@type\":\"ListItem\",\"position\":1,\"name\":\"Besuch Planen\",\"item\":\"https:\\\/\\\/www.batavialand.nl\\\/de\\\/plan-je-bezoek\\\/\"},{\"@type\":\"ListItem\",\"position\":2,\"name\":\"Parken und Zug\u00e4nglichkeit\"}]},{\"@type\":\"WebSite\",\"@id\":\"https:\\\/\\\/www.batavialand.nl\\\/de\\\/#website\",\"url\":\"https:\\\/\\\/www.batavialand.nl\\\/de\\\/\",\"name\":\"Museum Batavialand\",\"description\":\"Batavialand, het museum van Flevoland in Lelystad.\",\"publisher\":{\"@id\":\"https:\\\/\\\/www.batavialand.nl\\\/de\\\/#organization\"},\"potentialAction\":[{\"@type\":\"SearchAction\",\"target\":{\"@type\":\"EntryPoint\",\"urlTemplate\":\"https:\\\/\\\/www.batavialand.nl\\\/de\\\/?s={search_term_string}\"},\"query-input\":{\"@type\":\"PropertyValueSpecification\",\"valueRequired\":true,\"valueName\":\"search_term_string\"}}],\"inLanguage\":\"de\"},{\"@type\":\"Organization\",\"@id\":\"https:\\\/\\\/www.batavialand.nl\\\/de\\\/#organization\",\"name\":\"Museum Batavialand\",\"url\":\"https:\\\/\\\/www.batavialand.nl\\\/de\\\/\",\"logo\":{\"@type\":\"ImageObject\",\"inLanguage\":\"de\",\"@id\":\"https:\\\/\\\/www.batavialand.nl\\\/de\\\/#\\\/schema\\\/logo\\\/image\\\/\",\"url\":\"https:\\\/\\\/www.batavialand.nl\\\/wp-content\\\/uploads\\\/batavialand-logo.svg\",\"contentUrl\":\"https:\\\/\\\/www.batavialand.nl\\\/wp-content\\\/uploads\\\/batavialand-logo.svg\",\"width\":1030,\"height\":322,\"caption\":\"Museum Batavialand\"},\"image\":{\"@id\":\"https:\\\/\\\/www.batavialand.nl\\\/de\\\/#\\\/schema\\\/logo\\\/image\\\/\"}}]}<\/script>\n<!-- \/ Yoast SEO plugin. -->","yoast_head_json":{"title":"Parken und Zug\u00e4nglichkeit - Museum Batavialand","robots":{"index":"index","follow":"follow","max-snippet":"max-snippet:-1","max-image-preview":"max-image-preview:large","max-video-preview":"max-video-preview:-1"},"canonical":"https:\/\/www.batavialand.nl\/de\/plan-je-bezoek\/parkeren-en-bereikbaarheid\/","og_locale":"de_DE","og_type":"article","og_title":"Parken und Zug\u00e4nglichkeit - Museum Batavialand","og_description":"Das Museum Batavialand ist leicht mit dem Auto, den \u00f6ffentlichen Verkehrsmitteln oder dem Fahrrad zu erreichen. Parken Sie Ihr Auto auf P1 des ger\u00e4umigen Batavia Stad-Parkplatzes f\u00fcr nur 4,50 \u20ac pro Tag oder w\u00e4hlen Sie die \u00fcberdachte VOC-Garage. Sie kommen mit dem Bus? Steigen Sie an der Haltestelle Batavia Stad aus, die sich direkt vor [&hellip;]","og_url":"https:\/\/www.batavialand.nl\/de\/plan-je-bezoek\/parkeren-en-bereikbaarheid\/","og_site_name":"Museum Batavialand","article_modified_time":"2025-10-02T10:05:24+00:00","og_image":[{"width":1024,"height":678,"url":"https:\/\/www.batavialand.nl\/wp-content\/uploads\/Plan-je-Route-Kaart_1024x678px_v2.webp","type":"image\/webp"}],"twitter_card":"summary_large_image","schema":{"@context":"https:\/\/schema.org","@graph":[{"@type":"WebPage","@id":"https:\/\/www.batavialand.nl\/de\/plan-je-bezoek\/parkeren-en-bereikbaarheid\/","url":"https:\/\/www.batavialand.nl\/de\/plan-je-bezoek\/parkeren-en-bereikbaarheid\/","name":"Parken und Zug\u00e4nglichkeit - Museum Batavialand","isPartOf":{"@id":"https:\/\/www.batavialand.nl\/de\/#website"},"primaryImageOfPage":{"@id":"https:\/\/www.batavialand.nl\/de\/plan-je-bezoek\/parkeren-en-bereikbaarheid\/#primaryimage"},"image":{"@id":"https:\/\/www.batavialand.nl\/de\/plan-je-bezoek\/parkeren-en-bereikbaarheid\/#primaryimage"},"thumbnailUrl":"https:\/\/www.batavialand.nl\/wp-content\/uploads\/Plan-je-Route-Kaart_1024x678px_v2.webp","datePublished":"2024-11-06T09:52:50+00:00","dateModified":"2025-10-02T10:05:24+00:00","breadcrumb":{"@id":"https:\/\/www.batavialand.nl\/de\/plan-je-bezoek\/parkeren-en-bereikbaarheid\/#breadcrumb"},"inLanguage":"de","potentialAction":[{"@type":"ReadAction","target":["https:\/\/www.batavialand.nl\/de\/plan-je-bezoek\/parkeren-en-bereikbaarheid\/"]}]},{"@type":"ImageObject","inLanguage":"de","@id":"https:\/\/www.batavialand.nl\/de\/plan-je-bezoek\/parkeren-en-bereikbaarheid\/#primaryimage","url":"https:\/\/www.batavialand.nl\/wp-content\/uploads\/Plan-je-Route-Kaart_1024x678px_v2.webp","contentUrl":"https:\/\/www.batavialand.nl\/wp-content\/uploads\/Plan-je-Route-Kaart_1024x678px_v2.webp","width":1024,"height":678},{"@type":"BreadcrumbList","@id":"https:\/\/www.batavialand.nl\/de\/plan-je-bezoek\/parkeren-en-bereikbaarheid\/#breadcrumb","itemListElement":[{"@type":"ListItem","position":1,"name":"Besuch Planen","item":"https:\/\/www.batavialand.nl\/de\/plan-je-bezoek\/"},{"@type":"ListItem","position":2,"name":"Parken und Zug\u00e4nglichkeit"}]},{"@type":"WebSite","@id":"https:\/\/www.batavialand.nl\/de\/#website","url":"https:\/\/www.batavialand.nl\/de\/","name":"Museum Batavialand","description":"Batavialand, het museum van Flevoland in Lelystad.","publisher":{"@id":"https:\/\/www.batavialand.nl\/de\/#organization"},"potentialAction":[{"@type":"SearchAction","target":{"@type":"EntryPoint","urlTemplate":"https:\/\/www.batavialand.nl\/de\/?s={search_term_string}"},"query-input":{"@type":"PropertyValueSpecification","valueRequired":true,"valueName":"search_term_string"}}],"inLanguage":"de"},{"@type":"Organization","@id":"https:\/\/www.batavialand.nl\/de\/#organization","name":"Museum Batavialand","url":"https:\/\/www.batavialand.nl\/de\/","logo":{"@type":"ImageObject","inLanguage":"de","@id":"https:\/\/www.batavialand.nl\/de\/#\/schema\/logo\/image\/","url":"https:\/\/www.batavialand.nl\/wp-content\/uploads\/batavialand-logo.svg","contentUrl":"https:\/\/www.batavialand.nl\/wp-content\/uploads\/batavialand-logo.svg","width":1030,"height":322,"caption":"Museum Batavialand"},"image":{"@id":"https:\/\/www.batavialand.nl\/de\/#\/schema\/logo\/image\/"}}]}},"_links":{"self":[{"href":"https:\/\/www.batavialand.nl\/de\/wp-json\/wp\/v2\/pages\/4240","targetHints":{"allow":["GET"]}}],"collection":[{"href":"https:\/\/www.batavialand.nl\/de\/wp-json\/wp\/v2\/pages"}],"about":[{"href":"https:\/\/www.batavialand.nl\/de\/wp-json\/wp\/v2\/types\/page"}],"author":[{"embeddable":true,"href":"https:\/\/www.batavialand.nl\/de\/wp-json\/wp\/v2\/users\/1"}],"replies":[{"embeddable":true,"href":"https:\/\/www.batavialand.nl\/de\/wp-json\/wp\/v2\/comments?post=4240"}],"version-history":[{"count":4,"href":"https:\/\/www.batavialand.nl\/de\/wp-json\/wp\/v2\/pages\/4240\/revisions"}],"predecessor-version":[{"id":6861,"href":"https:\/\/www.batavialand.nl\/de\/wp-json\/wp\/v2\/pages\/4240\/revisions\/6861"}],"up":[{"embeddable":true,"href":"https:\/\/www.batavialand.nl\/de\/wp-json\/wp\/v2\/pages\/4203"}],"wp:featuredmedia":[{"embeddable":true,"href":"https:\/\/www.batavialand.nl\/de\/wp-json\/wp\/v2\/media\/6203"}],"wp:attachment":[{"href":"https:\/\/www.batavialand.nl\/de\/wp-json\/wp\/v2\/media?parent=4240"}],"curies":[{"name":"wp","href":"https:\/\/api.w.org\/{rel}","templated":true}]}}