{"id":4246,"date":"2024-11-06T09:52:28","date_gmt":"2024-11-06T09:52:28","guid":{"rendered":"https:\/\/www.batavialand.nl\/willkommen-im-museum-batavialand\/oeffnungszeit\/"},"modified":"2026-04-21T11:58:39","modified_gmt":"2026-04-21T11:58:39","slug":"openingstijden","status":"publish","type":"page","link":"https:\/\/www.batavialand.nl\/de\/plan-je-bezoek\/openingstijden\/","title":{"rendered":"\u00d6ffnungszeit"},"content":{"rendered":"\n<p><\/p>\n\n<figure class=\"wp-block-table\"><table class=\"has-fixed-layout\"><tbody><tr><td><strong>Bis 25. Oktober<\/strong><\/td><td>T\u00e4glich ge\u00f6ffnet von 10:00 &#8211; 17:00**<\/td><\/tr><tr><td><strong>Andere Daten<\/strong><\/td><td>Dienstag bis Sonntag 10:00 &#8211; 17:00*<\/td><\/tr><\/tbody><\/table><\/figure>\n\n<p class=\"has-small-font-size\">*Montags geschlossen, au\u00dfer in den Schulferien<\/p>\n\n<p><\/p>\n","protected":false},"excerpt":{"rendered":"<p>Bis 25. Oktober T\u00e4glich ge\u00f6ffnet von 10:00 &#8211; 17:00** Andere Daten Dienstag bis Sonntag 10:00 &#8211; 17:00* *Montags geschlossen, au\u00dfer in den Schulferien<\/p>\n","protected":false},"author":1,"featured_media":3872,"parent":4203,"menu_order":3,"comment_status":"closed","ping_status":"closed","template":"","meta":{"_acf_changed":false,"footnotes":""},"class_list":["post-4246","page","type-page","status-publish","has-post-thumbnail","hentry"],"acf":[],"yoast_head":"<!-- This site is optimized with the Yoast SEO plugin v27.4 - https:\/\/yoast.com\/product\/yoast-seo-wordpress\/ -->\n<title>\u00d6ffnungszeit - Museum Batavialand<\/title>\n<meta name=\"description\" content=\"Schau dir die \u00d6ffnungszeiten des Museums Batavialand an. Wir haben von Dienstag bis Sonntag und in den Schulferien auch montags ge\u00f6ffnet. Entdecke mehr!\" \/>\n<meta name=\"robots\" content=\"index, follow, max-snippet:-1, max-image-preview:large, max-video-preview:-1\" \/>\n<link rel=\"canonical\" href=\"https:\/\/www.batavialand.nl\/de\/plan-je-bezoek\/openingstijden\/\" \/>\n<meta property=\"og:locale\" content=\"de_DE\" \/>\n<meta property=\"og:type\" content=\"article\" \/>\n<meta property=\"og:title\" content=\"\u00d6ffnungszeit - Museum Batavialand\" \/>\n<meta property=\"og:description\" content=\"Schau dir die \u00d6ffnungszeiten des Museums Batavialand an. Wir haben von Dienstag bis Sonntag und in den Schulferien auch montags ge\u00f6ffnet. Entdecke mehr!\" \/>\n<meta property=\"og:url\" content=\"https:\/\/www.batavialand.nl\/de\/plan-je-bezoek\/openingstijden\/\" \/>\n<meta property=\"og:site_name\" content=\"Museum Batavialand\" \/>\n<meta property=\"article:modified_time\" content=\"2026-04-21T11:58:39+00:00\" \/>\n<meta property=\"og:image\" content=\"https:\/\/www.batavialand.nl\/wp-content\/uploads\/openingstijden-museum-batavialand.webp\" \/>\n\t<meta property=\"og:image:width\" content=\"1024\" \/>\n\t<meta property=\"og:image:height\" content=\"678\" \/>\n\t<meta property=\"og:image:type\" content=\"image\/webp\" \/>\n<meta name=\"twitter:card\" content=\"summary_large_image\" \/>\n<script type=\"application\/ld+json\" class=\"yoast-schema-graph\">{\"@context\":\"https:\\\/\\\/schema.org\",\"@graph\":[{\"@type\":\"WebPage\",\"@id\":\"https:\\\/\\\/www.batavialand.nl\\\/de\\\/plan-je-bezoek\\\/openingstijden\\\/\",\"url\":\"https:\\\/\\\/www.batavialand.nl\\\/de\\\/plan-je-bezoek\\\/openingstijden\\\/\",\"name\":\"\u00d6ffnungszeit - Museum Batavialand\",\"isPartOf\":{\"@id\":\"https:\\\/\\\/www.batavialand.nl\\\/de\\\/#website\"},\"primaryImageOfPage\":{\"@id\":\"https:\\\/\\\/www.batavialand.nl\\\/de\\\/plan-je-bezoek\\\/openingstijden\\\/#primaryimage\"},\"image\":{\"@id\":\"https:\\\/\\\/www.batavialand.nl\\\/de\\\/plan-je-bezoek\\\/openingstijden\\\/#primaryimage\"},\"thumbnailUrl\":\"https:\\\/\\\/www.batavialand.nl\\\/wp-content\\\/uploads\\\/openingstijden-museum-batavialand.webp\",\"datePublished\":\"2024-11-06T09:52:28+00:00\",\"dateModified\":\"2026-04-21T11:58:39+00:00\",\"description\":\"Schau dir die \u00d6ffnungszeiten des Museums Batavialand an. Wir haben von Dienstag bis Sonntag und in den Schulferien auch montags ge\u00f6ffnet. Entdecke mehr!\",\"breadcrumb\":{\"@id\":\"https:\\\/\\\/www.batavialand.nl\\\/de\\\/plan-je-bezoek\\\/openingstijden\\\/#breadcrumb\"},\"inLanguage\":\"de\",\"potentialAction\":[{\"@type\":\"ReadAction\",\"target\":[\"https:\\\/\\\/www.batavialand.nl\\\/de\\\/plan-je-bezoek\\\/openingstijden\\\/\"]}]},{\"@type\":\"ImageObject\",\"inLanguage\":\"de\",\"@id\":\"https:\\\/\\\/www.batavialand.nl\\\/de\\\/plan-je-bezoek\\\/openingstijden\\\/#primaryimage\",\"url\":\"https:\\\/\\\/www.batavialand.nl\\\/wp-content\\\/uploads\\\/openingstijden-museum-batavialand.webp\",\"contentUrl\":\"https:\\\/\\\/www.batavialand.nl\\\/wp-content\\\/uploads\\\/openingstijden-museum-batavialand.webp\",\"width\":1024,\"height\":678},{\"@type\":\"BreadcrumbList\",\"@id\":\"https:\\\/\\\/www.batavialand.nl\\\/de\\\/plan-je-bezoek\\\/openingstijden\\\/#breadcrumb\",\"itemListElement\":[{\"@type\":\"ListItem\",\"position\":1,\"name\":\"Besuch Planen\",\"item\":\"https:\\\/\\\/www.batavialand.nl\\\/de\\\/plan-je-bezoek\\\/\"},{\"@type\":\"ListItem\",\"position\":2,\"name\":\"\u00d6ffnungszeit\"}]},{\"@type\":\"WebSite\",\"@id\":\"https:\\\/\\\/www.batavialand.nl\\\/de\\\/#website\",\"url\":\"https:\\\/\\\/www.batavialand.nl\\\/de\\\/\",\"name\":\"Museum Batavialand\",\"description\":\"Batavialand, het museum van Flevoland in Lelystad.\",\"publisher\":{\"@id\":\"https:\\\/\\\/www.batavialand.nl\\\/de\\\/#organization\"},\"potentialAction\":[{\"@type\":\"SearchAction\",\"target\":{\"@type\":\"EntryPoint\",\"urlTemplate\":\"https:\\\/\\\/www.batavialand.nl\\\/de\\\/?s={search_term_string}\"},\"query-input\":{\"@type\":\"PropertyValueSpecification\",\"valueRequired\":true,\"valueName\":\"search_term_string\"}}],\"inLanguage\":\"de\"},{\"@type\":\"Organization\",\"@id\":\"https:\\\/\\\/www.batavialand.nl\\\/de\\\/#organization\",\"name\":\"Museum Batavialand\",\"url\":\"https:\\\/\\\/www.batavialand.nl\\\/de\\\/\",\"logo\":{\"@type\":\"ImageObject\",\"inLanguage\":\"de\",\"@id\":\"https:\\\/\\\/www.batavialand.nl\\\/de\\\/#\\\/schema\\\/logo\\\/image\\\/\",\"url\":\"https:\\\/\\\/www.batavialand.nl\\\/wp-content\\\/uploads\\\/batavialand-logo.svg\",\"contentUrl\":\"https:\\\/\\\/www.batavialand.nl\\\/wp-content\\\/uploads\\\/batavialand-logo.svg\",\"width\":1030,\"height\":322,\"caption\":\"Museum Batavialand\"},\"image\":{\"@id\":\"https:\\\/\\\/www.batavialand.nl\\\/de\\\/#\\\/schema\\\/logo\\\/image\\\/\"}}]}<\/script>\n<!-- \/ Yoast SEO plugin. -->","yoast_head_json":{"title":"\u00d6ffnungszeit - Museum Batavialand","description":"Schau dir die \u00d6ffnungszeiten des Museums Batavialand an. Wir haben von Dienstag bis Sonntag und in den Schulferien auch montags ge\u00f6ffnet. Entdecke mehr!","robots":{"index":"index","follow":"follow","max-snippet":"max-snippet:-1","max-image-preview":"max-image-preview:large","max-video-preview":"max-video-preview:-1"},"canonical":"https:\/\/www.batavialand.nl\/de\/plan-je-bezoek\/openingstijden\/","og_locale":"de_DE","og_type":"article","og_title":"\u00d6ffnungszeit - Museum Batavialand","og_description":"Schau dir die \u00d6ffnungszeiten des Museums Batavialand an. Wir haben von Dienstag bis Sonntag und in den Schulferien auch montags ge\u00f6ffnet. Entdecke mehr!","og_url":"https:\/\/www.batavialand.nl\/de\/plan-je-bezoek\/openingstijden\/","og_site_name":"Museum Batavialand","article_modified_time":"2026-04-21T11:58:39+00:00","og_image":[{"width":1024,"height":678,"url":"https:\/\/www.batavialand.nl\/wp-content\/uploads\/openingstijden-museum-batavialand.webp","type":"image\/webp"}],"twitter_card":"summary_large_image","schema":{"@context":"https:\/\/schema.org","@graph":[{"@type":"WebPage","@id":"https:\/\/www.batavialand.nl\/de\/plan-je-bezoek\/openingstijden\/","url":"https:\/\/www.batavialand.nl\/de\/plan-je-bezoek\/openingstijden\/","name":"\u00d6ffnungszeit - Museum Batavialand","isPartOf":{"@id":"https:\/\/www.batavialand.nl\/de\/#website"},"primaryImageOfPage":{"@id":"https:\/\/www.batavialand.nl\/de\/plan-je-bezoek\/openingstijden\/#primaryimage"},"image":{"@id":"https:\/\/www.batavialand.nl\/de\/plan-je-bezoek\/openingstijden\/#primaryimage"},"thumbnailUrl":"https:\/\/www.batavialand.nl\/wp-content\/uploads\/openingstijden-museum-batavialand.webp","datePublished":"2024-11-06T09:52:28+00:00","dateModified":"2026-04-21T11:58:39+00:00","description":"Schau dir die \u00d6ffnungszeiten des Museums Batavialand an. Wir haben von Dienstag bis Sonntag und in den Schulferien auch montags ge\u00f6ffnet. Entdecke mehr!","breadcrumb":{"@id":"https:\/\/www.batavialand.nl\/de\/plan-je-bezoek\/openingstijden\/#breadcrumb"},"inLanguage":"de","potentialAction":[{"@type":"ReadAction","target":["https:\/\/www.batavialand.nl\/de\/plan-je-bezoek\/openingstijden\/"]}]},{"@type":"ImageObject","inLanguage":"de","@id":"https:\/\/www.batavialand.nl\/de\/plan-je-bezoek\/openingstijden\/#primaryimage","url":"https:\/\/www.batavialand.nl\/wp-content\/uploads\/openingstijden-museum-batavialand.webp","contentUrl":"https:\/\/www.batavialand.nl\/wp-content\/uploads\/openingstijden-museum-batavialand.webp","width":1024,"height":678},{"@type":"BreadcrumbList","@id":"https:\/\/www.batavialand.nl\/de\/plan-je-bezoek\/openingstijden\/#breadcrumb","itemListElement":[{"@type":"ListItem","position":1,"name":"Besuch Planen","item":"https:\/\/www.batavialand.nl\/de\/plan-je-bezoek\/"},{"@type":"ListItem","position":2,"name":"\u00d6ffnungszeit"}]},{"@type":"WebSite","@id":"https:\/\/www.batavialand.nl\/de\/#website","url":"https:\/\/www.batavialand.nl\/de\/","name":"Museum Batavialand","description":"Batavialand, het museum van Flevoland in Lelystad.","publisher":{"@id":"https:\/\/www.batavialand.nl\/de\/#organization"},"potentialAction":[{"@type":"SearchAction","target":{"@type":"EntryPoint","urlTemplate":"https:\/\/www.batavialand.nl\/de\/?s={search_term_string}"},"query-input":{"@type":"PropertyValueSpecification","valueRequired":true,"valueName":"search_term_string"}}],"inLanguage":"de"},{"@type":"Organization","@id":"https:\/\/www.batavialand.nl\/de\/#organization","name":"Museum Batavialand","url":"https:\/\/www.batavialand.nl\/de\/","logo":{"@type":"ImageObject","inLanguage":"de","@id":"https:\/\/www.batavialand.nl\/de\/#\/schema\/logo\/image\/","url":"https:\/\/www.batavialand.nl\/wp-content\/uploads\/batavialand-logo.svg","contentUrl":"https:\/\/www.batavialand.nl\/wp-content\/uploads\/batavialand-logo.svg","width":1030,"height":322,"caption":"Museum Batavialand"},"image":{"@id":"https:\/\/www.batavialand.nl\/de\/#\/schema\/logo\/image\/"}}]}},"_links":{"self":[{"href":"https:\/\/www.batavialand.nl\/de\/wp-json\/wp\/v2\/pages\/4246","targetHints":{"allow":["GET"]}}],"collection":[{"href":"https:\/\/www.batavialand.nl\/de\/wp-json\/wp\/v2\/pages"}],"about":[{"href":"https:\/\/www.batavialand.nl\/de\/wp-json\/wp\/v2\/types\/page"}],"author":[{"embeddable":true,"href":"https:\/\/www.batavialand.nl\/de\/wp-json\/wp\/v2\/users\/1"}],"replies":[{"embeddable":true,"href":"https:\/\/www.batavialand.nl\/de\/wp-json\/wp\/v2\/comments?post=4246"}],"version-history":[{"count":16,"href":"https:\/\/www.batavialand.nl\/de\/wp-json\/wp\/v2\/pages\/4246\/revisions"}],"predecessor-version":[{"id":7646,"href":"https:\/\/www.batavialand.nl\/de\/wp-json\/wp\/v2\/pages\/4246\/revisions\/7646"}],"up":[{"embeddable":true,"href":"https:\/\/www.batavialand.nl\/de\/wp-json\/wp\/v2\/pages\/4203"}],"wp:featuredmedia":[{"embeddable":true,"href":"https:\/\/www.batavialand.nl\/de\/wp-json\/wp\/v2\/media\/3872"}],"wp:attachment":[{"href":"https:\/\/www.batavialand.nl\/de\/wp-json\/wp\/v2\/media?parent=4246"}],"curies":[{"name":"wp","href":"https:\/\/api.w.org\/{rel}","templated":true}]}}