{"id":4267,"date":"2025-01-09T14:14:45","date_gmt":"2025-01-09T14:14:45","guid":{"rendered":"https:\/\/www.batavialand.nl\/plane-deinen-gruppenbesuch\/tagesausfluege-und-kombinationspakete\/"},"modified":"2025-02-19T13:54:33","modified_gmt":"2025-02-19T13:54:33","slug":"touroperators","status":"publish","type":"page","link":"https:\/\/www.batavialand.nl\/de\/groepen\/touroperators\/","title":{"rendered":"Tagesausfl\u00fcge und Kombinationspakete"},"content":{"rendered":"\n<h3 class=\"wp-block-heading\">Ein einzigartiges Ziel f\u00fcr Gruppen<\/h3>\n\n<p>Das Museum Batavialand ist der ideale Ort f\u00fcr einen inspirierenden Gruppenausflug. Schlendern Sie durch die Werft, wo alte Boote wiederbelebt werden, gehen Sie an Bord der beeindruckenden Batavia und entdecken Sie im Museum, wie Flevoland zu einem Meisterwerk der Wasserwirtschaft wurde. Ein Besuch im Museum Batavialand ist nicht nur lehrreich, sondern auch ein unvergessliches Erlebnis, das sich perfekt in einen Tagesausflug oder ein Reiseprogramm einf\u00fcgt.  <\/p>\n\n<h3 class=\"wp-block-heading\">Entdecken Sie die Geschichte von Flevoland<\/h3>\n\n<p>Das Museum Batavialand l\u00e4sst die faszinierende Geschichte der Niederlande als Land des Wassers lebendig werden. Besucher erfahren, wie die Zuiderzee gez\u00e4hmt und Flevoland, der gr\u00f6\u00dfte Polder der Welt, gebaut wurde. Unsere Ausstellungen und Aktivit\u00e4ten zeigen, wie Innovation und menschliche Beharrlichkeit diese einzigartige Landschaft geformt haben.  <\/p>\n\n<h3 class=\"wp-block-heading\">Speziell f\u00fcr Reiseveranstalter<\/h3>\n\n<p>Im Museum Batavialand machen wir Gruppenbesuche einfach und ganz individuell:<\/p>\n\n<ul class=\"wp-block-list\">\n<li>Flexible Programme: Stellen Sie einen Tagesausflug zusammen, der perfekt zu Ihrer Gruppe passt. Kombinieren Sie einen Besuch im Batavialand mit anderen regionalen Attraktionen wie dem Marker Wadden oder dem Nationalpark Nieuw Land. Wir k\u00f6nnen den kompletten Tagesausflug arrangieren.  <\/li>\n\n\n\n<li>Sonderpreise: Profitieren Sie von bevorzugten Gruppentarifen und exklusiven Vorteilen f\u00fcr Reiseveranstalter.<\/li>\n\n\n\n<li>Personalisierung: Erweitern Sie Ihr Programm mit F\u00fchrungen, Workshops oder kulinarischen Interpretationen f\u00fcr ein umfassendes Erlebnis.<\/li>\n<\/ul>\n\n<p><\/p>\n\n<h3 class=\"wp-block-heading\"><\/h3>\n","protected":false},"excerpt":{"rendered":"<p>Ein einzigartiges Ziel f\u00fcr Gruppen Das Museum Batavialand ist der ideale Ort f\u00fcr einen inspirierenden Gruppenausflug. Schlendern Sie durch die Werft, wo alte Boote wiederbelebt werden, gehen Sie an Bord der beeindruckenden Batavia und entdecken Sie im Museum, wie Flevoland zu einem Meisterwerk der Wasserwirtschaft wurde. Ein Besuch im Museum Batavialand ist nicht nur lehrreich, [&hellip;]<\/p>\n","protected":false},"author":1,"featured_media":3878,"parent":4221,"menu_order":0,"comment_status":"closed","ping_status":"closed","template":"","meta":{"_acf_changed":false,"footnotes":""},"class_list":["post-4267","page","type-page","status-publish","has-post-thumbnail","hentry"],"acf":[],"yoast_head":"<!-- This site is optimized with the Yoast SEO plugin v27.4 - https:\/\/yoast.com\/product\/yoast-seo-wordpress\/ -->\n<title>Tagesausfl\u00fcge und Kombinationspakete - Museum Batavialand<\/title>\n<meta name=\"robots\" content=\"index, follow, max-snippet:-1, max-image-preview:large, max-video-preview:-1\" \/>\n<link rel=\"canonical\" href=\"https:\/\/www.batavialand.nl\/de\/groepen\/touroperators\/\" \/>\n<meta property=\"og:locale\" content=\"de_DE\" \/>\n<meta property=\"og:type\" content=\"article\" \/>\n<meta property=\"og:title\" content=\"Tagesausfl\u00fcge und Kombinationspakete - Museum Batavialand\" \/>\n<meta property=\"og:description\" content=\"Ein einzigartiges Ziel f\u00fcr Gruppen Das Museum Batavialand ist der ideale Ort f\u00fcr einen inspirierenden Gruppenausflug. Schlendern Sie durch die Werft, wo alte Boote wiederbelebt werden, gehen Sie an Bord der beeindruckenden Batavia und entdecken Sie im Museum, wie Flevoland zu einem Meisterwerk der Wasserwirtschaft wurde. Ein Besuch im Museum Batavialand ist nicht nur lehrreich, [&hellip;]\" \/>\n<meta property=\"og:url\" content=\"https:\/\/www.batavialand.nl\/de\/groepen\/touroperators\/\" \/>\n<meta property=\"og:site_name\" content=\"Museum Batavialand\" \/>\n<meta property=\"article:modified_time\" content=\"2025-02-19T13:54:33+00:00\" \/>\n<meta property=\"og:image\" content=\"https:\/\/www.batavialand.nl\/wp-content\/uploads\/groepen-binnenplaats-museum-batavialand.webp\" \/>\n\t<meta property=\"og:image:width\" content=\"2000\" \/>\n\t<meta property=\"og:image:height\" content=\"800\" \/>\n\t<meta property=\"og:image:type\" content=\"image\/webp\" \/>\n<meta name=\"twitter:card\" content=\"summary_large_image\" \/>\n<meta name=\"twitter:label1\" content=\"Gesch\u00e4tzte Lesezeit\" \/>\n\t<meta name=\"twitter:data1\" content=\"1\u00a0Minute\" \/>\n<script type=\"application\/ld+json\" class=\"yoast-schema-graph\">{\"@context\":\"https:\\\/\\\/schema.org\",\"@graph\":[{\"@type\":\"WebPage\",\"@id\":\"https:\\\/\\\/www.batavialand.nl\\\/de\\\/groepen\\\/touroperators\\\/\",\"url\":\"https:\\\/\\\/www.batavialand.nl\\\/de\\\/groepen\\\/touroperators\\\/\",\"name\":\"Tagesausfl\u00fcge und Kombinationspakete - Museum Batavialand\",\"isPartOf\":{\"@id\":\"https:\\\/\\\/www.batavialand.nl\\\/de\\\/#website\"},\"primaryImageOfPage\":{\"@id\":\"https:\\\/\\\/www.batavialand.nl\\\/de\\\/groepen\\\/touroperators\\\/#primaryimage\"},\"image\":{\"@id\":\"https:\\\/\\\/www.batavialand.nl\\\/de\\\/groepen\\\/touroperators\\\/#primaryimage\"},\"thumbnailUrl\":\"https:\\\/\\\/www.batavialand.nl\\\/wp-content\\\/uploads\\\/groepen-binnenplaats-museum-batavialand.webp\",\"datePublished\":\"2025-01-09T14:14:45+00:00\",\"dateModified\":\"2025-02-19T13:54:33+00:00\",\"breadcrumb\":{\"@id\":\"https:\\\/\\\/www.batavialand.nl\\\/de\\\/groepen\\\/touroperators\\\/#breadcrumb\"},\"inLanguage\":\"de\",\"potentialAction\":[{\"@type\":\"ReadAction\",\"target\":[\"https:\\\/\\\/www.batavialand.nl\\\/de\\\/groepen\\\/touroperators\\\/\"]}]},{\"@type\":\"ImageObject\",\"inLanguage\":\"de\",\"@id\":\"https:\\\/\\\/www.batavialand.nl\\\/de\\\/groepen\\\/touroperators\\\/#primaryimage\",\"url\":\"https:\\\/\\\/www.batavialand.nl\\\/wp-content\\\/uploads\\\/groepen-binnenplaats-museum-batavialand.webp\",\"contentUrl\":\"https:\\\/\\\/www.batavialand.nl\\\/wp-content\\\/uploads\\\/groepen-binnenplaats-museum-batavialand.webp\",\"width\":2000,\"height\":800},{\"@type\":\"BreadcrumbList\",\"@id\":\"https:\\\/\\\/www.batavialand.nl\\\/de\\\/groepen\\\/touroperators\\\/#breadcrumb\",\"itemListElement\":[{\"@type\":\"ListItem\",\"position\":1,\"name\":\"Gruppen\",\"item\":\"https:\\\/\\\/www.batavialand.nl\\\/de\\\/groepen\\\/\"},{\"@type\":\"ListItem\",\"position\":2,\"name\":\"Reiseveranstalter\"}]},{\"@type\":\"WebSite\",\"@id\":\"https:\\\/\\\/www.batavialand.nl\\\/de\\\/#website\",\"url\":\"https:\\\/\\\/www.batavialand.nl\\\/de\\\/\",\"name\":\"Museum Batavialand\",\"description\":\"Batavialand, het museum van Flevoland in Lelystad.\",\"publisher\":{\"@id\":\"https:\\\/\\\/www.batavialand.nl\\\/de\\\/#organization\"},\"potentialAction\":[{\"@type\":\"SearchAction\",\"target\":{\"@type\":\"EntryPoint\",\"urlTemplate\":\"https:\\\/\\\/www.batavialand.nl\\\/de\\\/?s={search_term_string}\"},\"query-input\":{\"@type\":\"PropertyValueSpecification\",\"valueRequired\":true,\"valueName\":\"search_term_string\"}}],\"inLanguage\":\"de\"},{\"@type\":\"Organization\",\"@id\":\"https:\\\/\\\/www.batavialand.nl\\\/de\\\/#organization\",\"name\":\"Museum Batavialand\",\"url\":\"https:\\\/\\\/www.batavialand.nl\\\/de\\\/\",\"logo\":{\"@type\":\"ImageObject\",\"inLanguage\":\"de\",\"@id\":\"https:\\\/\\\/www.batavialand.nl\\\/de\\\/#\\\/schema\\\/logo\\\/image\\\/\",\"url\":\"https:\\\/\\\/www.batavialand.nl\\\/wp-content\\\/uploads\\\/batavialand-logo.svg\",\"contentUrl\":\"https:\\\/\\\/www.batavialand.nl\\\/wp-content\\\/uploads\\\/batavialand-logo.svg\",\"width\":1030,\"height\":322,\"caption\":\"Museum Batavialand\"},\"image\":{\"@id\":\"https:\\\/\\\/www.batavialand.nl\\\/de\\\/#\\\/schema\\\/logo\\\/image\\\/\"}}]}<\/script>\n<!-- \/ Yoast SEO plugin. -->","yoast_head_json":{"title":"Tagesausfl\u00fcge und Kombinationspakete - Museum Batavialand","robots":{"index":"index","follow":"follow","max-snippet":"max-snippet:-1","max-image-preview":"max-image-preview:large","max-video-preview":"max-video-preview:-1"},"canonical":"https:\/\/www.batavialand.nl\/de\/groepen\/touroperators\/","og_locale":"de_DE","og_type":"article","og_title":"Tagesausfl\u00fcge und Kombinationspakete - Museum Batavialand","og_description":"Ein einzigartiges Ziel f\u00fcr Gruppen Das Museum Batavialand ist der ideale Ort f\u00fcr einen inspirierenden Gruppenausflug. Schlendern Sie durch die Werft, wo alte Boote wiederbelebt werden, gehen Sie an Bord der beeindruckenden Batavia und entdecken Sie im Museum, wie Flevoland zu einem Meisterwerk der Wasserwirtschaft wurde. Ein Besuch im Museum Batavialand ist nicht nur lehrreich, [&hellip;]","og_url":"https:\/\/www.batavialand.nl\/de\/groepen\/touroperators\/","og_site_name":"Museum Batavialand","article_modified_time":"2025-02-19T13:54:33+00:00","og_image":[{"width":2000,"height":800,"url":"https:\/\/www.batavialand.nl\/wp-content\/uploads\/groepen-binnenplaats-museum-batavialand.webp","type":"image\/webp"}],"twitter_card":"summary_large_image","twitter_misc":{"Gesch\u00e4tzte Lesezeit":"1\u00a0Minute"},"schema":{"@context":"https:\/\/schema.org","@graph":[{"@type":"WebPage","@id":"https:\/\/www.batavialand.nl\/de\/groepen\/touroperators\/","url":"https:\/\/www.batavialand.nl\/de\/groepen\/touroperators\/","name":"Tagesausfl\u00fcge und Kombinationspakete - Museum Batavialand","isPartOf":{"@id":"https:\/\/www.batavialand.nl\/de\/#website"},"primaryImageOfPage":{"@id":"https:\/\/www.batavialand.nl\/de\/groepen\/touroperators\/#primaryimage"},"image":{"@id":"https:\/\/www.batavialand.nl\/de\/groepen\/touroperators\/#primaryimage"},"thumbnailUrl":"https:\/\/www.batavialand.nl\/wp-content\/uploads\/groepen-binnenplaats-museum-batavialand.webp","datePublished":"2025-01-09T14:14:45+00:00","dateModified":"2025-02-19T13:54:33+00:00","breadcrumb":{"@id":"https:\/\/www.batavialand.nl\/de\/groepen\/touroperators\/#breadcrumb"},"inLanguage":"de","potentialAction":[{"@type":"ReadAction","target":["https:\/\/www.batavialand.nl\/de\/groepen\/touroperators\/"]}]},{"@type":"ImageObject","inLanguage":"de","@id":"https:\/\/www.batavialand.nl\/de\/groepen\/touroperators\/#primaryimage","url":"https:\/\/www.batavialand.nl\/wp-content\/uploads\/groepen-binnenplaats-museum-batavialand.webp","contentUrl":"https:\/\/www.batavialand.nl\/wp-content\/uploads\/groepen-binnenplaats-museum-batavialand.webp","width":2000,"height":800},{"@type":"BreadcrumbList","@id":"https:\/\/www.batavialand.nl\/de\/groepen\/touroperators\/#breadcrumb","itemListElement":[{"@type":"ListItem","position":1,"name":"Gruppen","item":"https:\/\/www.batavialand.nl\/de\/groepen\/"},{"@type":"ListItem","position":2,"name":"Reiseveranstalter"}]},{"@type":"WebSite","@id":"https:\/\/www.batavialand.nl\/de\/#website","url":"https:\/\/www.batavialand.nl\/de\/","name":"Museum Batavialand","description":"Batavialand, het museum van Flevoland in Lelystad.","publisher":{"@id":"https:\/\/www.batavialand.nl\/de\/#organization"},"potentialAction":[{"@type":"SearchAction","target":{"@type":"EntryPoint","urlTemplate":"https:\/\/www.batavialand.nl\/de\/?s={search_term_string}"},"query-input":{"@type":"PropertyValueSpecification","valueRequired":true,"valueName":"search_term_string"}}],"inLanguage":"de"},{"@type":"Organization","@id":"https:\/\/www.batavialand.nl\/de\/#organization","name":"Museum Batavialand","url":"https:\/\/www.batavialand.nl\/de\/","logo":{"@type":"ImageObject","inLanguage":"de","@id":"https:\/\/www.batavialand.nl\/de\/#\/schema\/logo\/image\/","url":"https:\/\/www.batavialand.nl\/wp-content\/uploads\/batavialand-logo.svg","contentUrl":"https:\/\/www.batavialand.nl\/wp-content\/uploads\/batavialand-logo.svg","width":1030,"height":322,"caption":"Museum Batavialand"},"image":{"@id":"https:\/\/www.batavialand.nl\/de\/#\/schema\/logo\/image\/"}}]}},"_links":{"self":[{"href":"https:\/\/www.batavialand.nl\/de\/wp-json\/wp\/v2\/pages\/4267","targetHints":{"allow":["GET"]}}],"collection":[{"href":"https:\/\/www.batavialand.nl\/de\/wp-json\/wp\/v2\/pages"}],"about":[{"href":"https:\/\/www.batavialand.nl\/de\/wp-json\/wp\/v2\/types\/page"}],"author":[{"embeddable":true,"href":"https:\/\/www.batavialand.nl\/de\/wp-json\/wp\/v2\/users\/1"}],"replies":[{"embeddable":true,"href":"https:\/\/www.batavialand.nl\/de\/wp-json\/wp\/v2\/comments?post=4267"}],"version-history":[{"count":2,"href":"https:\/\/www.batavialand.nl\/de\/wp-json\/wp\/v2\/pages\/4267\/revisions"}],"predecessor-version":[{"id":5281,"href":"https:\/\/www.batavialand.nl\/de\/wp-json\/wp\/v2\/pages\/4267\/revisions\/5281"}],"up":[{"embeddable":true,"href":"https:\/\/www.batavialand.nl\/de\/wp-json\/wp\/v2\/pages\/4221"}],"wp:featuredmedia":[{"embeddable":true,"href":"https:\/\/www.batavialand.nl\/de\/wp-json\/wp\/v2\/media\/3878"}],"wp:attachment":[{"href":"https:\/\/www.batavialand.nl\/de\/wp-json\/wp\/v2\/media?parent=4267"}],"curies":[{"name":"wp","href":"https:\/\/api.w.org\/{rel}","templated":true}]}}