{"id":4271,"date":"2024-11-06T10:25:59","date_gmt":"2024-11-06T10:25:59","guid":{"rendered":"https:\/\/www.batavialand.nl\/unterstuetzen-sie-batavialand-und-machen-sie-geschichte-moeglich\/"},"modified":"2025-02-19T13:54:53","modified_gmt":"2025-02-19T13:54:53","slug":"steun-ons","status":"publish","type":"page","link":"https:\/\/www.batavialand.nl\/de\/over-batavialand\/steun-ons\/","title":{"rendered":"Unterst\u00fctzen Sie Batavialand und machen Sie Geschichte m\u00f6glich"},"content":{"rendered":"\n<p>Im Museum Batavialand gibt es verschiedene M\u00f6glichkeiten, wie Sie zur Erhaltung und Erneuerung unseres maritimen Erbes beitragen k\u00f6nnen. Erfahren Sie unten, wie Sie helfen k\u00f6nnen und welche Vorteile Sie haben. <\/p>\n","protected":false},"excerpt":{"rendered":"<p>Im Museum Batavialand gibt es verschiedene M\u00f6glichkeiten, wie Sie zur Erhaltung und Erneuerung unseres maritimen Erbes beitragen k\u00f6nnen. Erfahren Sie unten, wie Sie helfen k\u00f6nnen und welche Vorteile Sie haben.<\/p>\n","protected":false},"author":1,"featured_media":3530,"parent":4276,"menu_order":0,"comment_status":"closed","ping_status":"closed","template":"","meta":{"_acf_changed":false,"footnotes":""},"class_list":["post-4271","page","type-page","status-publish","has-post-thumbnail","hentry"],"acf":[],"yoast_head":"<!-- This site is optimized with the Yoast SEO plugin v27.4 - https:\/\/yoast.com\/product\/yoast-seo-wordpress\/ -->\n<title>Unterst\u00fctzen Sie Batavialand und machen Sie Geschichte m\u00f6glich - Museum Batavialand<\/title>\n<meta name=\"description\" content=\"Finden Sie heraus, wie Sie das Museum Batavialand unterst\u00fctzen k\u00f6nnen. Spenden Sie, werden Sie Freund, Partner oder Verm\u00e4chtnisnehmer und helfen Sie, unser einzigartiges Erbe zu erhalten und zu erneuern!\" \/>\n<meta name=\"robots\" content=\"index, follow, max-snippet:-1, max-image-preview:large, max-video-preview:-1\" \/>\n<link rel=\"canonical\" href=\"https:\/\/www.batavialand.nl\/de\/over-batavialand\/steun-ons\/\" \/>\n<meta property=\"og:locale\" content=\"de_DE\" \/>\n<meta property=\"og:type\" content=\"article\" \/>\n<meta property=\"og:title\" content=\"Unterst\u00fctzen Sie Batavialand und machen Sie Geschichte m\u00f6glich - Museum Batavialand\" \/>\n<meta property=\"og:description\" content=\"Finden Sie heraus, wie Sie das Museum Batavialand unterst\u00fctzen k\u00f6nnen. Spenden Sie, werden Sie Freund, Partner oder Verm\u00e4chtnisnehmer und helfen Sie, unser einzigartiges Erbe zu erhalten und zu erneuern!\" \/>\n<meta property=\"og:url\" content=\"https:\/\/www.batavialand.nl\/de\/over-batavialand\/steun-ons\/\" \/>\n<meta property=\"og:site_name\" content=\"Museum Batavialand\" \/>\n<meta property=\"article:modified_time\" content=\"2025-02-19T13:54:53+00:00\" \/>\n<meta property=\"og:image\" content=\"https:\/\/www.batavialand.nl\/wp-content\/uploads\/doneren-museum-batavialand.webp\" \/>\n\t<meta property=\"og:image:width\" content=\"1024\" \/>\n\t<meta property=\"og:image:height\" content=\"678\" \/>\n\t<meta property=\"og:image:type\" content=\"image\/webp\" \/>\n<meta name=\"twitter:card\" content=\"summary_large_image\" \/>\n<script type=\"application\/ld+json\" class=\"yoast-schema-graph\">{\"@context\":\"https:\\\/\\\/schema.org\",\"@graph\":[{\"@type\":\"WebPage\",\"@id\":\"https:\\\/\\\/www.batavialand.nl\\\/de\\\/over-batavialand\\\/steun-ons\\\/\",\"url\":\"https:\\\/\\\/www.batavialand.nl\\\/de\\\/over-batavialand\\\/steun-ons\\\/\",\"name\":\"Unterst\u00fctzen Sie Batavialand und machen Sie Geschichte m\u00f6glich - Museum Batavialand\",\"isPartOf\":{\"@id\":\"https:\\\/\\\/www.batavialand.nl\\\/de\\\/#website\"},\"primaryImageOfPage\":{\"@id\":\"https:\\\/\\\/www.batavialand.nl\\\/de\\\/over-batavialand\\\/steun-ons\\\/#primaryimage\"},\"image\":{\"@id\":\"https:\\\/\\\/www.batavialand.nl\\\/de\\\/over-batavialand\\\/steun-ons\\\/#primaryimage\"},\"thumbnailUrl\":\"https:\\\/\\\/www.batavialand.nl\\\/wp-content\\\/uploads\\\/doneren-museum-batavialand.webp\",\"datePublished\":\"2024-11-06T10:25:59+00:00\",\"dateModified\":\"2025-02-19T13:54:53+00:00\",\"description\":\"Finden Sie heraus, wie Sie das Museum Batavialand unterst\u00fctzen k\u00f6nnen. Spenden Sie, werden Sie Freund, Partner oder Verm\u00e4chtnisnehmer und helfen Sie, unser einzigartiges Erbe zu erhalten und zu erneuern!\",\"breadcrumb\":{\"@id\":\"https:\\\/\\\/www.batavialand.nl\\\/de\\\/over-batavialand\\\/steun-ons\\\/#breadcrumb\"},\"inLanguage\":\"de\",\"potentialAction\":[{\"@type\":\"ReadAction\",\"target\":[\"https:\\\/\\\/www.batavialand.nl\\\/de\\\/over-batavialand\\\/steun-ons\\\/\"]}]},{\"@type\":\"ImageObject\",\"inLanguage\":\"de\",\"@id\":\"https:\\\/\\\/www.batavialand.nl\\\/de\\\/over-batavialand\\\/steun-ons\\\/#primaryimage\",\"url\":\"https:\\\/\\\/www.batavialand.nl\\\/wp-content\\\/uploads\\\/doneren-museum-batavialand.webp\",\"contentUrl\":\"https:\\\/\\\/www.batavialand.nl\\\/wp-content\\\/uploads\\\/doneren-museum-batavialand.webp\",\"width\":1024,\"height\":678},{\"@type\":\"BreadcrumbList\",\"@id\":\"https:\\\/\\\/www.batavialand.nl\\\/de\\\/over-batavialand\\\/steun-ons\\\/#breadcrumb\",\"itemListElement\":[{\"@type\":\"ListItem\",\"position\":1,\"name\":\"\u00dcber Batavialand\",\"item\":\"https:\\\/\\\/www.batavialand.nl\\\/de\\\/over-batavialand\\\/\"},{\"@type\":\"ListItem\",\"position\":2,\"name\":\"Unterst\u00fctzen Sie uns\"}]},{\"@type\":\"WebSite\",\"@id\":\"https:\\\/\\\/www.batavialand.nl\\\/de\\\/#website\",\"url\":\"https:\\\/\\\/www.batavialand.nl\\\/de\\\/\",\"name\":\"Museum Batavialand\",\"description\":\"Batavialand, het museum van Flevoland in Lelystad.\",\"publisher\":{\"@id\":\"https:\\\/\\\/www.batavialand.nl\\\/de\\\/#organization\"},\"potentialAction\":[{\"@type\":\"SearchAction\",\"target\":{\"@type\":\"EntryPoint\",\"urlTemplate\":\"https:\\\/\\\/www.batavialand.nl\\\/de\\\/?s={search_term_string}\"},\"query-input\":{\"@type\":\"PropertyValueSpecification\",\"valueRequired\":true,\"valueName\":\"search_term_string\"}}],\"inLanguage\":\"de\"},{\"@type\":\"Organization\",\"@id\":\"https:\\\/\\\/www.batavialand.nl\\\/de\\\/#organization\",\"name\":\"Museum Batavialand\",\"url\":\"https:\\\/\\\/www.batavialand.nl\\\/de\\\/\",\"logo\":{\"@type\":\"ImageObject\",\"inLanguage\":\"de\",\"@id\":\"https:\\\/\\\/www.batavialand.nl\\\/de\\\/#\\\/schema\\\/logo\\\/image\\\/\",\"url\":\"https:\\\/\\\/www.batavialand.nl\\\/wp-content\\\/uploads\\\/batavialand-logo.svg\",\"contentUrl\":\"https:\\\/\\\/www.batavialand.nl\\\/wp-content\\\/uploads\\\/batavialand-logo.svg\",\"width\":1030,\"height\":322,\"caption\":\"Museum Batavialand\"},\"image\":{\"@id\":\"https:\\\/\\\/www.batavialand.nl\\\/de\\\/#\\\/schema\\\/logo\\\/image\\\/\"}}]}<\/script>\n<!-- \/ Yoast SEO plugin. -->","yoast_head_json":{"title":"Unterst\u00fctzen Sie Batavialand und machen Sie Geschichte m\u00f6glich - Museum Batavialand","description":"Finden Sie heraus, wie Sie das Museum Batavialand unterst\u00fctzen k\u00f6nnen. Spenden Sie, werden Sie Freund, Partner oder Verm\u00e4chtnisnehmer und helfen Sie, unser einzigartiges Erbe zu erhalten und zu erneuern!","robots":{"index":"index","follow":"follow","max-snippet":"max-snippet:-1","max-image-preview":"max-image-preview:large","max-video-preview":"max-video-preview:-1"},"canonical":"https:\/\/www.batavialand.nl\/de\/over-batavialand\/steun-ons\/","og_locale":"de_DE","og_type":"article","og_title":"Unterst\u00fctzen Sie Batavialand und machen Sie Geschichte m\u00f6glich - Museum Batavialand","og_description":"Finden Sie heraus, wie Sie das Museum Batavialand unterst\u00fctzen k\u00f6nnen. Spenden Sie, werden Sie Freund, Partner oder Verm\u00e4chtnisnehmer und helfen Sie, unser einzigartiges Erbe zu erhalten und zu erneuern!","og_url":"https:\/\/www.batavialand.nl\/de\/over-batavialand\/steun-ons\/","og_site_name":"Museum Batavialand","article_modified_time":"2025-02-19T13:54:53+00:00","og_image":[{"width":1024,"height":678,"url":"https:\/\/www.batavialand.nl\/wp-content\/uploads\/doneren-museum-batavialand.webp","type":"image\/webp"}],"twitter_card":"summary_large_image","schema":{"@context":"https:\/\/schema.org","@graph":[{"@type":"WebPage","@id":"https:\/\/www.batavialand.nl\/de\/over-batavialand\/steun-ons\/","url":"https:\/\/www.batavialand.nl\/de\/over-batavialand\/steun-ons\/","name":"Unterst\u00fctzen Sie Batavialand und machen Sie Geschichte m\u00f6glich - Museum Batavialand","isPartOf":{"@id":"https:\/\/www.batavialand.nl\/de\/#website"},"primaryImageOfPage":{"@id":"https:\/\/www.batavialand.nl\/de\/over-batavialand\/steun-ons\/#primaryimage"},"image":{"@id":"https:\/\/www.batavialand.nl\/de\/over-batavialand\/steun-ons\/#primaryimage"},"thumbnailUrl":"https:\/\/www.batavialand.nl\/wp-content\/uploads\/doneren-museum-batavialand.webp","datePublished":"2024-11-06T10:25:59+00:00","dateModified":"2025-02-19T13:54:53+00:00","description":"Finden Sie heraus, wie Sie das Museum Batavialand unterst\u00fctzen k\u00f6nnen. Spenden Sie, werden Sie Freund, Partner oder Verm\u00e4chtnisnehmer und helfen Sie, unser einzigartiges Erbe zu erhalten und zu erneuern!","breadcrumb":{"@id":"https:\/\/www.batavialand.nl\/de\/over-batavialand\/steun-ons\/#breadcrumb"},"inLanguage":"de","potentialAction":[{"@type":"ReadAction","target":["https:\/\/www.batavialand.nl\/de\/over-batavialand\/steun-ons\/"]}]},{"@type":"ImageObject","inLanguage":"de","@id":"https:\/\/www.batavialand.nl\/de\/over-batavialand\/steun-ons\/#primaryimage","url":"https:\/\/www.batavialand.nl\/wp-content\/uploads\/doneren-museum-batavialand.webp","contentUrl":"https:\/\/www.batavialand.nl\/wp-content\/uploads\/doneren-museum-batavialand.webp","width":1024,"height":678},{"@type":"BreadcrumbList","@id":"https:\/\/www.batavialand.nl\/de\/over-batavialand\/steun-ons\/#breadcrumb","itemListElement":[{"@type":"ListItem","position":1,"name":"\u00dcber Batavialand","item":"https:\/\/www.batavialand.nl\/de\/over-batavialand\/"},{"@type":"ListItem","position":2,"name":"Unterst\u00fctzen Sie uns"}]},{"@type":"WebSite","@id":"https:\/\/www.batavialand.nl\/de\/#website","url":"https:\/\/www.batavialand.nl\/de\/","name":"Museum Batavialand","description":"Batavialand, het museum van Flevoland in Lelystad.","publisher":{"@id":"https:\/\/www.batavialand.nl\/de\/#organization"},"potentialAction":[{"@type":"SearchAction","target":{"@type":"EntryPoint","urlTemplate":"https:\/\/www.batavialand.nl\/de\/?s={search_term_string}"},"query-input":{"@type":"PropertyValueSpecification","valueRequired":true,"valueName":"search_term_string"}}],"inLanguage":"de"},{"@type":"Organization","@id":"https:\/\/www.batavialand.nl\/de\/#organization","name":"Museum Batavialand","url":"https:\/\/www.batavialand.nl\/de\/","logo":{"@type":"ImageObject","inLanguage":"de","@id":"https:\/\/www.batavialand.nl\/de\/#\/schema\/logo\/image\/","url":"https:\/\/www.batavialand.nl\/wp-content\/uploads\/batavialand-logo.svg","contentUrl":"https:\/\/www.batavialand.nl\/wp-content\/uploads\/batavialand-logo.svg","width":1030,"height":322,"caption":"Museum Batavialand"},"image":{"@id":"https:\/\/www.batavialand.nl\/de\/#\/schema\/logo\/image\/"}}]}},"_links":{"self":[{"href":"https:\/\/www.batavialand.nl\/de\/wp-json\/wp\/v2\/pages\/4271","targetHints":{"allow":["GET"]}}],"collection":[{"href":"https:\/\/www.batavialand.nl\/de\/wp-json\/wp\/v2\/pages"}],"about":[{"href":"https:\/\/www.batavialand.nl\/de\/wp-json\/wp\/v2\/types\/page"}],"author":[{"embeddable":true,"href":"https:\/\/www.batavialand.nl\/de\/wp-json\/wp\/v2\/users\/1"}],"replies":[{"embeddable":true,"href":"https:\/\/www.batavialand.nl\/de\/wp-json\/wp\/v2\/comments?post=4271"}],"version-history":[{"count":1,"href":"https:\/\/www.batavialand.nl\/de\/wp-json\/wp\/v2\/pages\/4271\/revisions"}],"predecessor-version":[{"id":4273,"href":"https:\/\/www.batavialand.nl\/de\/wp-json\/wp\/v2\/pages\/4271\/revisions\/4273"}],"up":[{"embeddable":true,"href":"https:\/\/www.batavialand.nl\/de\/wp-json\/wp\/v2\/pages\/4276"}],"wp:featuredmedia":[{"embeddable":true,"href":"https:\/\/www.batavialand.nl\/de\/wp-json\/wp\/v2\/media\/3530"}],"wp:attachment":[{"href":"https:\/\/www.batavialand.nl\/de\/wp-json\/wp\/v2\/media?parent=4271"}],"curies":[{"name":"wp","href":"https:\/\/api.w.org\/{rel}","templated":true}]}}