{"id":4287,"date":"2024-11-06T10:25:23","date_gmt":"2024-11-06T10:25:23","guid":{"rendered":"https:\/\/www.batavialand.nl\/das-museum-batavialand-ist-ein-einzigartiger-ort\/organisation\/"},"modified":"2026-03-11T11:10:39","modified_gmt":"2026-03-11T11:10:39","slug":"organisatie","status":"publish","type":"page","link":"https:\/\/www.batavialand.nl\/de\/over-batavialand\/organisatie\/","title":{"rendered":"Organisation"},"content":{"rendered":"\n<h3 class=\"wp-block-heading\"><strong>Die Geschichte des Museums Batavialand: zwei Welten vereint<\/strong><\/h3>\n\n<ul class=\"wp-block-list\">\n<li><strong>Batavia-Werft<\/strong>: Die Batavia-Werft wurde 1985 von Willem Vos gegr\u00fcndet und konzentrierte sich auf die Rekonstruktion historischer Schiffe aus dem 17. Die Rekonstruktion des VOC-Schiffs Batavia wurde 1995 abgeschlossen und von K\u00f6nigin Beatrix getauft. Die Werft ist nach wie vor ein lebendiges Zentrum f\u00fcr historischen Schiffbau und Bildung.  <\/li>\n\n\n\n<li><strong>Nieuw Land Erfgoedcentrum<\/strong>: Dieses Zentrum beleuchtete die Vorgeschichte von Flevoland, den Kampf gegen das Wasser und das ehrgeizige Zuiderzee-Projekt. Als Museum und Archiv verwaltet es eine F\u00fclle von Informationen \u00fcber die j\u00fcngste Provinz der Niederlande. <\/li>\n\n\n\n<li><strong>Nationales arch\u00e4ologisches Schiffsdepot<\/strong>: Seit 2021 verwaltet das Museum Batavialand das nationale arch\u00e4ologische Schiffsdepot. Dieses Depot beherbergt eine einzigartige nationale Sammlung von rund 40.000 Schiffsfunden, von kompletten Wracks bis hin zu Schiffsladungen. <\/li>\n<\/ul>\n\n<p><\/p>\n","protected":false},"excerpt":{"rendered":"<p>Die Geschichte des Museums Batavialand: zwei Welten vereint<\/p>\n","protected":false},"author":1,"featured_media":3496,"parent":4276,"menu_order":0,"comment_status":"closed","ping_status":"closed","template":"","meta":{"_acf_changed":false,"footnotes":""},"class_list":["post-4287","page","type-page","status-publish","has-post-thumbnail","hentry"],"acf":[],"yoast_head":"<!-- This site is optimized with the Yoast SEO plugin v27.4 - https:\/\/yoast.com\/product\/yoast-seo-wordpress\/ -->\n<title>Organisation - Museum Batavialand<\/title>\n<meta name=\"description\" content=\"Lesen Sie mehr \u00fcber die Organisation hinter dem Museum Batavialand, seine reiche Geschichte und das leidenschaftliche Team, das das maritime Erbe und die Geschichte Flevolands zum Leben erweckt.\" \/>\n<meta name=\"robots\" content=\"index, follow, max-snippet:-1, max-image-preview:large, max-video-preview:-1\" \/>\n<link rel=\"canonical\" href=\"https:\/\/www.batavialand.nl\/de\/over-batavialand\/organisatie\/\" \/>\n<meta property=\"og:locale\" content=\"de_DE\" \/>\n<meta property=\"og:type\" content=\"article\" \/>\n<meta property=\"og:title\" content=\"Organisation - Museum Batavialand\" \/>\n<meta property=\"og:description\" content=\"Lesen Sie mehr \u00fcber die Organisation hinter dem Museum Batavialand, seine reiche Geschichte und das leidenschaftliche Team, das das maritime Erbe und die Geschichte Flevolands zum Leben erweckt.\" \/>\n<meta property=\"og:url\" content=\"https:\/\/www.batavialand.nl\/de\/over-batavialand\/organisatie\/\" \/>\n<meta property=\"og:site_name\" content=\"Museum Batavialand\" \/>\n<meta property=\"article:modified_time\" content=\"2026-03-11T11:10:39+00:00\" \/>\n<meta property=\"og:image\" content=\"https:\/\/www.batavialand.nl\/wp-content\/uploads\/luchtfoto-museum-batavialand-bataviastad.webp\" \/>\n\t<meta property=\"og:image:width\" content=\"1024\" \/>\n\t<meta property=\"og:image:height\" content=\"678\" \/>\n\t<meta property=\"og:image:type\" content=\"image\/webp\" \/>\n<meta name=\"twitter:card\" content=\"summary_large_image\" \/>\n<meta name=\"twitter:label1\" content=\"Gesch\u00e4tzte Lesezeit\" \/>\n\t<meta name=\"twitter:data1\" content=\"1\u00a0Minute\" \/>\n<script type=\"application\/ld+json\" class=\"yoast-schema-graph\">{\"@context\":\"https:\\\/\\\/schema.org\",\"@graph\":[{\"@type\":\"WebPage\",\"@id\":\"https:\\\/\\\/www.batavialand.nl\\\/de\\\/over-batavialand\\\/organisatie\\\/\",\"url\":\"https:\\\/\\\/www.batavialand.nl\\\/de\\\/over-batavialand\\\/organisatie\\\/\",\"name\":\"Organisation - Museum Batavialand\",\"isPartOf\":{\"@id\":\"https:\\\/\\\/www.batavialand.nl\\\/de\\\/#website\"},\"primaryImageOfPage\":{\"@id\":\"https:\\\/\\\/www.batavialand.nl\\\/de\\\/over-batavialand\\\/organisatie\\\/#primaryimage\"},\"image\":{\"@id\":\"https:\\\/\\\/www.batavialand.nl\\\/de\\\/over-batavialand\\\/organisatie\\\/#primaryimage\"},\"thumbnailUrl\":\"https:\\\/\\\/www.batavialand.nl\\\/wp-content\\\/uploads\\\/luchtfoto-museum-batavialand-bataviastad.webp\",\"datePublished\":\"2024-11-06T10:25:23+00:00\",\"dateModified\":\"2026-03-11T11:10:39+00:00\",\"description\":\"Lesen Sie mehr \u00fcber die Organisation hinter dem Museum Batavialand, seine reiche Geschichte und das leidenschaftliche Team, das das maritime Erbe und die Geschichte Flevolands zum Leben erweckt.\",\"breadcrumb\":{\"@id\":\"https:\\\/\\\/www.batavialand.nl\\\/de\\\/over-batavialand\\\/organisatie\\\/#breadcrumb\"},\"inLanguage\":\"de\",\"potentialAction\":[{\"@type\":\"ReadAction\",\"target\":[\"https:\\\/\\\/www.batavialand.nl\\\/de\\\/over-batavialand\\\/organisatie\\\/\"]}]},{\"@type\":\"ImageObject\",\"inLanguage\":\"de\",\"@id\":\"https:\\\/\\\/www.batavialand.nl\\\/de\\\/over-batavialand\\\/organisatie\\\/#primaryimage\",\"url\":\"https:\\\/\\\/www.batavialand.nl\\\/wp-content\\\/uploads\\\/luchtfoto-museum-batavialand-bataviastad.webp\",\"contentUrl\":\"https:\\\/\\\/www.batavialand.nl\\\/wp-content\\\/uploads\\\/luchtfoto-museum-batavialand-bataviastad.webp\",\"width\":1024,\"height\":678,\"caption\":\"Luftaufnahme von Museum Batavialand\"},{\"@type\":\"BreadcrumbList\",\"@id\":\"https:\\\/\\\/www.batavialand.nl\\\/de\\\/over-batavialand\\\/organisatie\\\/#breadcrumb\",\"itemListElement\":[{\"@type\":\"ListItem\",\"position\":1,\"name\":\"\u00dcber Batavialand\",\"item\":\"https:\\\/\\\/www.batavialand.nl\\\/de\\\/over-batavialand\\\/\"},{\"@type\":\"ListItem\",\"position\":2,\"name\":\"Organisation\"}]},{\"@type\":\"WebSite\",\"@id\":\"https:\\\/\\\/www.batavialand.nl\\\/de\\\/#website\",\"url\":\"https:\\\/\\\/www.batavialand.nl\\\/de\\\/\",\"name\":\"Museum Batavialand\",\"description\":\"Batavialand, het museum van Flevoland in Lelystad.\",\"publisher\":{\"@id\":\"https:\\\/\\\/www.batavialand.nl\\\/de\\\/#organization\"},\"potentialAction\":[{\"@type\":\"SearchAction\",\"target\":{\"@type\":\"EntryPoint\",\"urlTemplate\":\"https:\\\/\\\/www.batavialand.nl\\\/de\\\/?s={search_term_string}\"},\"query-input\":{\"@type\":\"PropertyValueSpecification\",\"valueRequired\":true,\"valueName\":\"search_term_string\"}}],\"inLanguage\":\"de\"},{\"@type\":\"Organization\",\"@id\":\"https:\\\/\\\/www.batavialand.nl\\\/de\\\/#organization\",\"name\":\"Museum Batavialand\",\"url\":\"https:\\\/\\\/www.batavialand.nl\\\/de\\\/\",\"logo\":{\"@type\":\"ImageObject\",\"inLanguage\":\"de\",\"@id\":\"https:\\\/\\\/www.batavialand.nl\\\/de\\\/#\\\/schema\\\/logo\\\/image\\\/\",\"url\":\"https:\\\/\\\/www.batavialand.nl\\\/wp-content\\\/uploads\\\/batavialand-logo.svg\",\"contentUrl\":\"https:\\\/\\\/www.batavialand.nl\\\/wp-content\\\/uploads\\\/batavialand-logo.svg\",\"width\":1030,\"height\":322,\"caption\":\"Museum Batavialand\"},\"image\":{\"@id\":\"https:\\\/\\\/www.batavialand.nl\\\/de\\\/#\\\/schema\\\/logo\\\/image\\\/\"}}]}<\/script>\n<!-- \/ Yoast SEO plugin. -->","yoast_head_json":{"title":"Organisation - Museum Batavialand","description":"Lesen Sie mehr \u00fcber die Organisation hinter dem Museum Batavialand, seine reiche Geschichte und das leidenschaftliche Team, das das maritime Erbe und die Geschichte Flevolands zum Leben erweckt.","robots":{"index":"index","follow":"follow","max-snippet":"max-snippet:-1","max-image-preview":"max-image-preview:large","max-video-preview":"max-video-preview:-1"},"canonical":"https:\/\/www.batavialand.nl\/de\/over-batavialand\/organisatie\/","og_locale":"de_DE","og_type":"article","og_title":"Organisation - Museum Batavialand","og_description":"Lesen Sie mehr \u00fcber die Organisation hinter dem Museum Batavialand, seine reiche Geschichte und das leidenschaftliche Team, das das maritime Erbe und die Geschichte Flevolands zum Leben erweckt.","og_url":"https:\/\/www.batavialand.nl\/de\/over-batavialand\/organisatie\/","og_site_name":"Museum Batavialand","article_modified_time":"2026-03-11T11:10:39+00:00","og_image":[{"width":1024,"height":678,"url":"https:\/\/www.batavialand.nl\/wp-content\/uploads\/luchtfoto-museum-batavialand-bataviastad.webp","type":"image\/webp"}],"twitter_card":"summary_large_image","twitter_misc":{"Gesch\u00e4tzte Lesezeit":"1\u00a0Minute"},"schema":{"@context":"https:\/\/schema.org","@graph":[{"@type":"WebPage","@id":"https:\/\/www.batavialand.nl\/de\/over-batavialand\/organisatie\/","url":"https:\/\/www.batavialand.nl\/de\/over-batavialand\/organisatie\/","name":"Organisation - Museum Batavialand","isPartOf":{"@id":"https:\/\/www.batavialand.nl\/de\/#website"},"primaryImageOfPage":{"@id":"https:\/\/www.batavialand.nl\/de\/over-batavialand\/organisatie\/#primaryimage"},"image":{"@id":"https:\/\/www.batavialand.nl\/de\/over-batavialand\/organisatie\/#primaryimage"},"thumbnailUrl":"https:\/\/www.batavialand.nl\/wp-content\/uploads\/luchtfoto-museum-batavialand-bataviastad.webp","datePublished":"2024-11-06T10:25:23+00:00","dateModified":"2026-03-11T11:10:39+00:00","description":"Lesen Sie mehr \u00fcber die Organisation hinter dem Museum Batavialand, seine reiche Geschichte und das leidenschaftliche Team, das das maritime Erbe und die Geschichte Flevolands zum Leben erweckt.","breadcrumb":{"@id":"https:\/\/www.batavialand.nl\/de\/over-batavialand\/organisatie\/#breadcrumb"},"inLanguage":"de","potentialAction":[{"@type":"ReadAction","target":["https:\/\/www.batavialand.nl\/de\/over-batavialand\/organisatie\/"]}]},{"@type":"ImageObject","inLanguage":"de","@id":"https:\/\/www.batavialand.nl\/de\/over-batavialand\/organisatie\/#primaryimage","url":"https:\/\/www.batavialand.nl\/wp-content\/uploads\/luchtfoto-museum-batavialand-bataviastad.webp","contentUrl":"https:\/\/www.batavialand.nl\/wp-content\/uploads\/luchtfoto-museum-batavialand-bataviastad.webp","width":1024,"height":678,"caption":"Luftaufnahme von Museum Batavialand"},{"@type":"BreadcrumbList","@id":"https:\/\/www.batavialand.nl\/de\/over-batavialand\/organisatie\/#breadcrumb","itemListElement":[{"@type":"ListItem","position":1,"name":"\u00dcber Batavialand","item":"https:\/\/www.batavialand.nl\/de\/over-batavialand\/"},{"@type":"ListItem","position":2,"name":"Organisation"}]},{"@type":"WebSite","@id":"https:\/\/www.batavialand.nl\/de\/#website","url":"https:\/\/www.batavialand.nl\/de\/","name":"Museum Batavialand","description":"Batavialand, het museum van Flevoland in Lelystad.","publisher":{"@id":"https:\/\/www.batavialand.nl\/de\/#organization"},"potentialAction":[{"@type":"SearchAction","target":{"@type":"EntryPoint","urlTemplate":"https:\/\/www.batavialand.nl\/de\/?s={search_term_string}"},"query-input":{"@type":"PropertyValueSpecification","valueRequired":true,"valueName":"search_term_string"}}],"inLanguage":"de"},{"@type":"Organization","@id":"https:\/\/www.batavialand.nl\/de\/#organization","name":"Museum Batavialand","url":"https:\/\/www.batavialand.nl\/de\/","logo":{"@type":"ImageObject","inLanguage":"de","@id":"https:\/\/www.batavialand.nl\/de\/#\/schema\/logo\/image\/","url":"https:\/\/www.batavialand.nl\/wp-content\/uploads\/batavialand-logo.svg","contentUrl":"https:\/\/www.batavialand.nl\/wp-content\/uploads\/batavialand-logo.svg","width":1030,"height":322,"caption":"Museum Batavialand"},"image":{"@id":"https:\/\/www.batavialand.nl\/de\/#\/schema\/logo\/image\/"}}]}},"_links":{"self":[{"href":"https:\/\/www.batavialand.nl\/de\/wp-json\/wp\/v2\/pages\/4287","targetHints":{"allow":["GET"]}}],"collection":[{"href":"https:\/\/www.batavialand.nl\/de\/wp-json\/wp\/v2\/pages"}],"about":[{"href":"https:\/\/www.batavialand.nl\/de\/wp-json\/wp\/v2\/types\/page"}],"author":[{"embeddable":true,"href":"https:\/\/www.batavialand.nl\/de\/wp-json\/wp\/v2\/users\/1"}],"replies":[{"embeddable":true,"href":"https:\/\/www.batavialand.nl\/de\/wp-json\/wp\/v2\/comments?post=4287"}],"version-history":[{"count":2,"href":"https:\/\/www.batavialand.nl\/de\/wp-json\/wp\/v2\/pages\/4287\/revisions"}],"predecessor-version":[{"id":6375,"href":"https:\/\/www.batavialand.nl\/de\/wp-json\/wp\/v2\/pages\/4287\/revisions\/6375"}],"up":[{"embeddable":true,"href":"https:\/\/www.batavialand.nl\/de\/wp-json\/wp\/v2\/pages\/4276"}],"wp:featuredmedia":[{"embeddable":true,"href":"https:\/\/www.batavialand.nl\/de\/wp-json\/wp\/v2\/media\/3496"}],"wp:attachment":[{"href":"https:\/\/www.batavialand.nl\/de\/wp-json\/wp\/v2\/media?parent=4287"}],"curies":[{"name":"wp","href":"https:\/\/api.w.org\/{rel}","templated":true}]}}