{"id":4291,"date":"2024-11-06T10:23:46","date_gmt":"2024-11-06T10:23:46","guid":{"rendered":"https:\/\/www.batavialand.nl\/flevoland-speicher\/"},"modified":"2026-02-02T15:24:41","modified_gmt":"2026-02-02T15:24:41","slug":"verhaal-van-flevoland","status":"publish","type":"page","link":"https:\/\/www.batavialand.nl\/de\/kennis-en-collecties\/verhaal-van-flevoland\/","title":{"rendered":"Flevoland Speicher"},"content":{"rendered":"\n<h3 class=\"wp-block-heading\">Die Erinnerung an Flevoland, erz\u00e4hlt von Bewohnern<\/h3>\n\n<p>Flevolands Memory ist die Storytelling-Website des Museum Batavialand, auf der pers\u00f6nliche Geschichten \u00fcber die j\u00fcngste Provinz der Niederlande erz\u00e4hlt werden. Als Teil des Museums erweckt diese Website die Geschichte Flevolands mit einzigartigen Geschichten \u00fcber die Zuiderzee, die Urbarmachung und das Leben im neuen Land zum Leben. Entdecke, wie die ersten Gesch\u00e4fte und Sinterklaas-Paraden in Almere und Lelystad entstanden sind, und tauche ein in die Zeit, als Urk noch eine Insel war.  <\/p>\n\n<div class=\"wp-block-buttons is-layout-flex wp-block-buttons-is-layout-flex\">\n<div class=\"wp-block-button\"><a class=\"wp-block-button__link wp-element-button\" href=\"https:\/\/www.flevolandsgeheugen.nl\" target=\"_blank\" rel=\"noreferrer noopener\">Zu flevolandsgeheugen.nl<\/a><\/div>\n<\/div>\n","protected":false},"excerpt":{"rendered":"<p>Die Erinnerung an Flevoland, erz\u00e4hlt von Bewohnern Flevolands Memory ist die Storytelling-Website des Museum Batavialand, auf der pers\u00f6nliche Geschichten \u00fcber die j\u00fcngste Provinz der Niederlande erz\u00e4hlt werden. Als Teil des Museums erweckt diese Website die Geschichte Flevolands mit einzigartigen Geschichten \u00fcber die Zuiderzee, die Urbarmachung und das Leben im neuen Land zum Leben. Entdecke, wie [&hellip;]<\/p>\n","protected":false},"author":1,"featured_media":3564,"parent":4312,"menu_order":0,"comment_status":"closed","ping_status":"closed","template":"","meta":{"_acf_changed":false,"footnotes":""},"class_list":["post-4291","page","type-page","status-publish","has-post-thumbnail","hentry"],"acf":[],"yoast_head":"<!-- This site is optimized with the Yoast SEO plugin v27.4 - https:\/\/yoast.com\/product\/yoast-seo-wordpress\/ -->\n<title>Flevoland Speicher - Museum Batavialand<\/title>\n<meta name=\"description\" content=\"Entdecke das Ged\u00e4chtnis von Flevoland: eine Sammlung faszinierender Geschichten \u00fcber die Zuiderzee, die Urbarmachung und das Leben in der j\u00fcngsten Provinz der Niederlande.\" \/>\n<meta name=\"robots\" content=\"index, follow, max-snippet:-1, max-image-preview:large, max-video-preview:-1\" \/>\n<link rel=\"canonical\" href=\"https:\/\/www.batavialand.nl\/de\/kennis-en-collecties\/verhaal-van-flevoland\/\" \/>\n<meta property=\"og:locale\" content=\"de_DE\" \/>\n<meta property=\"og:type\" content=\"article\" \/>\n<meta property=\"og:title\" content=\"Flevoland Speicher - Museum Batavialand\" \/>\n<meta property=\"og:description\" content=\"Entdecke das Ged\u00e4chtnis von Flevoland: eine Sammlung faszinierender Geschichten \u00fcber die Zuiderzee, die Urbarmachung und das Leben in der j\u00fcngsten Provinz der Niederlande.\" \/>\n<meta property=\"og:url\" content=\"https:\/\/www.batavialand.nl\/de\/kennis-en-collecties\/verhaal-van-flevoland\/\" \/>\n<meta property=\"og:site_name\" content=\"Museum Batavialand\" \/>\n<meta property=\"article:modified_time\" content=\"2026-02-02T15:24:41+00:00\" \/>\n<meta property=\"og:image\" content=\"https:\/\/www.batavialand.nl\/wp-content\/uploads\/flevolands-geheugen-museum-batavialand.webp\" \/>\n\t<meta property=\"og:image:width\" content=\"1024\" \/>\n\t<meta property=\"og:image:height\" content=\"678\" \/>\n\t<meta property=\"og:image:type\" content=\"image\/webp\" \/>\n<meta name=\"twitter:card\" content=\"summary_large_image\" \/>\n<script type=\"application\/ld+json\" class=\"yoast-schema-graph\">{\"@context\":\"https:\\\/\\\/schema.org\",\"@graph\":[{\"@type\":\"WebPage\",\"@id\":\"https:\\\/\\\/www.batavialand.nl\\\/de\\\/kennis-en-collecties\\\/verhaal-van-flevoland\\\/\",\"url\":\"https:\\\/\\\/www.batavialand.nl\\\/de\\\/kennis-en-collecties\\\/verhaal-van-flevoland\\\/\",\"name\":\"Flevoland Speicher - Museum Batavialand\",\"isPartOf\":{\"@id\":\"https:\\\/\\\/www.batavialand.nl\\\/de\\\/#website\"},\"primaryImageOfPage\":{\"@id\":\"https:\\\/\\\/www.batavialand.nl\\\/de\\\/kennis-en-collecties\\\/verhaal-van-flevoland\\\/#primaryimage\"},\"image\":{\"@id\":\"https:\\\/\\\/www.batavialand.nl\\\/de\\\/kennis-en-collecties\\\/verhaal-van-flevoland\\\/#primaryimage\"},\"thumbnailUrl\":\"https:\\\/\\\/www.batavialand.nl\\\/wp-content\\\/uploads\\\/flevolands-geheugen-museum-batavialand.webp\",\"datePublished\":\"2024-11-06T10:23:46+00:00\",\"dateModified\":\"2026-02-02T15:24:41+00:00\",\"description\":\"Entdecke das Ged\u00e4chtnis von Flevoland: eine Sammlung faszinierender Geschichten \u00fcber die Zuiderzee, die Urbarmachung und das Leben in der j\u00fcngsten Provinz der Niederlande.\",\"breadcrumb\":{\"@id\":\"https:\\\/\\\/www.batavialand.nl\\\/de\\\/kennis-en-collecties\\\/verhaal-van-flevoland\\\/#breadcrumb\"},\"inLanguage\":\"de\",\"potentialAction\":[{\"@type\":\"ReadAction\",\"target\":[\"https:\\\/\\\/www.batavialand.nl\\\/de\\\/kennis-en-collecties\\\/verhaal-van-flevoland\\\/\"]}]},{\"@type\":\"ImageObject\",\"inLanguage\":\"de\",\"@id\":\"https:\\\/\\\/www.batavialand.nl\\\/de\\\/kennis-en-collecties\\\/verhaal-van-flevoland\\\/#primaryimage\",\"url\":\"https:\\\/\\\/www.batavialand.nl\\\/wp-content\\\/uploads\\\/flevolands-geheugen-museum-batavialand.webp\",\"contentUrl\":\"https:\\\/\\\/www.batavialand.nl\\\/wp-content\\\/uploads\\\/flevolands-geheugen-museum-batavialand.webp\",\"width\":1024,\"height\":678},{\"@type\":\"BreadcrumbList\",\"@id\":\"https:\\\/\\\/www.batavialand.nl\\\/de\\\/kennis-en-collecties\\\/verhaal-van-flevoland\\\/#breadcrumb\",\"itemListElement\":[{\"@type\":\"ListItem\",\"position\":1,\"name\":\"Wissen und Sammlungen\",\"item\":\"https:\\\/\\\/www.batavialand.nl\\\/de\\\/kennis-en-collecties\\\/\"},{\"@type\":\"ListItem\",\"position\":2,\"name\":\"Flevoland Speicher\"}]},{\"@type\":\"WebSite\",\"@id\":\"https:\\\/\\\/www.batavialand.nl\\\/de\\\/#website\",\"url\":\"https:\\\/\\\/www.batavialand.nl\\\/de\\\/\",\"name\":\"Museum Batavialand\",\"description\":\"Batavialand, het museum van Flevoland in Lelystad.\",\"publisher\":{\"@id\":\"https:\\\/\\\/www.batavialand.nl\\\/de\\\/#organization\"},\"potentialAction\":[{\"@type\":\"SearchAction\",\"target\":{\"@type\":\"EntryPoint\",\"urlTemplate\":\"https:\\\/\\\/www.batavialand.nl\\\/de\\\/?s={search_term_string}\"},\"query-input\":{\"@type\":\"PropertyValueSpecification\",\"valueRequired\":true,\"valueName\":\"search_term_string\"}}],\"inLanguage\":\"de\"},{\"@type\":\"Organization\",\"@id\":\"https:\\\/\\\/www.batavialand.nl\\\/de\\\/#organization\",\"name\":\"Museum Batavialand\",\"url\":\"https:\\\/\\\/www.batavialand.nl\\\/de\\\/\",\"logo\":{\"@type\":\"ImageObject\",\"inLanguage\":\"de\",\"@id\":\"https:\\\/\\\/www.batavialand.nl\\\/de\\\/#\\\/schema\\\/logo\\\/image\\\/\",\"url\":\"https:\\\/\\\/www.batavialand.nl\\\/wp-content\\\/uploads\\\/batavialand-logo.svg\",\"contentUrl\":\"https:\\\/\\\/www.batavialand.nl\\\/wp-content\\\/uploads\\\/batavialand-logo.svg\",\"width\":1030,\"height\":322,\"caption\":\"Museum Batavialand\"},\"image\":{\"@id\":\"https:\\\/\\\/www.batavialand.nl\\\/de\\\/#\\\/schema\\\/logo\\\/image\\\/\"}}]}<\/script>\n<!-- \/ Yoast SEO plugin. -->","yoast_head_json":{"title":"Flevoland Speicher - Museum Batavialand","description":"Entdecke das Ged\u00e4chtnis von Flevoland: eine Sammlung faszinierender Geschichten \u00fcber die Zuiderzee, die Urbarmachung und das Leben in der j\u00fcngsten Provinz der Niederlande.","robots":{"index":"index","follow":"follow","max-snippet":"max-snippet:-1","max-image-preview":"max-image-preview:large","max-video-preview":"max-video-preview:-1"},"canonical":"https:\/\/www.batavialand.nl\/de\/kennis-en-collecties\/verhaal-van-flevoland\/","og_locale":"de_DE","og_type":"article","og_title":"Flevoland Speicher - Museum Batavialand","og_description":"Entdecke das Ged\u00e4chtnis von Flevoland: eine Sammlung faszinierender Geschichten \u00fcber die Zuiderzee, die Urbarmachung und das Leben in der j\u00fcngsten Provinz der Niederlande.","og_url":"https:\/\/www.batavialand.nl\/de\/kennis-en-collecties\/verhaal-van-flevoland\/","og_site_name":"Museum Batavialand","article_modified_time":"2026-02-02T15:24:41+00:00","og_image":[{"width":1024,"height":678,"url":"https:\/\/www.batavialand.nl\/wp-content\/uploads\/flevolands-geheugen-museum-batavialand.webp","type":"image\/webp"}],"twitter_card":"summary_large_image","schema":{"@context":"https:\/\/schema.org","@graph":[{"@type":"WebPage","@id":"https:\/\/www.batavialand.nl\/de\/kennis-en-collecties\/verhaal-van-flevoland\/","url":"https:\/\/www.batavialand.nl\/de\/kennis-en-collecties\/verhaal-van-flevoland\/","name":"Flevoland Speicher - Museum Batavialand","isPartOf":{"@id":"https:\/\/www.batavialand.nl\/de\/#website"},"primaryImageOfPage":{"@id":"https:\/\/www.batavialand.nl\/de\/kennis-en-collecties\/verhaal-van-flevoland\/#primaryimage"},"image":{"@id":"https:\/\/www.batavialand.nl\/de\/kennis-en-collecties\/verhaal-van-flevoland\/#primaryimage"},"thumbnailUrl":"https:\/\/www.batavialand.nl\/wp-content\/uploads\/flevolands-geheugen-museum-batavialand.webp","datePublished":"2024-11-06T10:23:46+00:00","dateModified":"2026-02-02T15:24:41+00:00","description":"Entdecke das Ged\u00e4chtnis von Flevoland: eine Sammlung faszinierender Geschichten \u00fcber die Zuiderzee, die Urbarmachung und das Leben in der j\u00fcngsten Provinz der Niederlande.","breadcrumb":{"@id":"https:\/\/www.batavialand.nl\/de\/kennis-en-collecties\/verhaal-van-flevoland\/#breadcrumb"},"inLanguage":"de","potentialAction":[{"@type":"ReadAction","target":["https:\/\/www.batavialand.nl\/de\/kennis-en-collecties\/verhaal-van-flevoland\/"]}]},{"@type":"ImageObject","inLanguage":"de","@id":"https:\/\/www.batavialand.nl\/de\/kennis-en-collecties\/verhaal-van-flevoland\/#primaryimage","url":"https:\/\/www.batavialand.nl\/wp-content\/uploads\/flevolands-geheugen-museum-batavialand.webp","contentUrl":"https:\/\/www.batavialand.nl\/wp-content\/uploads\/flevolands-geheugen-museum-batavialand.webp","width":1024,"height":678},{"@type":"BreadcrumbList","@id":"https:\/\/www.batavialand.nl\/de\/kennis-en-collecties\/verhaal-van-flevoland\/#breadcrumb","itemListElement":[{"@type":"ListItem","position":1,"name":"Wissen und Sammlungen","item":"https:\/\/www.batavialand.nl\/de\/kennis-en-collecties\/"},{"@type":"ListItem","position":2,"name":"Flevoland Speicher"}]},{"@type":"WebSite","@id":"https:\/\/www.batavialand.nl\/de\/#website","url":"https:\/\/www.batavialand.nl\/de\/","name":"Museum Batavialand","description":"Batavialand, het museum van Flevoland in Lelystad.","publisher":{"@id":"https:\/\/www.batavialand.nl\/de\/#organization"},"potentialAction":[{"@type":"SearchAction","target":{"@type":"EntryPoint","urlTemplate":"https:\/\/www.batavialand.nl\/de\/?s={search_term_string}"},"query-input":{"@type":"PropertyValueSpecification","valueRequired":true,"valueName":"search_term_string"}}],"inLanguage":"de"},{"@type":"Organization","@id":"https:\/\/www.batavialand.nl\/de\/#organization","name":"Museum Batavialand","url":"https:\/\/www.batavialand.nl\/de\/","logo":{"@type":"ImageObject","inLanguage":"de","@id":"https:\/\/www.batavialand.nl\/de\/#\/schema\/logo\/image\/","url":"https:\/\/www.batavialand.nl\/wp-content\/uploads\/batavialand-logo.svg","contentUrl":"https:\/\/www.batavialand.nl\/wp-content\/uploads\/batavialand-logo.svg","width":1030,"height":322,"caption":"Museum Batavialand"},"image":{"@id":"https:\/\/www.batavialand.nl\/de\/#\/schema\/logo\/image\/"}}]}},"_links":{"self":[{"href":"https:\/\/www.batavialand.nl\/de\/wp-json\/wp\/v2\/pages\/4291","targetHints":{"allow":["GET"]}}],"collection":[{"href":"https:\/\/www.batavialand.nl\/de\/wp-json\/wp\/v2\/pages"}],"about":[{"href":"https:\/\/www.batavialand.nl\/de\/wp-json\/wp\/v2\/types\/page"}],"author":[{"embeddable":true,"href":"https:\/\/www.batavialand.nl\/de\/wp-json\/wp\/v2\/users\/1"}],"replies":[{"embeddable":true,"href":"https:\/\/www.batavialand.nl\/de\/wp-json\/wp\/v2\/comments?post=4291"}],"version-history":[{"count":2,"href":"https:\/\/www.batavialand.nl\/de\/wp-json\/wp\/v2\/pages\/4291\/revisions"}],"predecessor-version":[{"id":7249,"href":"https:\/\/www.batavialand.nl\/de\/wp-json\/wp\/v2\/pages\/4291\/revisions\/7249"}],"up":[{"embeddable":true,"href":"https:\/\/www.batavialand.nl\/de\/wp-json\/wp\/v2\/pages\/4312"}],"wp:featuredmedia":[{"embeddable":true,"href":"https:\/\/www.batavialand.nl\/de\/wp-json\/wp\/v2\/media\/3564"}],"wp:attachment":[{"href":"https:\/\/www.batavialand.nl\/de\/wp-json\/wp\/v2\/media?parent=4291"}],"curies":[{"name":"wp","href":"https:\/\/api.w.org\/{rel}","templated":true}]}}