{"id":4295,"date":"2024-11-06T10:22:29","date_gmt":"2024-11-06T10:22:29","guid":{"rendered":"https:\/\/www.batavialand.nl\/archaeologisches-depot-der-provinz-flevoland\/"},"modified":"2026-02-02T15:20:34","modified_gmt":"2026-02-02T15:20:34","slug":"provinciaal-archeologisch-depot-flevoland","status":"publish","type":"page","link":"https:\/\/www.batavialand.nl\/de\/kennis-en-collecties\/provinciaal-archeologisch-depot-flevoland\/","title":{"rendered":"Provinzielles Arch\u00e4ologisches Depot Flevoland"},"content":{"rendered":"\n<p>Das Provinzielles Arch\u00e4ologisches Depot Flevoland verwaltet und bewahrt alle arch\u00e4ologischen Bodenfunde, die bei arch\u00e4ologischen Forschungen in der Provinz gemacht werden. Die Provinz Flevoland ist Eigent\u00fcmer der Funde <\/p>\n\n<p>Viele Funde wurden bei der Urbarmachung von Flevoland entdeckt. Die Objekte reichen von pr\u00e4historischen Werkzeugen bis hin zu Gegenst\u00e4nden aus der Neuzeit und dem Zweiten Weltkrieg. Durch menschliche Aktivit\u00e4ten gelangten diese Gegenst\u00e4nde in den Boden. So ist eine einzigartige Sammlung entstanden, die durch die arch\u00e4ologische Forschung in Flevoland weiter w\u00e4chst.   <\/p>\n\n<h3 class=\"wp-block-heading\">Lagerst\u00e4ttenfunde arch\u00e4ologische Forschung<\/h3>\n\n<p>Das Arch\u00e4ologische Provinzdepot Flevoland (PADF) bewahrt arch\u00e4ologische Funde und die dazugeh\u00f6rige Dokumentation von Ausgrabungen in Flevoland auf.<\/p>\n\n<p>Die digitale Grabungsdokumentation wird \u00fcber das ArcheoDepot-Portal bereitgestellt: <a href=\"https:\/\/www.archeodepot.nl\/\">Depot Management System &#8211; DBS \u00d6ffentlicher Suchdienst<\/a><\/p>\n\n<p>Haben Sie Fragen zum Hinterlegungsprozess? Wenden Sie sich bitte an die Kautionsverwalter unter: depotflevoland@batavialand.nl <\/p>\n\n<div class=\"wp-block-buttons is-layout-flex wp-block-buttons-is-layout-flex\">\n<div class=\"wp-block-button\"><a class=\"wp-block-button__link wp-element-button\" href=\"https:\/\/www.batavialand.nl\/wp-content\/uploads\/Deponeringsvoorwaarden-P.A.D.-Flevoland-versie-2025.pdf\">Laden Sie die Einzahlungsbedingungen hier herunter<\/a><\/div>\n<\/div>\n\n<p><\/p>\n","protected":false},"excerpt":{"rendered":"<p>Das Provinzielles Arch\u00e4ologisches Depot Flevoland verwaltet und bewahrt alle arch\u00e4ologischen Bodenfunde, die bei arch\u00e4ologischen Forschungen in der Provinz gemacht werden. Die Provinz Flevoland ist Eigent\u00fcmer der Funde Viele Funde wurden bei der Urbarmachung von Flevoland entdeckt. Die Objekte reichen von pr\u00e4historischen Werkzeugen bis hin zu Gegenst\u00e4nden aus der Neuzeit und dem Zweiten Weltkrieg. Durch menschliche [&hellip;]<\/p>\n","protected":false},"author":1,"featured_media":3554,"parent":4312,"menu_order":0,"comment_status":"closed","ping_status":"closed","template":"","meta":{"_acf_changed":false,"footnotes":""},"class_list":["post-4295","page","type-page","status-publish","has-post-thumbnail","hentry"],"acf":[],"yoast_head":"<!-- This site is optimized with the Yoast SEO plugin v27.4 - https:\/\/yoast.com\/product\/yoast-seo-wordpress\/ -->\n<title>Provinzielles Arch\u00e4ologisches Depot Flevoland - Museum Batavialand<\/title>\n<meta name=\"description\" content=\"Das Provinzielles Arch\u00e4ologisches Depot Flevoland verwaltet und bewahrt arch\u00e4ologische Funde. Finde heraus, wie unser Erbe f\u00fcr die Forschung und die \u00d6ffentlichkeit zug\u00e4nglich bleibt.\" \/>\n<meta name=\"robots\" content=\"index, follow, max-snippet:-1, max-image-preview:large, max-video-preview:-1\" \/>\n<link rel=\"canonical\" href=\"https:\/\/www.batavialand.nl\/de\/kennis-en-collecties\/provinciaal-archeologisch-depot-flevoland\/\" \/>\n<meta property=\"og:locale\" content=\"de_DE\" \/>\n<meta property=\"og:type\" content=\"article\" \/>\n<meta property=\"og:title\" content=\"Provinzielles Arch\u00e4ologisches Depot Flevoland - Museum Batavialand\" \/>\n<meta property=\"og:description\" content=\"Das Provinzielles Arch\u00e4ologisches Depot Flevoland verwaltet und bewahrt arch\u00e4ologische Funde. Finde heraus, wie unser Erbe f\u00fcr die Forschung und die \u00d6ffentlichkeit zug\u00e4nglich bleibt.\" \/>\n<meta property=\"og:url\" content=\"https:\/\/www.batavialand.nl\/de\/kennis-en-collecties\/provinciaal-archeologisch-depot-flevoland\/\" \/>\n<meta property=\"og:site_name\" content=\"Museum Batavialand\" \/>\n<meta property=\"article:modified_time\" content=\"2026-02-02T15:20:34+00:00\" \/>\n<meta property=\"og:image\" content=\"https:\/\/www.batavialand.nl\/wp-content\/uploads\/provinciaal-archeologisch-depot-batavialand.webp\" \/>\n\t<meta property=\"og:image:width\" content=\"1024\" \/>\n\t<meta property=\"og:image:height\" content=\"678\" \/>\n\t<meta property=\"og:image:type\" content=\"image\/webp\" \/>\n<meta name=\"twitter:card\" content=\"summary_large_image\" \/>\n<meta name=\"twitter:label1\" content=\"Gesch\u00e4tzte Lesezeit\" \/>\n\t<meta name=\"twitter:data1\" content=\"1\u00a0Minute\" \/>\n<script type=\"application\/ld+json\" class=\"yoast-schema-graph\">{\"@context\":\"https:\\\/\\\/schema.org\",\"@graph\":[{\"@type\":\"WebPage\",\"@id\":\"https:\\\/\\\/www.batavialand.nl\\\/de\\\/kennis-en-collecties\\\/provinciaal-archeologisch-depot-flevoland\\\/\",\"url\":\"https:\\\/\\\/www.batavialand.nl\\\/de\\\/kennis-en-collecties\\\/provinciaal-archeologisch-depot-flevoland\\\/\",\"name\":\"Provinzielles Arch\u00e4ologisches Depot Flevoland - Museum Batavialand\",\"isPartOf\":{\"@id\":\"https:\\\/\\\/www.batavialand.nl\\\/de\\\/#website\"},\"primaryImageOfPage\":{\"@id\":\"https:\\\/\\\/www.batavialand.nl\\\/de\\\/kennis-en-collecties\\\/provinciaal-archeologisch-depot-flevoland\\\/#primaryimage\"},\"image\":{\"@id\":\"https:\\\/\\\/www.batavialand.nl\\\/de\\\/kennis-en-collecties\\\/provinciaal-archeologisch-depot-flevoland\\\/#primaryimage\"},\"thumbnailUrl\":\"https:\\\/\\\/www.batavialand.nl\\\/wp-content\\\/uploads\\\/provinciaal-archeologisch-depot-batavialand.webp\",\"datePublished\":\"2024-11-06T10:22:29+00:00\",\"dateModified\":\"2026-02-02T15:20:34+00:00\",\"description\":\"Das Provinzielles Arch\u00e4ologisches Depot Flevoland verwaltet und bewahrt arch\u00e4ologische Funde. Finde heraus, wie unser Erbe f\u00fcr die Forschung und die \u00d6ffentlichkeit zug\u00e4nglich bleibt.\",\"breadcrumb\":{\"@id\":\"https:\\\/\\\/www.batavialand.nl\\\/de\\\/kennis-en-collecties\\\/provinciaal-archeologisch-depot-flevoland\\\/#breadcrumb\"},\"inLanguage\":\"de\",\"potentialAction\":[{\"@type\":\"ReadAction\",\"target\":[\"https:\\\/\\\/www.batavialand.nl\\\/de\\\/kennis-en-collecties\\\/provinciaal-archeologisch-depot-flevoland\\\/\"]}]},{\"@type\":\"ImageObject\",\"inLanguage\":\"de\",\"@id\":\"https:\\\/\\\/www.batavialand.nl\\\/de\\\/kennis-en-collecties\\\/provinciaal-archeologisch-depot-flevoland\\\/#primaryimage\",\"url\":\"https:\\\/\\\/www.batavialand.nl\\\/wp-content\\\/uploads\\\/provinciaal-archeologisch-depot-batavialand.webp\",\"contentUrl\":\"https:\\\/\\\/www.batavialand.nl\\\/wp-content\\\/uploads\\\/provinciaal-archeologisch-depot-batavialand.webp\",\"width\":1024,\"height\":678},{\"@type\":\"BreadcrumbList\",\"@id\":\"https:\\\/\\\/www.batavialand.nl\\\/de\\\/kennis-en-collecties\\\/provinciaal-archeologisch-depot-flevoland\\\/#breadcrumb\",\"itemListElement\":[{\"@type\":\"ListItem\",\"position\":1,\"name\":\"Wissen und Sammlungen\",\"item\":\"https:\\\/\\\/www.batavialand.nl\\\/de\\\/kennis-en-collecties\\\/\"},{\"@type\":\"ListItem\",\"position\":2,\"name\":\"Provinzielles Arch\u00e4ologisches Depot Flevoland\"}]},{\"@type\":\"WebSite\",\"@id\":\"https:\\\/\\\/www.batavialand.nl\\\/de\\\/#website\",\"url\":\"https:\\\/\\\/www.batavialand.nl\\\/de\\\/\",\"name\":\"Museum Batavialand\",\"description\":\"Batavialand, het museum van Flevoland in Lelystad.\",\"publisher\":{\"@id\":\"https:\\\/\\\/www.batavialand.nl\\\/de\\\/#organization\"},\"potentialAction\":[{\"@type\":\"SearchAction\",\"target\":{\"@type\":\"EntryPoint\",\"urlTemplate\":\"https:\\\/\\\/www.batavialand.nl\\\/de\\\/?s={search_term_string}\"},\"query-input\":{\"@type\":\"PropertyValueSpecification\",\"valueRequired\":true,\"valueName\":\"search_term_string\"}}],\"inLanguage\":\"de\"},{\"@type\":\"Organization\",\"@id\":\"https:\\\/\\\/www.batavialand.nl\\\/de\\\/#organization\",\"name\":\"Museum Batavialand\",\"url\":\"https:\\\/\\\/www.batavialand.nl\\\/de\\\/\",\"logo\":{\"@type\":\"ImageObject\",\"inLanguage\":\"de\",\"@id\":\"https:\\\/\\\/www.batavialand.nl\\\/de\\\/#\\\/schema\\\/logo\\\/image\\\/\",\"url\":\"https:\\\/\\\/www.batavialand.nl\\\/wp-content\\\/uploads\\\/batavialand-logo.svg\",\"contentUrl\":\"https:\\\/\\\/www.batavialand.nl\\\/wp-content\\\/uploads\\\/batavialand-logo.svg\",\"width\":1030,\"height\":322,\"caption\":\"Museum Batavialand\"},\"image\":{\"@id\":\"https:\\\/\\\/www.batavialand.nl\\\/de\\\/#\\\/schema\\\/logo\\\/image\\\/\"}}]}<\/script>\n<!-- \/ Yoast SEO plugin. -->","yoast_head_json":{"title":"Provinzielles Arch\u00e4ologisches Depot Flevoland - Museum Batavialand","description":"Das Provinzielles Arch\u00e4ologisches Depot Flevoland verwaltet und bewahrt arch\u00e4ologische Funde. Finde heraus, wie unser Erbe f\u00fcr die Forschung und die \u00d6ffentlichkeit zug\u00e4nglich bleibt.","robots":{"index":"index","follow":"follow","max-snippet":"max-snippet:-1","max-image-preview":"max-image-preview:large","max-video-preview":"max-video-preview:-1"},"canonical":"https:\/\/www.batavialand.nl\/de\/kennis-en-collecties\/provinciaal-archeologisch-depot-flevoland\/","og_locale":"de_DE","og_type":"article","og_title":"Provinzielles Arch\u00e4ologisches Depot Flevoland - Museum Batavialand","og_description":"Das Provinzielles Arch\u00e4ologisches Depot Flevoland verwaltet und bewahrt arch\u00e4ologische Funde. Finde heraus, wie unser Erbe f\u00fcr die Forschung und die \u00d6ffentlichkeit zug\u00e4nglich bleibt.","og_url":"https:\/\/www.batavialand.nl\/de\/kennis-en-collecties\/provinciaal-archeologisch-depot-flevoland\/","og_site_name":"Museum Batavialand","article_modified_time":"2026-02-02T15:20:34+00:00","og_image":[{"width":1024,"height":678,"url":"https:\/\/www.batavialand.nl\/wp-content\/uploads\/provinciaal-archeologisch-depot-batavialand.webp","type":"image\/webp"}],"twitter_card":"summary_large_image","twitter_misc":{"Gesch\u00e4tzte Lesezeit":"1\u00a0Minute"},"schema":{"@context":"https:\/\/schema.org","@graph":[{"@type":"WebPage","@id":"https:\/\/www.batavialand.nl\/de\/kennis-en-collecties\/provinciaal-archeologisch-depot-flevoland\/","url":"https:\/\/www.batavialand.nl\/de\/kennis-en-collecties\/provinciaal-archeologisch-depot-flevoland\/","name":"Provinzielles Arch\u00e4ologisches Depot Flevoland - Museum Batavialand","isPartOf":{"@id":"https:\/\/www.batavialand.nl\/de\/#website"},"primaryImageOfPage":{"@id":"https:\/\/www.batavialand.nl\/de\/kennis-en-collecties\/provinciaal-archeologisch-depot-flevoland\/#primaryimage"},"image":{"@id":"https:\/\/www.batavialand.nl\/de\/kennis-en-collecties\/provinciaal-archeologisch-depot-flevoland\/#primaryimage"},"thumbnailUrl":"https:\/\/www.batavialand.nl\/wp-content\/uploads\/provinciaal-archeologisch-depot-batavialand.webp","datePublished":"2024-11-06T10:22:29+00:00","dateModified":"2026-02-02T15:20:34+00:00","description":"Das Provinzielles Arch\u00e4ologisches Depot Flevoland verwaltet und bewahrt arch\u00e4ologische Funde. Finde heraus, wie unser Erbe f\u00fcr die Forschung und die \u00d6ffentlichkeit zug\u00e4nglich bleibt.","breadcrumb":{"@id":"https:\/\/www.batavialand.nl\/de\/kennis-en-collecties\/provinciaal-archeologisch-depot-flevoland\/#breadcrumb"},"inLanguage":"de","potentialAction":[{"@type":"ReadAction","target":["https:\/\/www.batavialand.nl\/de\/kennis-en-collecties\/provinciaal-archeologisch-depot-flevoland\/"]}]},{"@type":"ImageObject","inLanguage":"de","@id":"https:\/\/www.batavialand.nl\/de\/kennis-en-collecties\/provinciaal-archeologisch-depot-flevoland\/#primaryimage","url":"https:\/\/www.batavialand.nl\/wp-content\/uploads\/provinciaal-archeologisch-depot-batavialand.webp","contentUrl":"https:\/\/www.batavialand.nl\/wp-content\/uploads\/provinciaal-archeologisch-depot-batavialand.webp","width":1024,"height":678},{"@type":"BreadcrumbList","@id":"https:\/\/www.batavialand.nl\/de\/kennis-en-collecties\/provinciaal-archeologisch-depot-flevoland\/#breadcrumb","itemListElement":[{"@type":"ListItem","position":1,"name":"Wissen und Sammlungen","item":"https:\/\/www.batavialand.nl\/de\/kennis-en-collecties\/"},{"@type":"ListItem","position":2,"name":"Provinzielles Arch\u00e4ologisches Depot Flevoland"}]},{"@type":"WebSite","@id":"https:\/\/www.batavialand.nl\/de\/#website","url":"https:\/\/www.batavialand.nl\/de\/","name":"Museum Batavialand","description":"Batavialand, het museum van Flevoland in Lelystad.","publisher":{"@id":"https:\/\/www.batavialand.nl\/de\/#organization"},"potentialAction":[{"@type":"SearchAction","target":{"@type":"EntryPoint","urlTemplate":"https:\/\/www.batavialand.nl\/de\/?s={search_term_string}"},"query-input":{"@type":"PropertyValueSpecification","valueRequired":true,"valueName":"search_term_string"}}],"inLanguage":"de"},{"@type":"Organization","@id":"https:\/\/www.batavialand.nl\/de\/#organization","name":"Museum Batavialand","url":"https:\/\/www.batavialand.nl\/de\/","logo":{"@type":"ImageObject","inLanguage":"de","@id":"https:\/\/www.batavialand.nl\/de\/#\/schema\/logo\/image\/","url":"https:\/\/www.batavialand.nl\/wp-content\/uploads\/batavialand-logo.svg","contentUrl":"https:\/\/www.batavialand.nl\/wp-content\/uploads\/batavialand-logo.svg","width":1030,"height":322,"caption":"Museum Batavialand"},"image":{"@id":"https:\/\/www.batavialand.nl\/de\/#\/schema\/logo\/image\/"}}]}},"_links":{"self":[{"href":"https:\/\/www.batavialand.nl\/de\/wp-json\/wp\/v2\/pages\/4295","targetHints":{"allow":["GET"]}}],"collection":[{"href":"https:\/\/www.batavialand.nl\/de\/wp-json\/wp\/v2\/pages"}],"about":[{"href":"https:\/\/www.batavialand.nl\/de\/wp-json\/wp\/v2\/types\/page"}],"author":[{"embeddable":true,"href":"https:\/\/www.batavialand.nl\/de\/wp-json\/wp\/v2\/users\/1"}],"replies":[{"embeddable":true,"href":"https:\/\/www.batavialand.nl\/de\/wp-json\/wp\/v2\/comments?post=4295"}],"version-history":[{"count":5,"href":"https:\/\/www.batavialand.nl\/de\/wp-json\/wp\/v2\/pages\/4295\/revisions"}],"predecessor-version":[{"id":7228,"href":"https:\/\/www.batavialand.nl\/de\/wp-json\/wp\/v2\/pages\/4295\/revisions\/7228"}],"up":[{"embeddable":true,"href":"https:\/\/www.batavialand.nl\/de\/wp-json\/wp\/v2\/pages\/4312"}],"wp:featuredmedia":[{"embeddable":true,"href":"https:\/\/www.batavialand.nl\/de\/wp-json\/wp\/v2\/media\/3554"}],"wp:attachment":[{"href":"https:\/\/www.batavialand.nl\/de\/wp-json\/wp\/v2\/media?parent=4295"}],"curies":[{"name":"wp","href":"https:\/\/api.w.org\/{rel}","templated":true}]}}