{"id":4327,"date":"2025-01-11T11:22:47","date_gmt":"2025-01-11T11:22:47","guid":{"rendered":"https:\/\/www.batavialand.nl\/plane-deinen-gruppenbesuch\/entdecke-die-verborgenen-geschichten\/interaktives-lernen-mit-museumsunterricht\/"},"modified":"2026-02-02T15:20:59","modified_gmt":"2026-02-02T15:20:59","slug":"museumlessen","status":"publish","type":"page","link":"https:\/\/www.batavialand.nl\/de\/groepen\/scholen\/museumlessen\/","title":{"rendered":"Interaktives Lernen mit Museumsunterricht"},"content":{"rendered":"\n<p>Im Museum Batavialand erwecken wir die Geschichte mit interaktivem Museumsunterricht zum Leben. Die Sch\u00fcler entdecken die Vergangenheit durch Handeln, Erkunden und Forschen. Unsere erfahrenen Museumsp\u00e4dagogen sorgen f\u00fcr ein lehrreiches und inspirierendes Erlebnis.  <br\/><\/p>\n\n<h3 class=\"wp-block-heading\">Praktische Informationen<\/h3>\n\n<ul class=\"wp-block-list\">\n<li><strong>Preis:<\/strong> 5,95 \u20ac pro Sch\u00fcler (einschlie\u00dflich Museumsstunde, je nach Verf\u00fcgbarkeit).<\/li>\n\n\n\n<li><strong>Begleitpersonen:<\/strong> Freier Eintritt.<\/li>\n\n\n\n<li><strong>Kapazit\u00e4t:<\/strong> Maximal 30 Studenten pro Museumsstunde, sofern nicht anders angegeben.<\/li>\n<\/ul>\n","protected":false},"excerpt":{"rendered":"<p>Im Museum Batavialand erwecken wir die Geschichte mit interaktivem Museumsunterricht zum Leben. Die Sch\u00fcler entdecken die Vergangenheit durch Handeln, Erkunden und Forschen. Unsere erfahrenen Museumsp\u00e4dagogen sorgen f\u00fcr ein lehrreiches und inspirierendes Erlebnis. Praktische Informationen<\/p>\n","protected":false},"author":1,"featured_media":3995,"parent":4226,"menu_order":0,"comment_status":"closed","ping_status":"closed","template":"","meta":{"_acf_changed":false,"footnotes":""},"class_list":["post-4327","page","type-page","status-publish","has-post-thumbnail","hentry"],"acf":[],"yoast_head":"<!-- This site is optimized with the Yoast SEO plugin v27.4 - https:\/\/yoast.com\/product\/yoast-seo-wordpress\/ -->\n<title>Interaktives Lernen mit Museumsunterricht - Museum Batavialand<\/title>\n<meta name=\"description\" content=\"Entdecken Sie den Museumsunterricht im Museum Batavialand! Erfahren Sie interaktiv mehr \u00fcber die VOC, Schiffswracks, Arch\u00e4ologie und mehr. Geeignet f\u00fcr Gruppen ab 4 Personen.\" \/>\n<meta name=\"robots\" content=\"index, follow, max-snippet:-1, max-image-preview:large, max-video-preview:-1\" \/>\n<link rel=\"canonical\" href=\"https:\/\/www.batavialand.nl\/de\/groepen\/scholen\/museumlessen\/\" \/>\n<meta property=\"og:locale\" content=\"de_DE\" \/>\n<meta property=\"og:type\" content=\"article\" \/>\n<meta property=\"og:title\" content=\"Interaktives Lernen mit Museumsunterricht - Museum Batavialand\" \/>\n<meta property=\"og:description\" content=\"Entdecken Sie den Museumsunterricht im Museum Batavialand! Erfahren Sie interaktiv mehr \u00fcber die VOC, Schiffswracks, Arch\u00e4ologie und mehr. Geeignet f\u00fcr Gruppen ab 4 Personen.\" \/>\n<meta property=\"og:url\" content=\"https:\/\/www.batavialand.nl\/de\/groepen\/scholen\/museumlessen\/\" \/>\n<meta property=\"og:site_name\" content=\"Museum Batavialand\" \/>\n<meta property=\"article:modified_time\" content=\"2026-02-02T15:20:59+00:00\" \/>\n<meta property=\"og:image\" content=\"https:\/\/www.batavialand.nl\/wp-content\/uploads\/museumdocent-museum-batavialand-e1748261614250.webp\" \/>\n\t<meta property=\"og:image:width\" content=\"1024\" \/>\n\t<meta property=\"og:image:height\" content=\"678\" \/>\n\t<meta property=\"og:image:type\" content=\"image\/webp\" \/>\n<meta name=\"twitter:card\" content=\"summary_large_image\" \/>\n<script type=\"application\/ld+json\" class=\"yoast-schema-graph\">{\"@context\":\"https:\\\/\\\/schema.org\",\"@graph\":[{\"@type\":\"WebPage\",\"@id\":\"https:\\\/\\\/www.batavialand.nl\\\/de\\\/groepen\\\/scholen\\\/museumlessen\\\/\",\"url\":\"https:\\\/\\\/www.batavialand.nl\\\/de\\\/groepen\\\/scholen\\\/museumlessen\\\/\",\"name\":\"Interaktives Lernen mit Museumsunterricht - Museum Batavialand\",\"isPartOf\":{\"@id\":\"https:\\\/\\\/www.batavialand.nl\\\/de\\\/#website\"},\"primaryImageOfPage\":{\"@id\":\"https:\\\/\\\/www.batavialand.nl\\\/de\\\/groepen\\\/scholen\\\/museumlessen\\\/#primaryimage\"},\"image\":{\"@id\":\"https:\\\/\\\/www.batavialand.nl\\\/de\\\/groepen\\\/scholen\\\/museumlessen\\\/#primaryimage\"},\"thumbnailUrl\":\"https:\\\/\\\/www.batavialand.nl\\\/wp-content\\\/uploads\\\/museumdocent-museum-batavialand-e1748261614250.webp\",\"datePublished\":\"2025-01-11T11:22:47+00:00\",\"dateModified\":\"2026-02-02T15:20:59+00:00\",\"description\":\"Entdecken Sie den Museumsunterricht im Museum Batavialand! Erfahren Sie interaktiv mehr \u00fcber die VOC, Schiffswracks, Arch\u00e4ologie und mehr. Geeignet f\u00fcr Gruppen ab 4 Personen.\",\"breadcrumb\":{\"@id\":\"https:\\\/\\\/www.batavialand.nl\\\/de\\\/groepen\\\/scholen\\\/museumlessen\\\/#breadcrumb\"},\"inLanguage\":\"de\",\"potentialAction\":[{\"@type\":\"ReadAction\",\"target\":[\"https:\\\/\\\/www.batavialand.nl\\\/de\\\/groepen\\\/scholen\\\/museumlessen\\\/\"]}]},{\"@type\":\"ImageObject\",\"inLanguage\":\"de\",\"@id\":\"https:\\\/\\\/www.batavialand.nl\\\/de\\\/groepen\\\/scholen\\\/museumlessen\\\/#primaryimage\",\"url\":\"https:\\\/\\\/www.batavialand.nl\\\/wp-content\\\/uploads\\\/museumdocent-museum-batavialand-e1748261614250.webp\",\"contentUrl\":\"https:\\\/\\\/www.batavialand.nl\\\/wp-content\\\/uploads\\\/museumdocent-museum-batavialand-e1748261614250.webp\",\"width\":1024,\"height\":678},{\"@type\":\"BreadcrumbList\",\"@id\":\"https:\\\/\\\/www.batavialand.nl\\\/de\\\/groepen\\\/scholen\\\/museumlessen\\\/#breadcrumb\",\"itemListElement\":[{\"@type\":\"ListItem\",\"position\":1,\"name\":\"Gruppen\",\"item\":\"https:\\\/\\\/www.batavialand.nl\\\/de\\\/groepen\\\/\"},{\"@type\":\"ListItem\",\"position\":2,\"name\":\"Schulen\",\"item\":\"https:\\\/\\\/www.batavialand.nl\\\/de\\\/groepen\\\/scholen\\\/\"},{\"@type\":\"ListItem\",\"position\":3,\"name\":\"Unterricht im Museum\"}]},{\"@type\":\"WebSite\",\"@id\":\"https:\\\/\\\/www.batavialand.nl\\\/de\\\/#website\",\"url\":\"https:\\\/\\\/www.batavialand.nl\\\/de\\\/\",\"name\":\"Museum Batavialand\",\"description\":\"Batavialand, het museum van Flevoland in Lelystad.\",\"publisher\":{\"@id\":\"https:\\\/\\\/www.batavialand.nl\\\/de\\\/#organization\"},\"potentialAction\":[{\"@type\":\"SearchAction\",\"target\":{\"@type\":\"EntryPoint\",\"urlTemplate\":\"https:\\\/\\\/www.batavialand.nl\\\/de\\\/?s={search_term_string}\"},\"query-input\":{\"@type\":\"PropertyValueSpecification\",\"valueRequired\":true,\"valueName\":\"search_term_string\"}}],\"inLanguage\":\"de\"},{\"@type\":\"Organization\",\"@id\":\"https:\\\/\\\/www.batavialand.nl\\\/de\\\/#organization\",\"name\":\"Museum Batavialand\",\"url\":\"https:\\\/\\\/www.batavialand.nl\\\/de\\\/\",\"logo\":{\"@type\":\"ImageObject\",\"inLanguage\":\"de\",\"@id\":\"https:\\\/\\\/www.batavialand.nl\\\/de\\\/#\\\/schema\\\/logo\\\/image\\\/\",\"url\":\"https:\\\/\\\/www.batavialand.nl\\\/wp-content\\\/uploads\\\/batavialand-logo.svg\",\"contentUrl\":\"https:\\\/\\\/www.batavialand.nl\\\/wp-content\\\/uploads\\\/batavialand-logo.svg\",\"width\":1030,\"height\":322,\"caption\":\"Museum Batavialand\"},\"image\":{\"@id\":\"https:\\\/\\\/www.batavialand.nl\\\/de\\\/#\\\/schema\\\/logo\\\/image\\\/\"}}]}<\/script>\n<!-- \/ Yoast SEO plugin. -->","yoast_head_json":{"title":"Interaktives Lernen mit Museumsunterricht - Museum Batavialand","description":"Entdecken Sie den Museumsunterricht im Museum Batavialand! Erfahren Sie interaktiv mehr \u00fcber die VOC, Schiffswracks, Arch\u00e4ologie und mehr. Geeignet f\u00fcr Gruppen ab 4 Personen.","robots":{"index":"index","follow":"follow","max-snippet":"max-snippet:-1","max-image-preview":"max-image-preview:large","max-video-preview":"max-video-preview:-1"},"canonical":"https:\/\/www.batavialand.nl\/de\/groepen\/scholen\/museumlessen\/","og_locale":"de_DE","og_type":"article","og_title":"Interaktives Lernen mit Museumsunterricht - Museum Batavialand","og_description":"Entdecken Sie den Museumsunterricht im Museum Batavialand! Erfahren Sie interaktiv mehr \u00fcber die VOC, Schiffswracks, Arch\u00e4ologie und mehr. Geeignet f\u00fcr Gruppen ab 4 Personen.","og_url":"https:\/\/www.batavialand.nl\/de\/groepen\/scholen\/museumlessen\/","og_site_name":"Museum Batavialand","article_modified_time":"2026-02-02T15:20:59+00:00","og_image":[{"width":1024,"height":678,"url":"https:\/\/www.batavialand.nl\/wp-content\/uploads\/museumdocent-museum-batavialand-e1748261614250.webp","type":"image\/webp"}],"twitter_card":"summary_large_image","schema":{"@context":"https:\/\/schema.org","@graph":[{"@type":"WebPage","@id":"https:\/\/www.batavialand.nl\/de\/groepen\/scholen\/museumlessen\/","url":"https:\/\/www.batavialand.nl\/de\/groepen\/scholen\/museumlessen\/","name":"Interaktives Lernen mit Museumsunterricht - Museum Batavialand","isPartOf":{"@id":"https:\/\/www.batavialand.nl\/de\/#website"},"primaryImageOfPage":{"@id":"https:\/\/www.batavialand.nl\/de\/groepen\/scholen\/museumlessen\/#primaryimage"},"image":{"@id":"https:\/\/www.batavialand.nl\/de\/groepen\/scholen\/museumlessen\/#primaryimage"},"thumbnailUrl":"https:\/\/www.batavialand.nl\/wp-content\/uploads\/museumdocent-museum-batavialand-e1748261614250.webp","datePublished":"2025-01-11T11:22:47+00:00","dateModified":"2026-02-02T15:20:59+00:00","description":"Entdecken Sie den Museumsunterricht im Museum Batavialand! Erfahren Sie interaktiv mehr \u00fcber die VOC, Schiffswracks, Arch\u00e4ologie und mehr. Geeignet f\u00fcr Gruppen ab 4 Personen.","breadcrumb":{"@id":"https:\/\/www.batavialand.nl\/de\/groepen\/scholen\/museumlessen\/#breadcrumb"},"inLanguage":"de","potentialAction":[{"@type":"ReadAction","target":["https:\/\/www.batavialand.nl\/de\/groepen\/scholen\/museumlessen\/"]}]},{"@type":"ImageObject","inLanguage":"de","@id":"https:\/\/www.batavialand.nl\/de\/groepen\/scholen\/museumlessen\/#primaryimage","url":"https:\/\/www.batavialand.nl\/wp-content\/uploads\/museumdocent-museum-batavialand-e1748261614250.webp","contentUrl":"https:\/\/www.batavialand.nl\/wp-content\/uploads\/museumdocent-museum-batavialand-e1748261614250.webp","width":1024,"height":678},{"@type":"BreadcrumbList","@id":"https:\/\/www.batavialand.nl\/de\/groepen\/scholen\/museumlessen\/#breadcrumb","itemListElement":[{"@type":"ListItem","position":1,"name":"Gruppen","item":"https:\/\/www.batavialand.nl\/de\/groepen\/"},{"@type":"ListItem","position":2,"name":"Schulen","item":"https:\/\/www.batavialand.nl\/de\/groepen\/scholen\/"},{"@type":"ListItem","position":3,"name":"Unterricht im Museum"}]},{"@type":"WebSite","@id":"https:\/\/www.batavialand.nl\/de\/#website","url":"https:\/\/www.batavialand.nl\/de\/","name":"Museum Batavialand","description":"Batavialand, het museum van Flevoland in Lelystad.","publisher":{"@id":"https:\/\/www.batavialand.nl\/de\/#organization"},"potentialAction":[{"@type":"SearchAction","target":{"@type":"EntryPoint","urlTemplate":"https:\/\/www.batavialand.nl\/de\/?s={search_term_string}"},"query-input":{"@type":"PropertyValueSpecification","valueRequired":true,"valueName":"search_term_string"}}],"inLanguage":"de"},{"@type":"Organization","@id":"https:\/\/www.batavialand.nl\/de\/#organization","name":"Museum Batavialand","url":"https:\/\/www.batavialand.nl\/de\/","logo":{"@type":"ImageObject","inLanguage":"de","@id":"https:\/\/www.batavialand.nl\/de\/#\/schema\/logo\/image\/","url":"https:\/\/www.batavialand.nl\/wp-content\/uploads\/batavialand-logo.svg","contentUrl":"https:\/\/www.batavialand.nl\/wp-content\/uploads\/batavialand-logo.svg","width":1030,"height":322,"caption":"Museum Batavialand"},"image":{"@id":"https:\/\/www.batavialand.nl\/de\/#\/schema\/logo\/image\/"}}]}},"_links":{"self":[{"href":"https:\/\/www.batavialand.nl\/de\/wp-json\/wp\/v2\/pages\/4327","targetHints":{"allow":["GET"]}}],"collection":[{"href":"https:\/\/www.batavialand.nl\/de\/wp-json\/wp\/v2\/pages"}],"about":[{"href":"https:\/\/www.batavialand.nl\/de\/wp-json\/wp\/v2\/types\/page"}],"author":[{"embeddable":true,"href":"https:\/\/www.batavialand.nl\/de\/wp-json\/wp\/v2\/users\/1"}],"replies":[{"embeddable":true,"href":"https:\/\/www.batavialand.nl\/de\/wp-json\/wp\/v2\/comments?post=4327"}],"version-history":[{"count":1,"href":"https:\/\/www.batavialand.nl\/de\/wp-json\/wp\/v2\/pages\/4327\/revisions"}],"predecessor-version":[{"id":4329,"href":"https:\/\/www.batavialand.nl\/de\/wp-json\/wp\/v2\/pages\/4327\/revisions\/4329"}],"up":[{"embeddable":true,"href":"https:\/\/www.batavialand.nl\/de\/wp-json\/wp\/v2\/pages\/4226"}],"wp:featuredmedia":[{"embeddable":true,"href":"https:\/\/www.batavialand.nl\/de\/wp-json\/wp\/v2\/media\/3995"}],"wp:attachment":[{"href":"https:\/\/www.batavialand.nl\/de\/wp-json\/wp\/v2\/media?parent=4327"}],"curies":[{"name":"wp","href":"https:\/\/api.w.org\/{rel}","templated":true}]}}