{"id":4351,"date":"2025-01-16T12:50:09","date_gmt":"2025-01-16T12:50:09","guid":{"rendered":"https:\/\/www.batavialand.nl\/ein-reichtum-an-wissen-und-erbe\/kunsthandwerk\/schmiede\/"},"modified":"2025-02-19T13:54:25","modified_gmt":"2025-02-19T13:54:25","slug":"smederij","status":"publish","type":"page","link":"https:\/\/www.batavialand.nl\/de\/kennis-en-collecties\/ambachten\/smederij\/","title":{"rendered":"Schmiede"},"content":{"rendered":"\n<h2 class=\"wp-block-heading\">Das schlagende Herz der traditionellen Handwerkskunst<\/h2>\n\n<p>Seit 20 Jahren k\u00f6nnen Sie in der Schmiede des Museums Batavialand den Geruch von Rauch schmecken, die Hitze des Feuers sp\u00fcren und den Rhythmus der H\u00e4mmer h\u00f6ren, die gl\u00fchendes Metall formen. Unter der Leitung unseres Lehrers erweckt ein begeistertes Team von Freiwilligen dieses uralte Handwerk zum Leben. Hier werden nicht nur Schiffsteile und Werkzeuge geschmiedet, sondern auch einzigartige Produkte f\u00fcr den Museumsshop hergestellt.  <\/p>\n\n<p><\/p>\n","protected":false},"excerpt":{"rendered":"<p>Das schlagende Herz der traditionellen Handwerkskunst Seit 20 Jahren k\u00f6nnen Sie in der Schmiede des Museums Batavialand den Geruch von Rauch schmecken, die Hitze des Feuers sp\u00fcren und den Rhythmus der H\u00e4mmer h\u00f6ren, die gl\u00fchendes Metall formen. Unter der Leitung unseres Lehrers erweckt ein begeistertes Team von Freiwilligen dieses uralte Handwerk zum Leben. Hier werden [&hellip;]<\/p>\n","protected":false},"author":1,"featured_media":4061,"parent":4298,"menu_order":0,"comment_status":"closed","ping_status":"closed","template":"","meta":{"_acf_changed":false,"footnotes":""},"class_list":["post-4351","page","type-page","status-publish","has-post-thumbnail","hentry"],"acf":[],"yoast_head":"<!-- This site is optimized with the Yoast SEO plugin v27.4 - https:\/\/yoast.com\/product\/yoast-seo-wordpress\/ -->\n<title>Schmiede - Museum Batavialand<\/title>\n<meta name=\"description\" content=\"Besuchen Sie die Schmiede im Museum Batavialand und entdecken Sie, wie Handwerker mit Feuer und Metall arbeiten. Erleben Sie die Magie dieser jahrhundertealten Handwerkskunst!\" \/>\n<meta name=\"robots\" content=\"index, follow, max-snippet:-1, max-image-preview:large, max-video-preview:-1\" \/>\n<link rel=\"canonical\" href=\"https:\/\/www.batavialand.nl\/de\/kennis-en-collecties\/ambachten\/smederij\/\" \/>\n<meta property=\"og:locale\" content=\"de_DE\" \/>\n<meta property=\"og:type\" content=\"article\" \/>\n<meta property=\"og:title\" content=\"Schmiede - Museum Batavialand\" \/>\n<meta property=\"og:description\" content=\"Besuchen Sie die Schmiede im Museum Batavialand und entdecken Sie, wie Handwerker mit Feuer und Metall arbeiten. Erleben Sie die Magie dieser jahrhundertealten Handwerkskunst!\" \/>\n<meta property=\"og:url\" content=\"https:\/\/www.batavialand.nl\/de\/kennis-en-collecties\/ambachten\/smederij\/\" \/>\n<meta property=\"og:site_name\" content=\"Museum Batavialand\" \/>\n<meta property=\"article:modified_time\" content=\"2025-02-19T13:54:25+00:00\" \/>\n<meta property=\"og:image\" content=\"https:\/\/www.batavialand.nl\/wp-content\/uploads\/smederij-museum-batavialand.webp\" \/>\n\t<meta property=\"og:image:width\" content=\"1024\" \/>\n\t<meta property=\"og:image:height\" content=\"678\" \/>\n\t<meta property=\"og:image:type\" content=\"image\/webp\" \/>\n<meta name=\"twitter:card\" content=\"summary_large_image\" \/>\n<script type=\"application\/ld+json\" class=\"yoast-schema-graph\">{\"@context\":\"https:\\\/\\\/schema.org\",\"@graph\":[{\"@type\":\"WebPage\",\"@id\":\"https:\\\/\\\/www.batavialand.nl\\\/de\\\/kennis-en-collecties\\\/ambachten\\\/smederij\\\/\",\"url\":\"https:\\\/\\\/www.batavialand.nl\\\/de\\\/kennis-en-collecties\\\/ambachten\\\/smederij\\\/\",\"name\":\"Schmiede - Museum Batavialand\",\"isPartOf\":{\"@id\":\"https:\\\/\\\/www.batavialand.nl\\\/de\\\/#website\"},\"primaryImageOfPage\":{\"@id\":\"https:\\\/\\\/www.batavialand.nl\\\/de\\\/kennis-en-collecties\\\/ambachten\\\/smederij\\\/#primaryimage\"},\"image\":{\"@id\":\"https:\\\/\\\/www.batavialand.nl\\\/de\\\/kennis-en-collecties\\\/ambachten\\\/smederij\\\/#primaryimage\"},\"thumbnailUrl\":\"https:\\\/\\\/www.batavialand.nl\\\/wp-content\\\/uploads\\\/smederij-museum-batavialand.webp\",\"datePublished\":\"2025-01-16T12:50:09+00:00\",\"dateModified\":\"2025-02-19T13:54:25+00:00\",\"description\":\"Besuchen Sie die Schmiede im Museum Batavialand und entdecken Sie, wie Handwerker mit Feuer und Metall arbeiten. Erleben Sie die Magie dieser jahrhundertealten Handwerkskunst!\",\"breadcrumb\":{\"@id\":\"https:\\\/\\\/www.batavialand.nl\\\/de\\\/kennis-en-collecties\\\/ambachten\\\/smederij\\\/#breadcrumb\"},\"inLanguage\":\"de\",\"potentialAction\":[{\"@type\":\"ReadAction\",\"target\":[\"https:\\\/\\\/www.batavialand.nl\\\/de\\\/kennis-en-collecties\\\/ambachten\\\/smederij\\\/\"]}]},{\"@type\":\"ImageObject\",\"inLanguage\":\"de\",\"@id\":\"https:\\\/\\\/www.batavialand.nl\\\/de\\\/kennis-en-collecties\\\/ambachten\\\/smederij\\\/#primaryimage\",\"url\":\"https:\\\/\\\/www.batavialand.nl\\\/wp-content\\\/uploads\\\/smederij-museum-batavialand.webp\",\"contentUrl\":\"https:\\\/\\\/www.batavialand.nl\\\/wp-content\\\/uploads\\\/smederij-museum-batavialand.webp\",\"width\":1024,\"height\":678},{\"@type\":\"BreadcrumbList\",\"@id\":\"https:\\\/\\\/www.batavialand.nl\\\/de\\\/kennis-en-collecties\\\/ambachten\\\/smederij\\\/#breadcrumb\",\"itemListElement\":[{\"@type\":\"ListItem\",\"position\":1,\"name\":\"Wissen und Sammlungen\",\"item\":\"https:\\\/\\\/www.batavialand.nl\\\/de\\\/kennis-en-collecties\\\/\"},{\"@type\":\"ListItem\",\"position\":2,\"name\":\"Kunsthandwerk\",\"item\":\"https:\\\/\\\/www.batavialand.nl\\\/de\\\/kennis-en-collecties\\\/ambachten\\\/\"},{\"@type\":\"ListItem\",\"position\":3,\"name\":\"Schmiede\"}]},{\"@type\":\"WebSite\",\"@id\":\"https:\\\/\\\/www.batavialand.nl\\\/de\\\/#website\",\"url\":\"https:\\\/\\\/www.batavialand.nl\\\/de\\\/\",\"name\":\"Museum Batavialand\",\"description\":\"Batavialand, het museum van Flevoland in Lelystad.\",\"publisher\":{\"@id\":\"https:\\\/\\\/www.batavialand.nl\\\/de\\\/#organization\"},\"potentialAction\":[{\"@type\":\"SearchAction\",\"target\":{\"@type\":\"EntryPoint\",\"urlTemplate\":\"https:\\\/\\\/www.batavialand.nl\\\/de\\\/?s={search_term_string}\"},\"query-input\":{\"@type\":\"PropertyValueSpecification\",\"valueRequired\":true,\"valueName\":\"search_term_string\"}}],\"inLanguage\":\"de\"},{\"@type\":\"Organization\",\"@id\":\"https:\\\/\\\/www.batavialand.nl\\\/de\\\/#organization\",\"name\":\"Museum Batavialand\",\"url\":\"https:\\\/\\\/www.batavialand.nl\\\/de\\\/\",\"logo\":{\"@type\":\"ImageObject\",\"inLanguage\":\"de\",\"@id\":\"https:\\\/\\\/www.batavialand.nl\\\/de\\\/#\\\/schema\\\/logo\\\/image\\\/\",\"url\":\"https:\\\/\\\/www.batavialand.nl\\\/wp-content\\\/uploads\\\/batavialand-logo.svg\",\"contentUrl\":\"https:\\\/\\\/www.batavialand.nl\\\/wp-content\\\/uploads\\\/batavialand-logo.svg\",\"width\":1030,\"height\":322,\"caption\":\"Museum Batavialand\"},\"image\":{\"@id\":\"https:\\\/\\\/www.batavialand.nl\\\/de\\\/#\\\/schema\\\/logo\\\/image\\\/\"}}]}<\/script>\n<!-- \/ Yoast SEO plugin. -->","yoast_head_json":{"title":"Schmiede - Museum Batavialand","description":"Besuchen Sie die Schmiede im Museum Batavialand und entdecken Sie, wie Handwerker mit Feuer und Metall arbeiten. Erleben Sie die Magie dieser jahrhundertealten Handwerkskunst!","robots":{"index":"index","follow":"follow","max-snippet":"max-snippet:-1","max-image-preview":"max-image-preview:large","max-video-preview":"max-video-preview:-1"},"canonical":"https:\/\/www.batavialand.nl\/de\/kennis-en-collecties\/ambachten\/smederij\/","og_locale":"de_DE","og_type":"article","og_title":"Schmiede - Museum Batavialand","og_description":"Besuchen Sie die Schmiede im Museum Batavialand und entdecken Sie, wie Handwerker mit Feuer und Metall arbeiten. Erleben Sie die Magie dieser jahrhundertealten Handwerkskunst!","og_url":"https:\/\/www.batavialand.nl\/de\/kennis-en-collecties\/ambachten\/smederij\/","og_site_name":"Museum Batavialand","article_modified_time":"2025-02-19T13:54:25+00:00","og_image":[{"width":1024,"height":678,"url":"https:\/\/www.batavialand.nl\/wp-content\/uploads\/smederij-museum-batavialand.webp","type":"image\/webp"}],"twitter_card":"summary_large_image","schema":{"@context":"https:\/\/schema.org","@graph":[{"@type":"WebPage","@id":"https:\/\/www.batavialand.nl\/de\/kennis-en-collecties\/ambachten\/smederij\/","url":"https:\/\/www.batavialand.nl\/de\/kennis-en-collecties\/ambachten\/smederij\/","name":"Schmiede - Museum Batavialand","isPartOf":{"@id":"https:\/\/www.batavialand.nl\/de\/#website"},"primaryImageOfPage":{"@id":"https:\/\/www.batavialand.nl\/de\/kennis-en-collecties\/ambachten\/smederij\/#primaryimage"},"image":{"@id":"https:\/\/www.batavialand.nl\/de\/kennis-en-collecties\/ambachten\/smederij\/#primaryimage"},"thumbnailUrl":"https:\/\/www.batavialand.nl\/wp-content\/uploads\/smederij-museum-batavialand.webp","datePublished":"2025-01-16T12:50:09+00:00","dateModified":"2025-02-19T13:54:25+00:00","description":"Besuchen Sie die Schmiede im Museum Batavialand und entdecken Sie, wie Handwerker mit Feuer und Metall arbeiten. Erleben Sie die Magie dieser jahrhundertealten Handwerkskunst!","breadcrumb":{"@id":"https:\/\/www.batavialand.nl\/de\/kennis-en-collecties\/ambachten\/smederij\/#breadcrumb"},"inLanguage":"de","potentialAction":[{"@type":"ReadAction","target":["https:\/\/www.batavialand.nl\/de\/kennis-en-collecties\/ambachten\/smederij\/"]}]},{"@type":"ImageObject","inLanguage":"de","@id":"https:\/\/www.batavialand.nl\/de\/kennis-en-collecties\/ambachten\/smederij\/#primaryimage","url":"https:\/\/www.batavialand.nl\/wp-content\/uploads\/smederij-museum-batavialand.webp","contentUrl":"https:\/\/www.batavialand.nl\/wp-content\/uploads\/smederij-museum-batavialand.webp","width":1024,"height":678},{"@type":"BreadcrumbList","@id":"https:\/\/www.batavialand.nl\/de\/kennis-en-collecties\/ambachten\/smederij\/#breadcrumb","itemListElement":[{"@type":"ListItem","position":1,"name":"Wissen und Sammlungen","item":"https:\/\/www.batavialand.nl\/de\/kennis-en-collecties\/"},{"@type":"ListItem","position":2,"name":"Kunsthandwerk","item":"https:\/\/www.batavialand.nl\/de\/kennis-en-collecties\/ambachten\/"},{"@type":"ListItem","position":3,"name":"Schmiede"}]},{"@type":"WebSite","@id":"https:\/\/www.batavialand.nl\/de\/#website","url":"https:\/\/www.batavialand.nl\/de\/","name":"Museum Batavialand","description":"Batavialand, het museum van Flevoland in Lelystad.","publisher":{"@id":"https:\/\/www.batavialand.nl\/de\/#organization"},"potentialAction":[{"@type":"SearchAction","target":{"@type":"EntryPoint","urlTemplate":"https:\/\/www.batavialand.nl\/de\/?s={search_term_string}"},"query-input":{"@type":"PropertyValueSpecification","valueRequired":true,"valueName":"search_term_string"}}],"inLanguage":"de"},{"@type":"Organization","@id":"https:\/\/www.batavialand.nl\/de\/#organization","name":"Museum Batavialand","url":"https:\/\/www.batavialand.nl\/de\/","logo":{"@type":"ImageObject","inLanguage":"de","@id":"https:\/\/www.batavialand.nl\/de\/#\/schema\/logo\/image\/","url":"https:\/\/www.batavialand.nl\/wp-content\/uploads\/batavialand-logo.svg","contentUrl":"https:\/\/www.batavialand.nl\/wp-content\/uploads\/batavialand-logo.svg","width":1030,"height":322,"caption":"Museum Batavialand"},"image":{"@id":"https:\/\/www.batavialand.nl\/de\/#\/schema\/logo\/image\/"}}]}},"_links":{"self":[{"href":"https:\/\/www.batavialand.nl\/de\/wp-json\/wp\/v2\/pages\/4351","targetHints":{"allow":["GET"]}}],"collection":[{"href":"https:\/\/www.batavialand.nl\/de\/wp-json\/wp\/v2\/pages"}],"about":[{"href":"https:\/\/www.batavialand.nl\/de\/wp-json\/wp\/v2\/types\/page"}],"author":[{"embeddable":true,"href":"https:\/\/www.batavialand.nl\/de\/wp-json\/wp\/v2\/users\/1"}],"replies":[{"embeddable":true,"href":"https:\/\/www.batavialand.nl\/de\/wp-json\/wp\/v2\/comments?post=4351"}],"version-history":[{"count":1,"href":"https:\/\/www.batavialand.nl\/de\/wp-json\/wp\/v2\/pages\/4351\/revisions"}],"predecessor-version":[{"id":4353,"href":"https:\/\/www.batavialand.nl\/de\/wp-json\/wp\/v2\/pages\/4351\/revisions\/4353"}],"up":[{"embeddable":true,"href":"https:\/\/www.batavialand.nl\/de\/wp-json\/wp\/v2\/pages\/4298"}],"wp:featuredmedia":[{"embeddable":true,"href":"https:\/\/www.batavialand.nl\/de\/wp-json\/wp\/v2\/media\/4061"}],"wp:attachment":[{"href":"https:\/\/www.batavialand.nl\/de\/wp-json\/wp\/v2\/media?parent=4351"}],"curies":[{"name":"wp","href":"https:\/\/api.w.org\/{rel}","templated":true}]}}