{"id":4352,"date":"2025-01-11T15:05:50","date_gmt":"2025-01-11T15:05:50","guid":{"rendered":"https:\/\/www.batavialand.nl\/das-museum-batavialand-ist-ein-einzigartiger-ort\/unterstuetzen-sie-batavialand-und-machen-sie-geschichte-moeglich\/kultureller-anbi-status-museum-batavialand\/"},"modified":"2026-02-02T15:20:59","modified_gmt":"2026-02-02T15:20:59","slug":"anbi-status","status":"publish","type":"page","link":"https:\/\/www.batavialand.nl\/de\/over-batavialand\/steun-ons\/anbi-status\/","title":{"rendered":"Kultureller ANBI-Status Museum Batavialand"},"content":{"rendered":"\n<h3 class=\"wp-block-heading\">Spenden Sie steuerbeg\u00fcnstigt und unterst\u00fctzen Sie unser Erbe<\/h3>\n\n<p>Das Museum Batavialand hat den Status einer kulturellen ANBI (Institution for General Benefit). Dies bietet sowohl Privatpersonen als auch Unternehmen, die uns unterst\u00fctzen m\u00f6chten, Steuervorteile. Ihre Spende tr\u00e4gt direkt zur Erhaltung und Erneuerung unseres einzigartigen maritimen Erbes bei und kann gleichzeitig auch steuerlich attraktiv sein.  <\/p>\n\n<p><\/p>\n","protected":false},"excerpt":{"rendered":"<p>Spenden Sie steuerbeg\u00fcnstigt und unterst\u00fctzen Sie unser Erbe Das Museum Batavialand hat den Status einer kulturellen ANBI (Institution for General Benefit). Dies bietet sowohl Privatpersonen als auch Unternehmen, die uns unterst\u00fctzen m\u00f6chten, Steuervorteile. Ihre Spende tr\u00e4gt direkt zur Erhaltung und Erneuerung unseres einzigartigen maritimen Erbes bei und kann gleichzeitig auch steuerlich attraktiv sein.<\/p>\n","protected":false},"author":1,"featured_media":3352,"parent":4271,"menu_order":0,"comment_status":"closed","ping_status":"closed","template":"","meta":{"_acf_changed":false,"footnotes":""},"class_list":["post-4352","page","type-page","status-publish","has-post-thumbnail","hentry"],"acf":[],"yoast_head":"<!-- This site is optimized with the Yoast SEO plugin v27.4 - https:\/\/yoast.com\/product\/yoast-seo-wordpress\/ -->\n<title>Kultureller ANBI-Status Museum Batavialand - Museum Batavialand<\/title>\n<meta name=\"description\" content=\"Das Museum Batavialand hat den kulturellen ANBI-Status. Finden Sie heraus, wie Sie spenden und mit Steuervorteilen zu unserem einzigartigen Erbe beitragen k\u00f6nnen!\" \/>\n<meta name=\"robots\" content=\"index, follow, max-snippet:-1, max-image-preview:large, max-video-preview:-1\" \/>\n<link rel=\"canonical\" href=\"https:\/\/www.batavialand.nl\/de\/over-batavialand\/steun-ons\/anbi-status\/\" \/>\n<meta property=\"og:locale\" content=\"de_DE\" \/>\n<meta property=\"og:type\" content=\"article\" \/>\n<meta property=\"og:title\" content=\"Kultureller ANBI-Status Museum Batavialand - Museum Batavialand\" \/>\n<meta property=\"og:description\" content=\"Das Museum Batavialand hat den kulturellen ANBI-Status. Finden Sie heraus, wie Sie spenden und mit Steuervorteilen zu unserem einzigartigen Erbe beitragen k\u00f6nnen!\" \/>\n<meta property=\"og:url\" content=\"https:\/\/www.batavialand.nl\/de\/over-batavialand\/steun-ons\/anbi-status\/\" \/>\n<meta property=\"og:site_name\" content=\"Museum Batavialand\" \/>\n<meta property=\"article:modified_time\" content=\"2026-02-02T15:20:59+00:00\" \/>\n<meta property=\"og:image\" content=\"https:\/\/www.batavialand.nl\/wp-content\/uploads\/luchtfoto-museum-batavialand.webp\" \/>\n\t<meta property=\"og:image:width\" content=\"1024\" \/>\n\t<meta property=\"og:image:height\" content=\"678\" \/>\n\t<meta property=\"og:image:type\" content=\"image\/webp\" \/>\n<meta name=\"twitter:card\" content=\"summary_large_image\" \/>\n<script type=\"application\/ld+json\" class=\"yoast-schema-graph\">{\"@context\":\"https:\\\/\\\/schema.org\",\"@graph\":[{\"@type\":\"WebPage\",\"@id\":\"https:\\\/\\\/www.batavialand.nl\\\/de\\\/over-batavialand\\\/steun-ons\\\/anbi-status\\\/\",\"url\":\"https:\\\/\\\/www.batavialand.nl\\\/de\\\/over-batavialand\\\/steun-ons\\\/anbi-status\\\/\",\"name\":\"Kultureller ANBI-Status Museum Batavialand - Museum Batavialand\",\"isPartOf\":{\"@id\":\"https:\\\/\\\/www.batavialand.nl\\\/de\\\/#website\"},\"primaryImageOfPage\":{\"@id\":\"https:\\\/\\\/www.batavialand.nl\\\/de\\\/over-batavialand\\\/steun-ons\\\/anbi-status\\\/#primaryimage\"},\"image\":{\"@id\":\"https:\\\/\\\/www.batavialand.nl\\\/de\\\/over-batavialand\\\/steun-ons\\\/anbi-status\\\/#primaryimage\"},\"thumbnailUrl\":\"https:\\\/\\\/www.batavialand.nl\\\/wp-content\\\/uploads\\\/luchtfoto-museum-batavialand.webp\",\"datePublished\":\"2025-01-11T15:05:50+00:00\",\"dateModified\":\"2026-02-02T15:20:59+00:00\",\"description\":\"Das Museum Batavialand hat den kulturellen ANBI-Status. Finden Sie heraus, wie Sie spenden und mit Steuervorteilen zu unserem einzigartigen Erbe beitragen k\u00f6nnen!\",\"breadcrumb\":{\"@id\":\"https:\\\/\\\/www.batavialand.nl\\\/de\\\/over-batavialand\\\/steun-ons\\\/anbi-status\\\/#breadcrumb\"},\"inLanguage\":\"de\",\"potentialAction\":[{\"@type\":\"ReadAction\",\"target\":[\"https:\\\/\\\/www.batavialand.nl\\\/de\\\/over-batavialand\\\/steun-ons\\\/anbi-status\\\/\"]}]},{\"@type\":\"ImageObject\",\"inLanguage\":\"de\",\"@id\":\"https:\\\/\\\/www.batavialand.nl\\\/de\\\/over-batavialand\\\/steun-ons\\\/anbi-status\\\/#primaryimage\",\"url\":\"https:\\\/\\\/www.batavialand.nl\\\/wp-content\\\/uploads\\\/luchtfoto-museum-batavialand.webp\",\"contentUrl\":\"https:\\\/\\\/www.batavialand.nl\\\/wp-content\\\/uploads\\\/luchtfoto-museum-batavialand.webp\",\"width\":1024,\"height\":678},{\"@type\":\"BreadcrumbList\",\"@id\":\"https:\\\/\\\/www.batavialand.nl\\\/de\\\/over-batavialand\\\/steun-ons\\\/anbi-status\\\/#breadcrumb\",\"itemListElement\":[{\"@type\":\"ListItem\",\"position\":1,\"name\":\"\u00dcber Batavialand\",\"item\":\"https:\\\/\\\/www.batavialand.nl\\\/de\\\/over-batavialand\\\/\"},{\"@type\":\"ListItem\",\"position\":2,\"name\":\"Unterst\u00fctzen Sie uns\",\"item\":\"https:\\\/\\\/www.batavialand.nl\\\/de\\\/over-batavialand\\\/steun-ons\\\/\"},{\"@type\":\"ListItem\",\"position\":3,\"name\":\"ANBI-Status\"}]},{\"@type\":\"WebSite\",\"@id\":\"https:\\\/\\\/www.batavialand.nl\\\/de\\\/#website\",\"url\":\"https:\\\/\\\/www.batavialand.nl\\\/de\\\/\",\"name\":\"Museum Batavialand\",\"description\":\"Batavialand, het museum van Flevoland in Lelystad.\",\"publisher\":{\"@id\":\"https:\\\/\\\/www.batavialand.nl\\\/de\\\/#organization\"},\"potentialAction\":[{\"@type\":\"SearchAction\",\"target\":{\"@type\":\"EntryPoint\",\"urlTemplate\":\"https:\\\/\\\/www.batavialand.nl\\\/de\\\/?s={search_term_string}\"},\"query-input\":{\"@type\":\"PropertyValueSpecification\",\"valueRequired\":true,\"valueName\":\"search_term_string\"}}],\"inLanguage\":\"de\"},{\"@type\":\"Organization\",\"@id\":\"https:\\\/\\\/www.batavialand.nl\\\/de\\\/#organization\",\"name\":\"Museum Batavialand\",\"url\":\"https:\\\/\\\/www.batavialand.nl\\\/de\\\/\",\"logo\":{\"@type\":\"ImageObject\",\"inLanguage\":\"de\",\"@id\":\"https:\\\/\\\/www.batavialand.nl\\\/de\\\/#\\\/schema\\\/logo\\\/image\\\/\",\"url\":\"https:\\\/\\\/www.batavialand.nl\\\/wp-content\\\/uploads\\\/batavialand-logo.svg\",\"contentUrl\":\"https:\\\/\\\/www.batavialand.nl\\\/wp-content\\\/uploads\\\/batavialand-logo.svg\",\"width\":1030,\"height\":322,\"caption\":\"Museum Batavialand\"},\"image\":{\"@id\":\"https:\\\/\\\/www.batavialand.nl\\\/de\\\/#\\\/schema\\\/logo\\\/image\\\/\"}}]}<\/script>\n<!-- \/ Yoast SEO plugin. -->","yoast_head_json":{"title":"Kultureller ANBI-Status Museum Batavialand - Museum Batavialand","description":"Das Museum Batavialand hat den kulturellen ANBI-Status. Finden Sie heraus, wie Sie spenden und mit Steuervorteilen zu unserem einzigartigen Erbe beitragen k\u00f6nnen!","robots":{"index":"index","follow":"follow","max-snippet":"max-snippet:-1","max-image-preview":"max-image-preview:large","max-video-preview":"max-video-preview:-1"},"canonical":"https:\/\/www.batavialand.nl\/de\/over-batavialand\/steun-ons\/anbi-status\/","og_locale":"de_DE","og_type":"article","og_title":"Kultureller ANBI-Status Museum Batavialand - Museum Batavialand","og_description":"Das Museum Batavialand hat den kulturellen ANBI-Status. Finden Sie heraus, wie Sie spenden und mit Steuervorteilen zu unserem einzigartigen Erbe beitragen k\u00f6nnen!","og_url":"https:\/\/www.batavialand.nl\/de\/over-batavialand\/steun-ons\/anbi-status\/","og_site_name":"Museum Batavialand","article_modified_time":"2026-02-02T15:20:59+00:00","og_image":[{"width":1024,"height":678,"url":"https:\/\/www.batavialand.nl\/wp-content\/uploads\/luchtfoto-museum-batavialand.webp","type":"image\/webp"}],"twitter_card":"summary_large_image","schema":{"@context":"https:\/\/schema.org","@graph":[{"@type":"WebPage","@id":"https:\/\/www.batavialand.nl\/de\/over-batavialand\/steun-ons\/anbi-status\/","url":"https:\/\/www.batavialand.nl\/de\/over-batavialand\/steun-ons\/anbi-status\/","name":"Kultureller ANBI-Status Museum Batavialand - Museum Batavialand","isPartOf":{"@id":"https:\/\/www.batavialand.nl\/de\/#website"},"primaryImageOfPage":{"@id":"https:\/\/www.batavialand.nl\/de\/over-batavialand\/steun-ons\/anbi-status\/#primaryimage"},"image":{"@id":"https:\/\/www.batavialand.nl\/de\/over-batavialand\/steun-ons\/anbi-status\/#primaryimage"},"thumbnailUrl":"https:\/\/www.batavialand.nl\/wp-content\/uploads\/luchtfoto-museum-batavialand.webp","datePublished":"2025-01-11T15:05:50+00:00","dateModified":"2026-02-02T15:20:59+00:00","description":"Das Museum Batavialand hat den kulturellen ANBI-Status. Finden Sie heraus, wie Sie spenden und mit Steuervorteilen zu unserem einzigartigen Erbe beitragen k\u00f6nnen!","breadcrumb":{"@id":"https:\/\/www.batavialand.nl\/de\/over-batavialand\/steun-ons\/anbi-status\/#breadcrumb"},"inLanguage":"de","potentialAction":[{"@type":"ReadAction","target":["https:\/\/www.batavialand.nl\/de\/over-batavialand\/steun-ons\/anbi-status\/"]}]},{"@type":"ImageObject","inLanguage":"de","@id":"https:\/\/www.batavialand.nl\/de\/over-batavialand\/steun-ons\/anbi-status\/#primaryimage","url":"https:\/\/www.batavialand.nl\/wp-content\/uploads\/luchtfoto-museum-batavialand.webp","contentUrl":"https:\/\/www.batavialand.nl\/wp-content\/uploads\/luchtfoto-museum-batavialand.webp","width":1024,"height":678},{"@type":"BreadcrumbList","@id":"https:\/\/www.batavialand.nl\/de\/over-batavialand\/steun-ons\/anbi-status\/#breadcrumb","itemListElement":[{"@type":"ListItem","position":1,"name":"\u00dcber Batavialand","item":"https:\/\/www.batavialand.nl\/de\/over-batavialand\/"},{"@type":"ListItem","position":2,"name":"Unterst\u00fctzen Sie uns","item":"https:\/\/www.batavialand.nl\/de\/over-batavialand\/steun-ons\/"},{"@type":"ListItem","position":3,"name":"ANBI-Status"}]},{"@type":"WebSite","@id":"https:\/\/www.batavialand.nl\/de\/#website","url":"https:\/\/www.batavialand.nl\/de\/","name":"Museum Batavialand","description":"Batavialand, het museum van Flevoland in Lelystad.","publisher":{"@id":"https:\/\/www.batavialand.nl\/de\/#organization"},"potentialAction":[{"@type":"SearchAction","target":{"@type":"EntryPoint","urlTemplate":"https:\/\/www.batavialand.nl\/de\/?s={search_term_string}"},"query-input":{"@type":"PropertyValueSpecification","valueRequired":true,"valueName":"search_term_string"}}],"inLanguage":"de"},{"@type":"Organization","@id":"https:\/\/www.batavialand.nl\/de\/#organization","name":"Museum Batavialand","url":"https:\/\/www.batavialand.nl\/de\/","logo":{"@type":"ImageObject","inLanguage":"de","@id":"https:\/\/www.batavialand.nl\/de\/#\/schema\/logo\/image\/","url":"https:\/\/www.batavialand.nl\/wp-content\/uploads\/batavialand-logo.svg","contentUrl":"https:\/\/www.batavialand.nl\/wp-content\/uploads\/batavialand-logo.svg","width":1030,"height":322,"caption":"Museum Batavialand"},"image":{"@id":"https:\/\/www.batavialand.nl\/de\/#\/schema\/logo\/image\/"}}]}},"_links":{"self":[{"href":"https:\/\/www.batavialand.nl\/de\/wp-json\/wp\/v2\/pages\/4352","targetHints":{"allow":["GET"]}}],"collection":[{"href":"https:\/\/www.batavialand.nl\/de\/wp-json\/wp\/v2\/pages"}],"about":[{"href":"https:\/\/www.batavialand.nl\/de\/wp-json\/wp\/v2\/types\/page"}],"author":[{"embeddable":true,"href":"https:\/\/www.batavialand.nl\/de\/wp-json\/wp\/v2\/users\/1"}],"replies":[{"embeddable":true,"href":"https:\/\/www.batavialand.nl\/de\/wp-json\/wp\/v2\/comments?post=4352"}],"version-history":[{"count":1,"href":"https:\/\/www.batavialand.nl\/de\/wp-json\/wp\/v2\/pages\/4352\/revisions"}],"predecessor-version":[{"id":4354,"href":"https:\/\/www.batavialand.nl\/de\/wp-json\/wp\/v2\/pages\/4352\/revisions\/4354"}],"up":[{"embeddable":true,"href":"https:\/\/www.batavialand.nl\/de\/wp-json\/wp\/v2\/pages\/4271"}],"wp:featuredmedia":[{"embeddable":true,"href":"https:\/\/www.batavialand.nl\/de\/wp-json\/wp\/v2\/media\/3352"}],"wp:attachment":[{"href":"https:\/\/www.batavialand.nl\/de\/wp-json\/wp\/v2\/media?parent=4352"}],"curies":[{"name":"wp","href":"https:\/\/api.w.org\/{rel}","templated":true}]}}