{"id":4355,"date":"2025-01-11T15:03:09","date_gmt":"2025-01-11T15:03:09","guid":{"rendered":"https:\/\/www.batavialand.nl\/das-museum-batavialand-ist-ein-einzigartiger-ort\/unterstuetzen-sie-batavialand-und-machen-sie-geschichte-moeglich\/werden-sie-partner-von-museum-batavialand\/"},"modified":"2025-02-19T13:54:37","modified_gmt":"2025-02-19T13:54:37","slug":"word-partner","status":"publish","type":"page","link":"https:\/\/www.batavialand.nl\/de\/over-batavialand\/steun-ons\/word-partner\/","title":{"rendered":"Werden Sie Partner von Museum Batavialand"},"content":{"rendered":"\n<p><br\/>Das Museum Batavialand l\u00e4dt Unternehmen und Organisationen ein, Teil unserer Mission zu werden: das niederl\u00e4ndische maritime Erbe und die Geschichten des Lebens an der Grenze zwischen Land und Wasser zu bewahren und zu vermitteln. Als Partner tragen Sie zur Erneuerung unseres Museums bei und unterst\u00fctzen Projekte, die Kulturerbe, Bildung und Innovation miteinander verbinden <\/p>\n\n<h3 class=\"wp-block-heading\">Warum ein Partner werden?<\/h3>\n\n<p>Eine Partnerschaft mit dem Museum Batavialand bietet Vorteile f\u00fcr beide Parteien:<\/p>\n\n<ul class=\"wp-block-list\">\n<li><strong>Soziale Wirkung:<\/strong> Zeigen Sie, dass Ihre Organisation in die Erhaltung des kulturellen Erbes investiert.<\/li>\n\n\n\n<li><strong>St\u00e4rkung der Marke:<\/strong> verbinden Sie Ihren Namen mit einem einzigartigen Museum und einer nationalen Ikone.<\/li>\n\n\n\n<li><strong>Beziehungsmanagement:<\/strong> Nutzen Sie das Museum f\u00fcr Veranstaltungen, Empf\u00e4nge und Networking-M\u00f6glichkeiten.<\/li>\n\n\n\n<li><strong>Sichtbarkeit:<\/strong> Als Partner erhalten Sie Sichtbarkeit \u00fcber unsere Kommunikationskan\u00e4le, Veranstaltungen und vor Ort.<\/li>\n<\/ul>\n","protected":false},"excerpt":{"rendered":"<p>Das Museum Batavialand l\u00e4dt Unternehmen und Organisationen ein, Teil unserer Mission zu werden: das niederl\u00e4ndische maritime Erbe und die Geschichten des Lebens an der Grenze zwischen Land und Wasser zu bewahren und zu vermitteln. Als Partner tragen Sie zur Erneuerung unseres Museums bei und unterst\u00fctzen Projekte, die Kulturerbe, Bildung und Innovation miteinander verbinden Warum ein [&hellip;]<\/p>\n","protected":false},"author":1,"featured_media":3986,"parent":4271,"menu_order":0,"comment_status":"closed","ping_status":"closed","template":"","meta":{"_acf_changed":false,"footnotes":""},"class_list":["post-4355","page","type-page","status-publish","has-post-thumbnail","hentry"],"acf":[],"yoast_head":"<!-- This site is optimized with the Yoast SEO plugin v27.4 - https:\/\/yoast.com\/product\/yoast-seo-wordpress\/ -->\n<title>Werden Sie Partner von Museum Batavialand - Museum Batavialand<\/title>\n<meta name=\"description\" content=\"Werden Sie ein Partner des Museum Batavialand und unterst\u00fctzen Sie unsere Mission. Entdecken Sie M\u00f6glichkeiten f\u00fcr Sponsoring, Zusammenarbeit und Beziehungsmanagement.\" \/>\n<meta name=\"robots\" content=\"index, follow, max-snippet:-1, max-image-preview:large, max-video-preview:-1\" \/>\n<link rel=\"canonical\" href=\"https:\/\/www.batavialand.nl\/de\/over-batavialand\/steun-ons\/word-partner\/\" \/>\n<meta property=\"og:locale\" content=\"de_DE\" \/>\n<meta property=\"og:type\" content=\"article\" \/>\n<meta property=\"og:title\" content=\"Werden Sie Partner von Museum Batavialand - Museum Batavialand\" \/>\n<meta property=\"og:description\" content=\"Werden Sie ein Partner des Museum Batavialand und unterst\u00fctzen Sie unsere Mission. Entdecken Sie M\u00f6glichkeiten f\u00fcr Sponsoring, Zusammenarbeit und Beziehungsmanagement.\" \/>\n<meta property=\"og:url\" content=\"https:\/\/www.batavialand.nl\/de\/over-batavialand\/steun-ons\/word-partner\/\" \/>\n<meta property=\"og:site_name\" content=\"Museum Batavialand\" \/>\n<meta property=\"article:modified_time\" content=\"2025-02-19T13:54:37+00:00\" \/>\n<meta property=\"og:image\" content=\"https:\/\/www.batavialand.nl\/wp-content\/uploads\/word-partner-museum-batavialand.webp\" \/>\n\t<meta property=\"og:image:width\" content=\"1024\" \/>\n\t<meta property=\"og:image:height\" content=\"678\" \/>\n\t<meta property=\"og:image:type\" content=\"image\/webp\" \/>\n<meta name=\"twitter:card\" content=\"summary_large_image\" \/>\n<meta name=\"twitter:label1\" content=\"Gesch\u00e4tzte Lesezeit\" \/>\n\t<meta name=\"twitter:data1\" content=\"1\u00a0Minute\" \/>\n<script type=\"application\/ld+json\" class=\"yoast-schema-graph\">{\"@context\":\"https:\\\/\\\/schema.org\",\"@graph\":[{\"@type\":\"WebPage\",\"@id\":\"https:\\\/\\\/www.batavialand.nl\\\/de\\\/over-batavialand\\\/steun-ons\\\/word-partner\\\/\",\"url\":\"https:\\\/\\\/www.batavialand.nl\\\/de\\\/over-batavialand\\\/steun-ons\\\/word-partner\\\/\",\"name\":\"Werden Sie Partner von Museum Batavialand - Museum Batavialand\",\"isPartOf\":{\"@id\":\"https:\\\/\\\/www.batavialand.nl\\\/de\\\/#website\"},\"primaryImageOfPage\":{\"@id\":\"https:\\\/\\\/www.batavialand.nl\\\/de\\\/over-batavialand\\\/steun-ons\\\/word-partner\\\/#primaryimage\"},\"image\":{\"@id\":\"https:\\\/\\\/www.batavialand.nl\\\/de\\\/over-batavialand\\\/steun-ons\\\/word-partner\\\/#primaryimage\"},\"thumbnailUrl\":\"https:\\\/\\\/www.batavialand.nl\\\/wp-content\\\/uploads\\\/word-partner-museum-batavialand.webp\",\"datePublished\":\"2025-01-11T15:03:09+00:00\",\"dateModified\":\"2025-02-19T13:54:37+00:00\",\"description\":\"Werden Sie ein Partner des Museum Batavialand und unterst\u00fctzen Sie unsere Mission. Entdecken Sie M\u00f6glichkeiten f\u00fcr Sponsoring, Zusammenarbeit und Beziehungsmanagement.\",\"breadcrumb\":{\"@id\":\"https:\\\/\\\/www.batavialand.nl\\\/de\\\/over-batavialand\\\/steun-ons\\\/word-partner\\\/#breadcrumb\"},\"inLanguage\":\"de\",\"potentialAction\":[{\"@type\":\"ReadAction\",\"target\":[\"https:\\\/\\\/www.batavialand.nl\\\/de\\\/over-batavialand\\\/steun-ons\\\/word-partner\\\/\"]}]},{\"@type\":\"ImageObject\",\"inLanguage\":\"de\",\"@id\":\"https:\\\/\\\/www.batavialand.nl\\\/de\\\/over-batavialand\\\/steun-ons\\\/word-partner\\\/#primaryimage\",\"url\":\"https:\\\/\\\/www.batavialand.nl\\\/wp-content\\\/uploads\\\/word-partner-museum-batavialand.webp\",\"contentUrl\":\"https:\\\/\\\/www.batavialand.nl\\\/wp-content\\\/uploads\\\/word-partner-museum-batavialand.webp\",\"width\":1024,\"height\":678},{\"@type\":\"BreadcrumbList\",\"@id\":\"https:\\\/\\\/www.batavialand.nl\\\/de\\\/over-batavialand\\\/steun-ons\\\/word-partner\\\/#breadcrumb\",\"itemListElement\":[{\"@type\":\"ListItem\",\"position\":1,\"name\":\"\u00dcber Batavialand\",\"item\":\"https:\\\/\\\/www.batavialand.nl\\\/de\\\/over-batavialand\\\/\"},{\"@type\":\"ListItem\",\"position\":2,\"name\":\"Unterst\u00fctzen Sie uns\",\"item\":\"https:\\\/\\\/www.batavialand.nl\\\/de\\\/over-batavialand\\\/steun-ons\\\/\"},{\"@type\":\"ListItem\",\"position\":3,\"name\":\"Werden Sie Partner\"}]},{\"@type\":\"WebSite\",\"@id\":\"https:\\\/\\\/www.batavialand.nl\\\/de\\\/#website\",\"url\":\"https:\\\/\\\/www.batavialand.nl\\\/de\\\/\",\"name\":\"Museum Batavialand\",\"description\":\"Batavialand, het museum van Flevoland in Lelystad.\",\"publisher\":{\"@id\":\"https:\\\/\\\/www.batavialand.nl\\\/de\\\/#organization\"},\"potentialAction\":[{\"@type\":\"SearchAction\",\"target\":{\"@type\":\"EntryPoint\",\"urlTemplate\":\"https:\\\/\\\/www.batavialand.nl\\\/de\\\/?s={search_term_string}\"},\"query-input\":{\"@type\":\"PropertyValueSpecification\",\"valueRequired\":true,\"valueName\":\"search_term_string\"}}],\"inLanguage\":\"de\"},{\"@type\":\"Organization\",\"@id\":\"https:\\\/\\\/www.batavialand.nl\\\/de\\\/#organization\",\"name\":\"Museum Batavialand\",\"url\":\"https:\\\/\\\/www.batavialand.nl\\\/de\\\/\",\"logo\":{\"@type\":\"ImageObject\",\"inLanguage\":\"de\",\"@id\":\"https:\\\/\\\/www.batavialand.nl\\\/de\\\/#\\\/schema\\\/logo\\\/image\\\/\",\"url\":\"https:\\\/\\\/www.batavialand.nl\\\/wp-content\\\/uploads\\\/batavialand-logo.svg\",\"contentUrl\":\"https:\\\/\\\/www.batavialand.nl\\\/wp-content\\\/uploads\\\/batavialand-logo.svg\",\"width\":1030,\"height\":322,\"caption\":\"Museum Batavialand\"},\"image\":{\"@id\":\"https:\\\/\\\/www.batavialand.nl\\\/de\\\/#\\\/schema\\\/logo\\\/image\\\/\"}}]}<\/script>\n<!-- \/ Yoast SEO plugin. -->","yoast_head_json":{"title":"Werden Sie Partner von Museum Batavialand - Museum Batavialand","description":"Werden Sie ein Partner des Museum Batavialand und unterst\u00fctzen Sie unsere Mission. Entdecken Sie M\u00f6glichkeiten f\u00fcr Sponsoring, Zusammenarbeit und Beziehungsmanagement.","robots":{"index":"index","follow":"follow","max-snippet":"max-snippet:-1","max-image-preview":"max-image-preview:large","max-video-preview":"max-video-preview:-1"},"canonical":"https:\/\/www.batavialand.nl\/de\/over-batavialand\/steun-ons\/word-partner\/","og_locale":"de_DE","og_type":"article","og_title":"Werden Sie Partner von Museum Batavialand - Museum Batavialand","og_description":"Werden Sie ein Partner des Museum Batavialand und unterst\u00fctzen Sie unsere Mission. Entdecken Sie M\u00f6glichkeiten f\u00fcr Sponsoring, Zusammenarbeit und Beziehungsmanagement.","og_url":"https:\/\/www.batavialand.nl\/de\/over-batavialand\/steun-ons\/word-partner\/","og_site_name":"Museum Batavialand","article_modified_time":"2025-02-19T13:54:37+00:00","og_image":[{"width":1024,"height":678,"url":"https:\/\/www.batavialand.nl\/wp-content\/uploads\/word-partner-museum-batavialand.webp","type":"image\/webp"}],"twitter_card":"summary_large_image","twitter_misc":{"Gesch\u00e4tzte Lesezeit":"1\u00a0Minute"},"schema":{"@context":"https:\/\/schema.org","@graph":[{"@type":"WebPage","@id":"https:\/\/www.batavialand.nl\/de\/over-batavialand\/steun-ons\/word-partner\/","url":"https:\/\/www.batavialand.nl\/de\/over-batavialand\/steun-ons\/word-partner\/","name":"Werden Sie Partner von Museum Batavialand - Museum Batavialand","isPartOf":{"@id":"https:\/\/www.batavialand.nl\/de\/#website"},"primaryImageOfPage":{"@id":"https:\/\/www.batavialand.nl\/de\/over-batavialand\/steun-ons\/word-partner\/#primaryimage"},"image":{"@id":"https:\/\/www.batavialand.nl\/de\/over-batavialand\/steun-ons\/word-partner\/#primaryimage"},"thumbnailUrl":"https:\/\/www.batavialand.nl\/wp-content\/uploads\/word-partner-museum-batavialand.webp","datePublished":"2025-01-11T15:03:09+00:00","dateModified":"2025-02-19T13:54:37+00:00","description":"Werden Sie ein Partner des Museum Batavialand und unterst\u00fctzen Sie unsere Mission. Entdecken Sie M\u00f6glichkeiten f\u00fcr Sponsoring, Zusammenarbeit und Beziehungsmanagement.","breadcrumb":{"@id":"https:\/\/www.batavialand.nl\/de\/over-batavialand\/steun-ons\/word-partner\/#breadcrumb"},"inLanguage":"de","potentialAction":[{"@type":"ReadAction","target":["https:\/\/www.batavialand.nl\/de\/over-batavialand\/steun-ons\/word-partner\/"]}]},{"@type":"ImageObject","inLanguage":"de","@id":"https:\/\/www.batavialand.nl\/de\/over-batavialand\/steun-ons\/word-partner\/#primaryimage","url":"https:\/\/www.batavialand.nl\/wp-content\/uploads\/word-partner-museum-batavialand.webp","contentUrl":"https:\/\/www.batavialand.nl\/wp-content\/uploads\/word-partner-museum-batavialand.webp","width":1024,"height":678},{"@type":"BreadcrumbList","@id":"https:\/\/www.batavialand.nl\/de\/over-batavialand\/steun-ons\/word-partner\/#breadcrumb","itemListElement":[{"@type":"ListItem","position":1,"name":"\u00dcber Batavialand","item":"https:\/\/www.batavialand.nl\/de\/over-batavialand\/"},{"@type":"ListItem","position":2,"name":"Unterst\u00fctzen Sie uns","item":"https:\/\/www.batavialand.nl\/de\/over-batavialand\/steun-ons\/"},{"@type":"ListItem","position":3,"name":"Werden Sie Partner"}]},{"@type":"WebSite","@id":"https:\/\/www.batavialand.nl\/de\/#website","url":"https:\/\/www.batavialand.nl\/de\/","name":"Museum Batavialand","description":"Batavialand, het museum van Flevoland in Lelystad.","publisher":{"@id":"https:\/\/www.batavialand.nl\/de\/#organization"},"potentialAction":[{"@type":"SearchAction","target":{"@type":"EntryPoint","urlTemplate":"https:\/\/www.batavialand.nl\/de\/?s={search_term_string}"},"query-input":{"@type":"PropertyValueSpecification","valueRequired":true,"valueName":"search_term_string"}}],"inLanguage":"de"},{"@type":"Organization","@id":"https:\/\/www.batavialand.nl\/de\/#organization","name":"Museum Batavialand","url":"https:\/\/www.batavialand.nl\/de\/","logo":{"@type":"ImageObject","inLanguage":"de","@id":"https:\/\/www.batavialand.nl\/de\/#\/schema\/logo\/image\/","url":"https:\/\/www.batavialand.nl\/wp-content\/uploads\/batavialand-logo.svg","contentUrl":"https:\/\/www.batavialand.nl\/wp-content\/uploads\/batavialand-logo.svg","width":1030,"height":322,"caption":"Museum Batavialand"},"image":{"@id":"https:\/\/www.batavialand.nl\/de\/#\/schema\/logo\/image\/"}}]}},"_links":{"self":[{"href":"https:\/\/www.batavialand.nl\/de\/wp-json\/wp\/v2\/pages\/4355","targetHints":{"allow":["GET"]}}],"collection":[{"href":"https:\/\/www.batavialand.nl\/de\/wp-json\/wp\/v2\/pages"}],"about":[{"href":"https:\/\/www.batavialand.nl\/de\/wp-json\/wp\/v2\/types\/page"}],"author":[{"embeddable":true,"href":"https:\/\/www.batavialand.nl\/de\/wp-json\/wp\/v2\/users\/1"}],"replies":[{"embeddable":true,"href":"https:\/\/www.batavialand.nl\/de\/wp-json\/wp\/v2\/comments?post=4355"}],"version-history":[{"count":1,"href":"https:\/\/www.batavialand.nl\/de\/wp-json\/wp\/v2\/pages\/4355\/revisions"}],"predecessor-version":[{"id":4356,"href":"https:\/\/www.batavialand.nl\/de\/wp-json\/wp\/v2\/pages\/4355\/revisions\/4356"}],"up":[{"embeddable":true,"href":"https:\/\/www.batavialand.nl\/de\/wp-json\/wp\/v2\/pages\/4271"}],"wp:featuredmedia":[{"embeddable":true,"href":"https:\/\/www.batavialand.nl\/de\/wp-json\/wp\/v2\/media\/3986"}],"wp:attachment":[{"href":"https:\/\/www.batavialand.nl\/de\/wp-json\/wp\/v2\/media?parent=4355"}],"curies":[{"name":"wp","href":"https:\/\/api.w.org\/{rel}","templated":true}]}}