{"id":4361,"date":"2025-01-16T12:48:49","date_gmt":"2025-01-16T12:48:49","guid":{"rendered":"https:\/\/www.batavialand.nl\/ein-reichtum-an-wissen-und-erbe\/kunsthandwerk\/modellbau\/"},"modified":"2025-02-19T13:54:55","modified_gmt":"2025-02-19T13:54:55","slug":"modelbouw","status":"publish","type":"page","link":"https:\/\/www.batavialand.nl\/de\/kennis-en-collecties\/ambachten\/modelbouw\/","title":{"rendered":"Modellbau"},"content":{"rendered":"\n<h2 class=\"wp-block-heading\">Kleine Schiffe, gro\u00dfe Geschichten<\/h2>\n\n<p>Im Modellbau des Museums Batavialand werden ikonische Schiffe zum Leben erweckt, allerdings in Miniatur. Hier arbeiten Handwerker mit einem Auge f\u00fcrs Detail an ma\u00dfstabsgetreuen Modellen, die ein wichtiges St\u00fcck Schifffahrtsgeschichte erz\u00e4hlen. Jedes Modell ist ein Kunstwerk f\u00fcr sich, das mit der gleichen Leidenschaft und Pr\u00e4zision hergestellt wird wie die Originalschiffe.  <\/p>\n\n<p><\/p>\n","protected":false},"excerpt":{"rendered":"<p>Kleine Schiffe, gro\u00dfe Geschichten Im Modellbau des Museums Batavialand werden ikonische Schiffe zum Leben erweckt, allerdings in Miniatur. Hier arbeiten Handwerker mit einem Auge f\u00fcrs Detail an ma\u00dfstabsgetreuen Modellen, die ein wichtiges St\u00fcck Schifffahrtsgeschichte erz\u00e4hlen. Jedes Modell ist ein Kunstwerk f\u00fcr sich, das mit der gleichen Leidenschaft und Pr\u00e4zision hergestellt wird wie die Originalschiffe.<\/p>\n","protected":false},"author":1,"featured_media":3538,"parent":4298,"menu_order":0,"comment_status":"closed","ping_status":"closed","template":"","meta":{"_acf_changed":false,"footnotes":""},"class_list":["post-4361","page","type-page","status-publish","has-post-thumbnail","hentry"],"acf":[],"yoast_head":"<!-- This site is optimized with the Yoast SEO plugin v27.4 - https:\/\/yoast.com\/product\/yoast-seo-wordpress\/ -->\n<title>Modellbau - Museum Batavialand<\/title>\n<meta name=\"description\" content=\"Entdecken Sie die Modellbauabteilung des Museums Batavialand und sehen Sie, wie ikonische Schiffe wie die &#039;Seven Provinces&#039; in Miniatur zum Leben erweckt werden. Bestaunen Sie die Handwerkskunst!\" \/>\n<meta name=\"robots\" content=\"index, follow, max-snippet:-1, max-image-preview:large, max-video-preview:-1\" \/>\n<link rel=\"canonical\" href=\"https:\/\/www.batavialand.nl\/de\/kennis-en-collecties\/ambachten\/modelbouw\/\" \/>\n<meta property=\"og:locale\" content=\"de_DE\" \/>\n<meta property=\"og:type\" content=\"article\" \/>\n<meta property=\"og:title\" content=\"Modellbau - Museum Batavialand\" \/>\n<meta property=\"og:description\" content=\"Entdecken Sie die Modellbauabteilung des Museums Batavialand und sehen Sie, wie ikonische Schiffe wie die &#039;Seven Provinces&#039; in Miniatur zum Leben erweckt werden. Bestaunen Sie die Handwerkskunst!\" \/>\n<meta property=\"og:url\" content=\"https:\/\/www.batavialand.nl\/de\/kennis-en-collecties\/ambachten\/modelbouw\/\" \/>\n<meta property=\"og:site_name\" content=\"Museum Batavialand\" \/>\n<meta property=\"article:modified_time\" content=\"2025-02-19T13:54:55+00:00\" \/>\n<meta property=\"og:image\" content=\"https:\/\/www.batavialand.nl\/wp-content\/uploads\/ambacht-modelbouw-museum-batavialand.webp\" \/>\n\t<meta property=\"og:image:width\" content=\"1024\" \/>\n\t<meta property=\"og:image:height\" content=\"678\" \/>\n\t<meta property=\"og:image:type\" content=\"image\/webp\" \/>\n<meta name=\"twitter:card\" content=\"summary_large_image\" \/>\n<script type=\"application\/ld+json\" class=\"yoast-schema-graph\">{\"@context\":\"https:\\\/\\\/schema.org\",\"@graph\":[{\"@type\":\"WebPage\",\"@id\":\"https:\\\/\\\/www.batavialand.nl\\\/de\\\/kennis-en-collecties\\\/ambachten\\\/modelbouw\\\/\",\"url\":\"https:\\\/\\\/www.batavialand.nl\\\/de\\\/kennis-en-collecties\\\/ambachten\\\/modelbouw\\\/\",\"name\":\"Modellbau - Museum Batavialand\",\"isPartOf\":{\"@id\":\"https:\\\/\\\/www.batavialand.nl\\\/de\\\/#website\"},\"primaryImageOfPage\":{\"@id\":\"https:\\\/\\\/www.batavialand.nl\\\/de\\\/kennis-en-collecties\\\/ambachten\\\/modelbouw\\\/#primaryimage\"},\"image\":{\"@id\":\"https:\\\/\\\/www.batavialand.nl\\\/de\\\/kennis-en-collecties\\\/ambachten\\\/modelbouw\\\/#primaryimage\"},\"thumbnailUrl\":\"https:\\\/\\\/www.batavialand.nl\\\/wp-content\\\/uploads\\\/ambacht-modelbouw-museum-batavialand.webp\",\"datePublished\":\"2025-01-16T12:48:49+00:00\",\"dateModified\":\"2025-02-19T13:54:55+00:00\",\"description\":\"Entdecken Sie die Modellbauabteilung des Museums Batavialand und sehen Sie, wie ikonische Schiffe wie die 'Seven Provinces' in Miniatur zum Leben erweckt werden. Bestaunen Sie die Handwerkskunst!\",\"breadcrumb\":{\"@id\":\"https:\\\/\\\/www.batavialand.nl\\\/de\\\/kennis-en-collecties\\\/ambachten\\\/modelbouw\\\/#breadcrumb\"},\"inLanguage\":\"de\",\"potentialAction\":[{\"@type\":\"ReadAction\",\"target\":[\"https:\\\/\\\/www.batavialand.nl\\\/de\\\/kennis-en-collecties\\\/ambachten\\\/modelbouw\\\/\"]}]},{\"@type\":\"ImageObject\",\"inLanguage\":\"de\",\"@id\":\"https:\\\/\\\/www.batavialand.nl\\\/de\\\/kennis-en-collecties\\\/ambachten\\\/modelbouw\\\/#primaryimage\",\"url\":\"https:\\\/\\\/www.batavialand.nl\\\/wp-content\\\/uploads\\\/ambacht-modelbouw-museum-batavialand.webp\",\"contentUrl\":\"https:\\\/\\\/www.batavialand.nl\\\/wp-content\\\/uploads\\\/ambacht-modelbouw-museum-batavialand.webp\",\"width\":1024,\"height\":678},{\"@type\":\"BreadcrumbList\",\"@id\":\"https:\\\/\\\/www.batavialand.nl\\\/de\\\/kennis-en-collecties\\\/ambachten\\\/modelbouw\\\/#breadcrumb\",\"itemListElement\":[{\"@type\":\"ListItem\",\"position\":1,\"name\":\"Wissen und Sammlungen\",\"item\":\"https:\\\/\\\/www.batavialand.nl\\\/de\\\/kennis-en-collecties\\\/\"},{\"@type\":\"ListItem\",\"position\":2,\"name\":\"Kunsthandwerk\",\"item\":\"https:\\\/\\\/www.batavialand.nl\\\/de\\\/kennis-en-collecties\\\/ambachten\\\/\"},{\"@type\":\"ListItem\",\"position\":3,\"name\":\"Modellbau\"}]},{\"@type\":\"WebSite\",\"@id\":\"https:\\\/\\\/www.batavialand.nl\\\/de\\\/#website\",\"url\":\"https:\\\/\\\/www.batavialand.nl\\\/de\\\/\",\"name\":\"Museum Batavialand\",\"description\":\"Batavialand, het museum van Flevoland in Lelystad.\",\"publisher\":{\"@id\":\"https:\\\/\\\/www.batavialand.nl\\\/de\\\/#organization\"},\"potentialAction\":[{\"@type\":\"SearchAction\",\"target\":{\"@type\":\"EntryPoint\",\"urlTemplate\":\"https:\\\/\\\/www.batavialand.nl\\\/de\\\/?s={search_term_string}\"},\"query-input\":{\"@type\":\"PropertyValueSpecification\",\"valueRequired\":true,\"valueName\":\"search_term_string\"}}],\"inLanguage\":\"de\"},{\"@type\":\"Organization\",\"@id\":\"https:\\\/\\\/www.batavialand.nl\\\/de\\\/#organization\",\"name\":\"Museum Batavialand\",\"url\":\"https:\\\/\\\/www.batavialand.nl\\\/de\\\/\",\"logo\":{\"@type\":\"ImageObject\",\"inLanguage\":\"de\",\"@id\":\"https:\\\/\\\/www.batavialand.nl\\\/de\\\/#\\\/schema\\\/logo\\\/image\\\/\",\"url\":\"https:\\\/\\\/www.batavialand.nl\\\/wp-content\\\/uploads\\\/batavialand-logo.svg\",\"contentUrl\":\"https:\\\/\\\/www.batavialand.nl\\\/wp-content\\\/uploads\\\/batavialand-logo.svg\",\"width\":1030,\"height\":322,\"caption\":\"Museum Batavialand\"},\"image\":{\"@id\":\"https:\\\/\\\/www.batavialand.nl\\\/de\\\/#\\\/schema\\\/logo\\\/image\\\/\"}}]}<\/script>\n<!-- \/ Yoast SEO plugin. -->","yoast_head_json":{"title":"Modellbau - Museum Batavialand","description":"Entdecken Sie die Modellbauabteilung des Museums Batavialand und sehen Sie, wie ikonische Schiffe wie die 'Seven Provinces' in Miniatur zum Leben erweckt werden. Bestaunen Sie die Handwerkskunst!","robots":{"index":"index","follow":"follow","max-snippet":"max-snippet:-1","max-image-preview":"max-image-preview:large","max-video-preview":"max-video-preview:-1"},"canonical":"https:\/\/www.batavialand.nl\/de\/kennis-en-collecties\/ambachten\/modelbouw\/","og_locale":"de_DE","og_type":"article","og_title":"Modellbau - Museum Batavialand","og_description":"Entdecken Sie die Modellbauabteilung des Museums Batavialand und sehen Sie, wie ikonische Schiffe wie die 'Seven Provinces' in Miniatur zum Leben erweckt werden. Bestaunen Sie die Handwerkskunst!","og_url":"https:\/\/www.batavialand.nl\/de\/kennis-en-collecties\/ambachten\/modelbouw\/","og_site_name":"Museum Batavialand","article_modified_time":"2025-02-19T13:54:55+00:00","og_image":[{"width":1024,"height":678,"url":"https:\/\/www.batavialand.nl\/wp-content\/uploads\/ambacht-modelbouw-museum-batavialand.webp","type":"image\/webp"}],"twitter_card":"summary_large_image","schema":{"@context":"https:\/\/schema.org","@graph":[{"@type":"WebPage","@id":"https:\/\/www.batavialand.nl\/de\/kennis-en-collecties\/ambachten\/modelbouw\/","url":"https:\/\/www.batavialand.nl\/de\/kennis-en-collecties\/ambachten\/modelbouw\/","name":"Modellbau - Museum Batavialand","isPartOf":{"@id":"https:\/\/www.batavialand.nl\/de\/#website"},"primaryImageOfPage":{"@id":"https:\/\/www.batavialand.nl\/de\/kennis-en-collecties\/ambachten\/modelbouw\/#primaryimage"},"image":{"@id":"https:\/\/www.batavialand.nl\/de\/kennis-en-collecties\/ambachten\/modelbouw\/#primaryimage"},"thumbnailUrl":"https:\/\/www.batavialand.nl\/wp-content\/uploads\/ambacht-modelbouw-museum-batavialand.webp","datePublished":"2025-01-16T12:48:49+00:00","dateModified":"2025-02-19T13:54:55+00:00","description":"Entdecken Sie die Modellbauabteilung des Museums Batavialand und sehen Sie, wie ikonische Schiffe wie die 'Seven Provinces' in Miniatur zum Leben erweckt werden. Bestaunen Sie die Handwerkskunst!","breadcrumb":{"@id":"https:\/\/www.batavialand.nl\/de\/kennis-en-collecties\/ambachten\/modelbouw\/#breadcrumb"},"inLanguage":"de","potentialAction":[{"@type":"ReadAction","target":["https:\/\/www.batavialand.nl\/de\/kennis-en-collecties\/ambachten\/modelbouw\/"]}]},{"@type":"ImageObject","inLanguage":"de","@id":"https:\/\/www.batavialand.nl\/de\/kennis-en-collecties\/ambachten\/modelbouw\/#primaryimage","url":"https:\/\/www.batavialand.nl\/wp-content\/uploads\/ambacht-modelbouw-museum-batavialand.webp","contentUrl":"https:\/\/www.batavialand.nl\/wp-content\/uploads\/ambacht-modelbouw-museum-batavialand.webp","width":1024,"height":678},{"@type":"BreadcrumbList","@id":"https:\/\/www.batavialand.nl\/de\/kennis-en-collecties\/ambachten\/modelbouw\/#breadcrumb","itemListElement":[{"@type":"ListItem","position":1,"name":"Wissen und Sammlungen","item":"https:\/\/www.batavialand.nl\/de\/kennis-en-collecties\/"},{"@type":"ListItem","position":2,"name":"Kunsthandwerk","item":"https:\/\/www.batavialand.nl\/de\/kennis-en-collecties\/ambachten\/"},{"@type":"ListItem","position":3,"name":"Modellbau"}]},{"@type":"WebSite","@id":"https:\/\/www.batavialand.nl\/de\/#website","url":"https:\/\/www.batavialand.nl\/de\/","name":"Museum Batavialand","description":"Batavialand, het museum van Flevoland in Lelystad.","publisher":{"@id":"https:\/\/www.batavialand.nl\/de\/#organization"},"potentialAction":[{"@type":"SearchAction","target":{"@type":"EntryPoint","urlTemplate":"https:\/\/www.batavialand.nl\/de\/?s={search_term_string}"},"query-input":{"@type":"PropertyValueSpecification","valueRequired":true,"valueName":"search_term_string"}}],"inLanguage":"de"},{"@type":"Organization","@id":"https:\/\/www.batavialand.nl\/de\/#organization","name":"Museum Batavialand","url":"https:\/\/www.batavialand.nl\/de\/","logo":{"@type":"ImageObject","inLanguage":"de","@id":"https:\/\/www.batavialand.nl\/de\/#\/schema\/logo\/image\/","url":"https:\/\/www.batavialand.nl\/wp-content\/uploads\/batavialand-logo.svg","contentUrl":"https:\/\/www.batavialand.nl\/wp-content\/uploads\/batavialand-logo.svg","width":1030,"height":322,"caption":"Museum Batavialand"},"image":{"@id":"https:\/\/www.batavialand.nl\/de\/#\/schema\/logo\/image\/"}}]}},"_links":{"self":[{"href":"https:\/\/www.batavialand.nl\/de\/wp-json\/wp\/v2\/pages\/4361","targetHints":{"allow":["GET"]}}],"collection":[{"href":"https:\/\/www.batavialand.nl\/de\/wp-json\/wp\/v2\/pages"}],"about":[{"href":"https:\/\/www.batavialand.nl\/de\/wp-json\/wp\/v2\/types\/page"}],"author":[{"embeddable":true,"href":"https:\/\/www.batavialand.nl\/de\/wp-json\/wp\/v2\/users\/1"}],"replies":[{"embeddable":true,"href":"https:\/\/www.batavialand.nl\/de\/wp-json\/wp\/v2\/comments?post=4361"}],"version-history":[{"count":1,"href":"https:\/\/www.batavialand.nl\/de\/wp-json\/wp\/v2\/pages\/4361\/revisions"}],"predecessor-version":[{"id":4362,"href":"https:\/\/www.batavialand.nl\/de\/wp-json\/wp\/v2\/pages\/4361\/revisions\/4362"}],"up":[{"embeddable":true,"href":"https:\/\/www.batavialand.nl\/de\/wp-json\/wp\/v2\/pages\/4298"}],"wp:featuredmedia":[{"embeddable":true,"href":"https:\/\/www.batavialand.nl\/de\/wp-json\/wp\/v2\/media\/3538"}],"wp:attachment":[{"href":"https:\/\/www.batavialand.nl\/de\/wp-json\/wp\/v2\/media?parent=4361"}],"curies":[{"name":"wp","href":"https:\/\/api.w.org\/{rel}","templated":true}]}}