{"id":4363,"date":"2025-01-11T15:00:20","date_gmt":"2025-01-11T15:00:20","guid":{"rendered":"https:\/\/www.batavialand.nl\/das-museum-batavialand-ist-ein-einzigartiger-ort\/unterstuetzen-sie-batavialand-und-machen-sie-geschichte-moeglich\/vermaechtnisse-an-das-museum-batavialand\/"},"modified":"2025-02-19T13:54:33","modified_gmt":"2025-02-19T13:54:33","slug":"nalaten","status":"publish","type":"page","link":"https:\/\/www.batavialand.nl\/de\/over-batavialand\/steun-ons\/nalaten\/","title":{"rendered":"Verm\u00e4chtnisse an das Museum Batavialand"},"content":{"rendered":"\n<p>Mit Ihrer Unterst\u00fctzung k\u00f6nnen wir unsere einzigartigen Sammlungen weiterhin pflegen, restaurieren und mit der \u00d6ffentlichkeit teilen. Unsere Sammlung umfasst komplette Schiffswracks, arch\u00e4ologische Funde, historische Archive, Schiffsmodelle und mehr &#8211; von der Vorgeschichte bis zur Gegenwart. Spenden und Verm\u00e4chtnisse erm\u00f6glichen es uns, weiterhin in Bildung, wissenschaftliche Forschung und den Erhalt dieser besonderen Sch\u00e4tze zu investieren.  <\/p>\n","protected":false},"excerpt":{"rendered":"<p>Mit Ihrer Unterst\u00fctzung k\u00f6nnen wir unsere einzigartigen Sammlungen weiterhin pflegen, restaurieren und mit der \u00d6ffentlichkeit teilen. Unsere Sammlung umfasst komplette Schiffswracks, arch\u00e4ologische Funde, historische Archive, Schiffsmodelle und mehr &#8211; von der Vorgeschichte bis zur Gegenwart. Spenden und Verm\u00e4chtnisse erm\u00f6glichen es uns, weiterhin in Bildung, wissenschaftliche Forschung und den Erhalt dieser besonderen Sch\u00e4tze zu investieren.<\/p>\n","protected":false},"author":1,"featured_media":3891,"parent":4271,"menu_order":0,"comment_status":"closed","ping_status":"closed","template":"","meta":{"_acf_changed":false,"footnotes":""},"class_list":["post-4363","page","type-page","status-publish","has-post-thumbnail","hentry"],"acf":[],"yoast_head":"<!-- This site is optimized with the Yoast SEO plugin v27.4 - https:\/\/yoast.com\/product\/yoast-seo-wordpress\/ -->\n<title>Verm\u00e4chtnisse an das Museum Batavialand - Museum Batavialand<\/title>\n<meta name=\"description\" content=\"Spenden oder vererben Sie an das Museum Batavialand und helfen Sie, unser einzigartiges Erbe zu bewahren. Entdecken Sie die M\u00f6glichkeiten des Schenkens und Vererbens mit Steuervorteilen.\" \/>\n<meta name=\"robots\" content=\"index, follow, max-snippet:-1, max-image-preview:large, max-video-preview:-1\" \/>\n<link rel=\"canonical\" href=\"https:\/\/www.batavialand.nl\/de\/over-batavialand\/steun-ons\/nalaten\/\" \/>\n<meta property=\"og:locale\" content=\"de_DE\" \/>\n<meta property=\"og:type\" content=\"article\" \/>\n<meta property=\"og:title\" content=\"Verm\u00e4chtnisse an das Museum Batavialand - Museum Batavialand\" \/>\n<meta property=\"og:description\" content=\"Spenden oder vererben Sie an das Museum Batavialand und helfen Sie, unser einzigartiges Erbe zu bewahren. Entdecken Sie die M\u00f6glichkeiten des Schenkens und Vererbens mit Steuervorteilen.\" \/>\n<meta property=\"og:url\" content=\"https:\/\/www.batavialand.nl\/de\/over-batavialand\/steun-ons\/nalaten\/\" \/>\n<meta property=\"og:site_name\" content=\"Museum Batavialand\" \/>\n<meta property=\"article:modified_time\" content=\"2025-02-19T13:54:33+00:00\" \/>\n<meta property=\"og:image\" content=\"https:\/\/www.batavialand.nl\/wp-content\/uploads\/nalaten-schatkaart-museum-batavialand.webp\" \/>\n\t<meta property=\"og:image:width\" content=\"1024\" \/>\n\t<meta property=\"og:image:height\" content=\"678\" \/>\n\t<meta property=\"og:image:type\" content=\"image\/webp\" \/>\n<meta name=\"twitter:card\" content=\"summary_large_image\" \/>\n<script type=\"application\/ld+json\" class=\"yoast-schema-graph\">{\"@context\":\"https:\\\/\\\/schema.org\",\"@graph\":[{\"@type\":\"WebPage\",\"@id\":\"https:\\\/\\\/www.batavialand.nl\\\/de\\\/over-batavialand\\\/steun-ons\\\/nalaten\\\/\",\"url\":\"https:\\\/\\\/www.batavialand.nl\\\/de\\\/over-batavialand\\\/steun-ons\\\/nalaten\\\/\",\"name\":\"Verm\u00e4chtnisse an das Museum Batavialand - Museum Batavialand\",\"isPartOf\":{\"@id\":\"https:\\\/\\\/www.batavialand.nl\\\/de\\\/#website\"},\"primaryImageOfPage\":{\"@id\":\"https:\\\/\\\/www.batavialand.nl\\\/de\\\/over-batavialand\\\/steun-ons\\\/nalaten\\\/#primaryimage\"},\"image\":{\"@id\":\"https:\\\/\\\/www.batavialand.nl\\\/de\\\/over-batavialand\\\/steun-ons\\\/nalaten\\\/#primaryimage\"},\"thumbnailUrl\":\"https:\\\/\\\/www.batavialand.nl\\\/wp-content\\\/uploads\\\/nalaten-schatkaart-museum-batavialand.webp\",\"datePublished\":\"2025-01-11T15:00:20+00:00\",\"dateModified\":\"2025-02-19T13:54:33+00:00\",\"description\":\"Spenden oder vererben Sie an das Museum Batavialand und helfen Sie, unser einzigartiges Erbe zu bewahren. Entdecken Sie die M\u00f6glichkeiten des Schenkens und Vererbens mit Steuervorteilen.\",\"breadcrumb\":{\"@id\":\"https:\\\/\\\/www.batavialand.nl\\\/de\\\/over-batavialand\\\/steun-ons\\\/nalaten\\\/#breadcrumb\"},\"inLanguage\":\"de\",\"potentialAction\":[{\"@type\":\"ReadAction\",\"target\":[\"https:\\\/\\\/www.batavialand.nl\\\/de\\\/over-batavialand\\\/steun-ons\\\/nalaten\\\/\"]}]},{\"@type\":\"ImageObject\",\"inLanguage\":\"de\",\"@id\":\"https:\\\/\\\/www.batavialand.nl\\\/de\\\/over-batavialand\\\/steun-ons\\\/nalaten\\\/#primaryimage\",\"url\":\"https:\\\/\\\/www.batavialand.nl\\\/wp-content\\\/uploads\\\/nalaten-schatkaart-museum-batavialand.webp\",\"contentUrl\":\"https:\\\/\\\/www.batavialand.nl\\\/wp-content\\\/uploads\\\/nalaten-schatkaart-museum-batavialand.webp\",\"width\":1024,\"height\":678},{\"@type\":\"BreadcrumbList\",\"@id\":\"https:\\\/\\\/www.batavialand.nl\\\/de\\\/over-batavialand\\\/steun-ons\\\/nalaten\\\/#breadcrumb\",\"itemListElement\":[{\"@type\":\"ListItem\",\"position\":1,\"name\":\"\u00dcber Batavialand\",\"item\":\"https:\\\/\\\/www.batavialand.nl\\\/de\\\/over-batavialand\\\/\"},{\"@type\":\"ListItem\",\"position\":2,\"name\":\"Unterst\u00fctzen Sie uns\",\"item\":\"https:\\\/\\\/www.batavialand.nl\\\/de\\\/over-batavialand\\\/steun-ons\\\/\"},{\"@type\":\"ListItem\",\"position\":3,\"name\":\"Vererben\"}]},{\"@type\":\"WebSite\",\"@id\":\"https:\\\/\\\/www.batavialand.nl\\\/de\\\/#website\",\"url\":\"https:\\\/\\\/www.batavialand.nl\\\/de\\\/\",\"name\":\"Museum Batavialand\",\"description\":\"Batavialand, het museum van Flevoland in Lelystad.\",\"publisher\":{\"@id\":\"https:\\\/\\\/www.batavialand.nl\\\/de\\\/#organization\"},\"potentialAction\":[{\"@type\":\"SearchAction\",\"target\":{\"@type\":\"EntryPoint\",\"urlTemplate\":\"https:\\\/\\\/www.batavialand.nl\\\/de\\\/?s={search_term_string}\"},\"query-input\":{\"@type\":\"PropertyValueSpecification\",\"valueRequired\":true,\"valueName\":\"search_term_string\"}}],\"inLanguage\":\"de\"},{\"@type\":\"Organization\",\"@id\":\"https:\\\/\\\/www.batavialand.nl\\\/de\\\/#organization\",\"name\":\"Museum Batavialand\",\"url\":\"https:\\\/\\\/www.batavialand.nl\\\/de\\\/\",\"logo\":{\"@type\":\"ImageObject\",\"inLanguage\":\"de\",\"@id\":\"https:\\\/\\\/www.batavialand.nl\\\/de\\\/#\\\/schema\\\/logo\\\/image\\\/\",\"url\":\"https:\\\/\\\/www.batavialand.nl\\\/wp-content\\\/uploads\\\/batavialand-logo.svg\",\"contentUrl\":\"https:\\\/\\\/www.batavialand.nl\\\/wp-content\\\/uploads\\\/batavialand-logo.svg\",\"width\":1030,\"height\":322,\"caption\":\"Museum Batavialand\"},\"image\":{\"@id\":\"https:\\\/\\\/www.batavialand.nl\\\/de\\\/#\\\/schema\\\/logo\\\/image\\\/\"}}]}<\/script>\n<!-- \/ Yoast SEO plugin. -->","yoast_head_json":{"title":"Verm\u00e4chtnisse an das Museum Batavialand - Museum Batavialand","description":"Spenden oder vererben Sie an das Museum Batavialand und helfen Sie, unser einzigartiges Erbe zu bewahren. Entdecken Sie die M\u00f6glichkeiten des Schenkens und Vererbens mit Steuervorteilen.","robots":{"index":"index","follow":"follow","max-snippet":"max-snippet:-1","max-image-preview":"max-image-preview:large","max-video-preview":"max-video-preview:-1"},"canonical":"https:\/\/www.batavialand.nl\/de\/over-batavialand\/steun-ons\/nalaten\/","og_locale":"de_DE","og_type":"article","og_title":"Verm\u00e4chtnisse an das Museum Batavialand - Museum Batavialand","og_description":"Spenden oder vererben Sie an das Museum Batavialand und helfen Sie, unser einzigartiges Erbe zu bewahren. Entdecken Sie die M\u00f6glichkeiten des Schenkens und Vererbens mit Steuervorteilen.","og_url":"https:\/\/www.batavialand.nl\/de\/over-batavialand\/steun-ons\/nalaten\/","og_site_name":"Museum Batavialand","article_modified_time":"2025-02-19T13:54:33+00:00","og_image":[{"width":1024,"height":678,"url":"https:\/\/www.batavialand.nl\/wp-content\/uploads\/nalaten-schatkaart-museum-batavialand.webp","type":"image\/webp"}],"twitter_card":"summary_large_image","schema":{"@context":"https:\/\/schema.org","@graph":[{"@type":"WebPage","@id":"https:\/\/www.batavialand.nl\/de\/over-batavialand\/steun-ons\/nalaten\/","url":"https:\/\/www.batavialand.nl\/de\/over-batavialand\/steun-ons\/nalaten\/","name":"Verm\u00e4chtnisse an das Museum Batavialand - Museum Batavialand","isPartOf":{"@id":"https:\/\/www.batavialand.nl\/de\/#website"},"primaryImageOfPage":{"@id":"https:\/\/www.batavialand.nl\/de\/over-batavialand\/steun-ons\/nalaten\/#primaryimage"},"image":{"@id":"https:\/\/www.batavialand.nl\/de\/over-batavialand\/steun-ons\/nalaten\/#primaryimage"},"thumbnailUrl":"https:\/\/www.batavialand.nl\/wp-content\/uploads\/nalaten-schatkaart-museum-batavialand.webp","datePublished":"2025-01-11T15:00:20+00:00","dateModified":"2025-02-19T13:54:33+00:00","description":"Spenden oder vererben Sie an das Museum Batavialand und helfen Sie, unser einzigartiges Erbe zu bewahren. Entdecken Sie die M\u00f6glichkeiten des Schenkens und Vererbens mit Steuervorteilen.","breadcrumb":{"@id":"https:\/\/www.batavialand.nl\/de\/over-batavialand\/steun-ons\/nalaten\/#breadcrumb"},"inLanguage":"de","potentialAction":[{"@type":"ReadAction","target":["https:\/\/www.batavialand.nl\/de\/over-batavialand\/steun-ons\/nalaten\/"]}]},{"@type":"ImageObject","inLanguage":"de","@id":"https:\/\/www.batavialand.nl\/de\/over-batavialand\/steun-ons\/nalaten\/#primaryimage","url":"https:\/\/www.batavialand.nl\/wp-content\/uploads\/nalaten-schatkaart-museum-batavialand.webp","contentUrl":"https:\/\/www.batavialand.nl\/wp-content\/uploads\/nalaten-schatkaart-museum-batavialand.webp","width":1024,"height":678},{"@type":"BreadcrumbList","@id":"https:\/\/www.batavialand.nl\/de\/over-batavialand\/steun-ons\/nalaten\/#breadcrumb","itemListElement":[{"@type":"ListItem","position":1,"name":"\u00dcber Batavialand","item":"https:\/\/www.batavialand.nl\/de\/over-batavialand\/"},{"@type":"ListItem","position":2,"name":"Unterst\u00fctzen Sie uns","item":"https:\/\/www.batavialand.nl\/de\/over-batavialand\/steun-ons\/"},{"@type":"ListItem","position":3,"name":"Vererben"}]},{"@type":"WebSite","@id":"https:\/\/www.batavialand.nl\/de\/#website","url":"https:\/\/www.batavialand.nl\/de\/","name":"Museum Batavialand","description":"Batavialand, het museum van Flevoland in Lelystad.","publisher":{"@id":"https:\/\/www.batavialand.nl\/de\/#organization"},"potentialAction":[{"@type":"SearchAction","target":{"@type":"EntryPoint","urlTemplate":"https:\/\/www.batavialand.nl\/de\/?s={search_term_string}"},"query-input":{"@type":"PropertyValueSpecification","valueRequired":true,"valueName":"search_term_string"}}],"inLanguage":"de"},{"@type":"Organization","@id":"https:\/\/www.batavialand.nl\/de\/#organization","name":"Museum Batavialand","url":"https:\/\/www.batavialand.nl\/de\/","logo":{"@type":"ImageObject","inLanguage":"de","@id":"https:\/\/www.batavialand.nl\/de\/#\/schema\/logo\/image\/","url":"https:\/\/www.batavialand.nl\/wp-content\/uploads\/batavialand-logo.svg","contentUrl":"https:\/\/www.batavialand.nl\/wp-content\/uploads\/batavialand-logo.svg","width":1030,"height":322,"caption":"Museum Batavialand"},"image":{"@id":"https:\/\/www.batavialand.nl\/de\/#\/schema\/logo\/image\/"}}]}},"_links":{"self":[{"href":"https:\/\/www.batavialand.nl\/de\/wp-json\/wp\/v2\/pages\/4363","targetHints":{"allow":["GET"]}}],"collection":[{"href":"https:\/\/www.batavialand.nl\/de\/wp-json\/wp\/v2\/pages"}],"about":[{"href":"https:\/\/www.batavialand.nl\/de\/wp-json\/wp\/v2\/types\/page"}],"author":[{"embeddable":true,"href":"https:\/\/www.batavialand.nl\/de\/wp-json\/wp\/v2\/users\/1"}],"replies":[{"embeddable":true,"href":"https:\/\/www.batavialand.nl\/de\/wp-json\/wp\/v2\/comments?post=4363"}],"version-history":[{"count":1,"href":"https:\/\/www.batavialand.nl\/de\/wp-json\/wp\/v2\/pages\/4363\/revisions"}],"predecessor-version":[{"id":4364,"href":"https:\/\/www.batavialand.nl\/de\/wp-json\/wp\/v2\/pages\/4363\/revisions\/4364"}],"up":[{"embeddable":true,"href":"https:\/\/www.batavialand.nl\/de\/wp-json\/wp\/v2\/pages\/4271"}],"wp:featuredmedia":[{"embeddable":true,"href":"https:\/\/www.batavialand.nl\/de\/wp-json\/wp\/v2\/media\/3891"}],"wp:attachment":[{"href":"https:\/\/www.batavialand.nl\/de\/wp-json\/wp\/v2\/media?parent=4363"}],"curies":[{"name":"wp","href":"https:\/\/api.w.org\/{rel}","templated":true}]}}