{"id":4372,"date":"2025-01-11T14:56:31","date_gmt":"2025-01-11T14:56:31","guid":{"rendered":"https:\/\/www.batavialand.nl\/das-museum-batavialand-ist-ein-einzigartiger-ort\/unterstuetzen-sie-batavialand-und-machen-sie-geschichte-moeglich\/unterstuetzen-sie-mit-steuererleichterungen-und-machen-sie-die-geschichte-moeglich\/"},"modified":"2025-11-25T09:47:22","modified_gmt":"2025-11-25T09:47:22","slug":"periodiek-schenken","status":"publish","type":"page","link":"https:\/\/www.batavialand.nl\/de\/over-batavialand\/steun-ons\/periodiek-schenken\/","title":{"rendered":"Unterst\u00fctzen Sie mit Steuererleichterungen und machen Sie die Geschichte m\u00f6glich"},"content":{"rendered":"\n<p>Mit einer regelm\u00e4\u00dfigen Spende tragen Sie zur Bewahrung unseres maritimen Erbes und zur Entwicklung eines erneuerten Museums Batavialand bei. Dank unseres kulturellen ANBI-Status genie\u00dfen Spender zus\u00e4tzliche Steuervorteile: Ihre Spende ist zu 125% von der Einkommenssteuer absetzbar, und sogar zu 150%, wenn Sie ein Unternehmen sind. Das bedeutet, dass Sie einen gro\u00dfen Teil Ihrer Spende zur\u00fcckbekommen, w\u00e4hrend Sie uns helfen, die Geschichte lebendig zu halten.  <\/p>\n\n<h3 class=\"wp-block-heading\">Gemeinsam sorgen wir daf\u00fcr, dass die Vergangenheit uns weiterhin inspiriert!<\/h3>\n","protected":false},"excerpt":{"rendered":"<p>Mit einer regelm\u00e4\u00dfigen Spende tragen Sie zur Bewahrung unseres maritimen Erbes und zur Entwicklung eines erneuerten Museums Batavialand bei. Dank unseres kulturellen ANBI-Status genie\u00dfen Spender zus\u00e4tzliche Steuervorteile: Ihre Spende ist zu 125% von der Einkommenssteuer absetzbar, und sogar zu 150%, wenn Sie ein Unternehmen sind. Das bedeutet, dass Sie einen gro\u00dfen Teil Ihrer Spende zur\u00fcckbekommen, [&hellip;]<\/p>\n","protected":false},"author":1,"featured_media":3530,"parent":4271,"menu_order":0,"comment_status":"closed","ping_status":"closed","template":"","meta":{"_acf_changed":false,"footnotes":""},"class_list":["post-4372","page","type-page","status-publish","has-post-thumbnail","hentry"],"acf":[],"yoast_head":"<!-- This site is optimized with the Yoast SEO plugin v27.4 - https:\/\/yoast.com\/product\/yoast-seo-wordpress\/ -->\n<title>Unterst\u00fctzen Sie mit Steuererleichterungen und machen Sie die Geschichte m\u00f6glich - Museum Batavialand<\/title>\n<meta name=\"description\" content=\"Regelm\u00e4\u00dfige Spende an das Museum Batavialand: Unterst\u00fctzen Sie mit Steuervorteilen und tragen Sie zu unserem einzigartigen Erbe bei. Laden Sie das Formular herunter und machen Sie Geschichte m\u00f6glich!\" \/>\n<meta name=\"robots\" content=\"index, follow, max-snippet:-1, max-image-preview:large, max-video-preview:-1\" \/>\n<link rel=\"canonical\" href=\"https:\/\/www.batavialand.nl\/de\/over-batavialand\/steun-ons\/periodiek-schenken\/\" \/>\n<meta property=\"og:locale\" content=\"de_DE\" \/>\n<meta property=\"og:type\" content=\"article\" \/>\n<meta property=\"og:title\" content=\"Unterst\u00fctzen Sie mit Steuererleichterungen und machen Sie die Geschichte m\u00f6glich - Museum Batavialand\" \/>\n<meta property=\"og:description\" content=\"Regelm\u00e4\u00dfige Spende an das Museum Batavialand: Unterst\u00fctzen Sie mit Steuervorteilen und tragen Sie zu unserem einzigartigen Erbe bei. Laden Sie das Formular herunter und machen Sie Geschichte m\u00f6glich!\" \/>\n<meta property=\"og:url\" content=\"https:\/\/www.batavialand.nl\/de\/over-batavialand\/steun-ons\/periodiek-schenken\/\" \/>\n<meta property=\"og:site_name\" content=\"Museum Batavialand\" \/>\n<meta property=\"article:modified_time\" content=\"2025-11-25T09:47:22+00:00\" \/>\n<meta property=\"og:image\" content=\"https:\/\/www.batavialand.nl\/wp-content\/uploads\/doneren-museum-batavialand.webp\" \/>\n\t<meta property=\"og:image:width\" content=\"1024\" \/>\n\t<meta property=\"og:image:height\" content=\"678\" \/>\n\t<meta property=\"og:image:type\" content=\"image\/webp\" \/>\n<meta name=\"twitter:card\" content=\"summary_large_image\" \/>\n<script type=\"application\/ld+json\" class=\"yoast-schema-graph\">{\"@context\":\"https:\\\/\\\/schema.org\",\"@graph\":[{\"@type\":\"WebPage\",\"@id\":\"https:\\\/\\\/www.batavialand.nl\\\/de\\\/over-batavialand\\\/steun-ons\\\/periodiek-schenken\\\/\",\"url\":\"https:\\\/\\\/www.batavialand.nl\\\/de\\\/over-batavialand\\\/steun-ons\\\/periodiek-schenken\\\/\",\"name\":\"Unterst\u00fctzen Sie mit Steuererleichterungen und machen Sie die Geschichte m\u00f6glich - Museum Batavialand\",\"isPartOf\":{\"@id\":\"https:\\\/\\\/www.batavialand.nl\\\/de\\\/#website\"},\"primaryImageOfPage\":{\"@id\":\"https:\\\/\\\/www.batavialand.nl\\\/de\\\/over-batavialand\\\/steun-ons\\\/periodiek-schenken\\\/#primaryimage\"},\"image\":{\"@id\":\"https:\\\/\\\/www.batavialand.nl\\\/de\\\/over-batavialand\\\/steun-ons\\\/periodiek-schenken\\\/#primaryimage\"},\"thumbnailUrl\":\"https:\\\/\\\/www.batavialand.nl\\\/wp-content\\\/uploads\\\/doneren-museum-batavialand.webp\",\"datePublished\":\"2025-01-11T14:56:31+00:00\",\"dateModified\":\"2025-11-25T09:47:22+00:00\",\"description\":\"Regelm\u00e4\u00dfige Spende an das Museum Batavialand: Unterst\u00fctzen Sie mit Steuervorteilen und tragen Sie zu unserem einzigartigen Erbe bei. Laden Sie das Formular herunter und machen Sie Geschichte m\u00f6glich!\",\"breadcrumb\":{\"@id\":\"https:\\\/\\\/www.batavialand.nl\\\/de\\\/over-batavialand\\\/steun-ons\\\/periodiek-schenken\\\/#breadcrumb\"},\"inLanguage\":\"de\",\"potentialAction\":[{\"@type\":\"ReadAction\",\"target\":[\"https:\\\/\\\/www.batavialand.nl\\\/de\\\/over-batavialand\\\/steun-ons\\\/periodiek-schenken\\\/\"]}]},{\"@type\":\"ImageObject\",\"inLanguage\":\"de\",\"@id\":\"https:\\\/\\\/www.batavialand.nl\\\/de\\\/over-batavialand\\\/steun-ons\\\/periodiek-schenken\\\/#primaryimage\",\"url\":\"https:\\\/\\\/www.batavialand.nl\\\/wp-content\\\/uploads\\\/doneren-museum-batavialand.webp\",\"contentUrl\":\"https:\\\/\\\/www.batavialand.nl\\\/wp-content\\\/uploads\\\/doneren-museum-batavialand.webp\",\"width\":1024,\"height\":678},{\"@type\":\"BreadcrumbList\",\"@id\":\"https:\\\/\\\/www.batavialand.nl\\\/de\\\/over-batavialand\\\/steun-ons\\\/periodiek-schenken\\\/#breadcrumb\",\"itemListElement\":[{\"@type\":\"ListItem\",\"position\":1,\"name\":\"\u00dcber Batavialand\",\"item\":\"https:\\\/\\\/www.batavialand.nl\\\/de\\\/over-batavialand\\\/\"},{\"@type\":\"ListItem\",\"position\":2,\"name\":\"Unterst\u00fctzen Sie uns\",\"item\":\"https:\\\/\\\/www.batavialand.nl\\\/de\\\/over-batavialand\\\/steun-ons\\\/\"},{\"@type\":\"ListItem\",\"position\":3,\"name\":\"Regelm\u00e4\u00dfige Spenden\"}]},{\"@type\":\"WebSite\",\"@id\":\"https:\\\/\\\/www.batavialand.nl\\\/de\\\/#website\",\"url\":\"https:\\\/\\\/www.batavialand.nl\\\/de\\\/\",\"name\":\"Museum Batavialand\",\"description\":\"Batavialand, het museum van Flevoland in Lelystad.\",\"publisher\":{\"@id\":\"https:\\\/\\\/www.batavialand.nl\\\/de\\\/#organization\"},\"potentialAction\":[{\"@type\":\"SearchAction\",\"target\":{\"@type\":\"EntryPoint\",\"urlTemplate\":\"https:\\\/\\\/www.batavialand.nl\\\/de\\\/?s={search_term_string}\"},\"query-input\":{\"@type\":\"PropertyValueSpecification\",\"valueRequired\":true,\"valueName\":\"search_term_string\"}}],\"inLanguage\":\"de\"},{\"@type\":\"Organization\",\"@id\":\"https:\\\/\\\/www.batavialand.nl\\\/de\\\/#organization\",\"name\":\"Museum Batavialand\",\"url\":\"https:\\\/\\\/www.batavialand.nl\\\/de\\\/\",\"logo\":{\"@type\":\"ImageObject\",\"inLanguage\":\"de\",\"@id\":\"https:\\\/\\\/www.batavialand.nl\\\/de\\\/#\\\/schema\\\/logo\\\/image\\\/\",\"url\":\"https:\\\/\\\/www.batavialand.nl\\\/wp-content\\\/uploads\\\/batavialand-logo.svg\",\"contentUrl\":\"https:\\\/\\\/www.batavialand.nl\\\/wp-content\\\/uploads\\\/batavialand-logo.svg\",\"width\":1030,\"height\":322,\"caption\":\"Museum Batavialand\"},\"image\":{\"@id\":\"https:\\\/\\\/www.batavialand.nl\\\/de\\\/#\\\/schema\\\/logo\\\/image\\\/\"}}]}<\/script>\n<!-- \/ Yoast SEO plugin. -->","yoast_head_json":{"title":"Unterst\u00fctzen Sie mit Steuererleichterungen und machen Sie die Geschichte m\u00f6glich - Museum Batavialand","description":"Regelm\u00e4\u00dfige Spende an das Museum Batavialand: Unterst\u00fctzen Sie mit Steuervorteilen und tragen Sie zu unserem einzigartigen Erbe bei. Laden Sie das Formular herunter und machen Sie Geschichte m\u00f6glich!","robots":{"index":"index","follow":"follow","max-snippet":"max-snippet:-1","max-image-preview":"max-image-preview:large","max-video-preview":"max-video-preview:-1"},"canonical":"https:\/\/www.batavialand.nl\/de\/over-batavialand\/steun-ons\/periodiek-schenken\/","og_locale":"de_DE","og_type":"article","og_title":"Unterst\u00fctzen Sie mit Steuererleichterungen und machen Sie die Geschichte m\u00f6glich - Museum Batavialand","og_description":"Regelm\u00e4\u00dfige Spende an das Museum Batavialand: Unterst\u00fctzen Sie mit Steuervorteilen und tragen Sie zu unserem einzigartigen Erbe bei. Laden Sie das Formular herunter und machen Sie Geschichte m\u00f6glich!","og_url":"https:\/\/www.batavialand.nl\/de\/over-batavialand\/steun-ons\/periodiek-schenken\/","og_site_name":"Museum Batavialand","article_modified_time":"2025-11-25T09:47:22+00:00","og_image":[{"width":1024,"height":678,"url":"https:\/\/www.batavialand.nl\/wp-content\/uploads\/doneren-museum-batavialand.webp","type":"image\/webp"}],"twitter_card":"summary_large_image","schema":{"@context":"https:\/\/schema.org","@graph":[{"@type":"WebPage","@id":"https:\/\/www.batavialand.nl\/de\/over-batavialand\/steun-ons\/periodiek-schenken\/","url":"https:\/\/www.batavialand.nl\/de\/over-batavialand\/steun-ons\/periodiek-schenken\/","name":"Unterst\u00fctzen Sie mit Steuererleichterungen und machen Sie die Geschichte m\u00f6glich - Museum Batavialand","isPartOf":{"@id":"https:\/\/www.batavialand.nl\/de\/#website"},"primaryImageOfPage":{"@id":"https:\/\/www.batavialand.nl\/de\/over-batavialand\/steun-ons\/periodiek-schenken\/#primaryimage"},"image":{"@id":"https:\/\/www.batavialand.nl\/de\/over-batavialand\/steun-ons\/periodiek-schenken\/#primaryimage"},"thumbnailUrl":"https:\/\/www.batavialand.nl\/wp-content\/uploads\/doneren-museum-batavialand.webp","datePublished":"2025-01-11T14:56:31+00:00","dateModified":"2025-11-25T09:47:22+00:00","description":"Regelm\u00e4\u00dfige Spende an das Museum Batavialand: Unterst\u00fctzen Sie mit Steuervorteilen und tragen Sie zu unserem einzigartigen Erbe bei. Laden Sie das Formular herunter und machen Sie Geschichte m\u00f6glich!","breadcrumb":{"@id":"https:\/\/www.batavialand.nl\/de\/over-batavialand\/steun-ons\/periodiek-schenken\/#breadcrumb"},"inLanguage":"de","potentialAction":[{"@type":"ReadAction","target":["https:\/\/www.batavialand.nl\/de\/over-batavialand\/steun-ons\/periodiek-schenken\/"]}]},{"@type":"ImageObject","inLanguage":"de","@id":"https:\/\/www.batavialand.nl\/de\/over-batavialand\/steun-ons\/periodiek-schenken\/#primaryimage","url":"https:\/\/www.batavialand.nl\/wp-content\/uploads\/doneren-museum-batavialand.webp","contentUrl":"https:\/\/www.batavialand.nl\/wp-content\/uploads\/doneren-museum-batavialand.webp","width":1024,"height":678},{"@type":"BreadcrumbList","@id":"https:\/\/www.batavialand.nl\/de\/over-batavialand\/steun-ons\/periodiek-schenken\/#breadcrumb","itemListElement":[{"@type":"ListItem","position":1,"name":"\u00dcber Batavialand","item":"https:\/\/www.batavialand.nl\/de\/over-batavialand\/"},{"@type":"ListItem","position":2,"name":"Unterst\u00fctzen Sie uns","item":"https:\/\/www.batavialand.nl\/de\/over-batavialand\/steun-ons\/"},{"@type":"ListItem","position":3,"name":"Regelm\u00e4\u00dfige Spenden"}]},{"@type":"WebSite","@id":"https:\/\/www.batavialand.nl\/de\/#website","url":"https:\/\/www.batavialand.nl\/de\/","name":"Museum Batavialand","description":"Batavialand, het museum van Flevoland in Lelystad.","publisher":{"@id":"https:\/\/www.batavialand.nl\/de\/#organization"},"potentialAction":[{"@type":"SearchAction","target":{"@type":"EntryPoint","urlTemplate":"https:\/\/www.batavialand.nl\/de\/?s={search_term_string}"},"query-input":{"@type":"PropertyValueSpecification","valueRequired":true,"valueName":"search_term_string"}}],"inLanguage":"de"},{"@type":"Organization","@id":"https:\/\/www.batavialand.nl\/de\/#organization","name":"Museum Batavialand","url":"https:\/\/www.batavialand.nl\/de\/","logo":{"@type":"ImageObject","inLanguage":"de","@id":"https:\/\/www.batavialand.nl\/de\/#\/schema\/logo\/image\/","url":"https:\/\/www.batavialand.nl\/wp-content\/uploads\/batavialand-logo.svg","contentUrl":"https:\/\/www.batavialand.nl\/wp-content\/uploads\/batavialand-logo.svg","width":1030,"height":322,"caption":"Museum Batavialand"},"image":{"@id":"https:\/\/www.batavialand.nl\/de\/#\/schema\/logo\/image\/"}}]}},"_links":{"self":[{"href":"https:\/\/www.batavialand.nl\/de\/wp-json\/wp\/v2\/pages\/4372","targetHints":{"allow":["GET"]}}],"collection":[{"href":"https:\/\/www.batavialand.nl\/de\/wp-json\/wp\/v2\/pages"}],"about":[{"href":"https:\/\/www.batavialand.nl\/de\/wp-json\/wp\/v2\/types\/page"}],"author":[{"embeddable":true,"href":"https:\/\/www.batavialand.nl\/de\/wp-json\/wp\/v2\/users\/1"}],"replies":[{"embeddable":true,"href":"https:\/\/www.batavialand.nl\/de\/wp-json\/wp\/v2\/comments?post=4372"}],"version-history":[{"count":1,"href":"https:\/\/www.batavialand.nl\/de\/wp-json\/wp\/v2\/pages\/4372\/revisions"}],"predecessor-version":[{"id":4374,"href":"https:\/\/www.batavialand.nl\/de\/wp-json\/wp\/v2\/pages\/4372\/revisions\/4374"}],"up":[{"embeddable":true,"href":"https:\/\/www.batavialand.nl\/de\/wp-json\/wp\/v2\/pages\/4271"}],"wp:featuredmedia":[{"embeddable":true,"href":"https:\/\/www.batavialand.nl\/de\/wp-json\/wp\/v2\/media\/3530"}],"wp:attachment":[{"href":"https:\/\/www.batavialand.nl\/de\/wp-json\/wp\/v2\/media?parent=4372"}],"curies":[{"name":"wp","href":"https:\/\/api.w.org\/{rel}","templated":true}]}}