{"id":4379,"date":"2025-01-11T13:55:39","date_gmt":"2025-01-11T13:55:39","guid":{"rendered":"https:\/\/www.batavialand.nl\/das-museum-batavialand-ist-ein-einzigartiger-ort\/einzigartige-foto-und-filmlocation-in-flevoland\/"},"modified":"2025-02-19T13:54:54","modified_gmt":"2025-02-19T13:54:54","slug":"unieke-foto-en-filmlocatie-locatie-in-flevoland","status":"publish","type":"page","link":"https:\/\/www.batavialand.nl\/de\/over-batavialand\/unieke-foto-en-filmlocatie-locatie-in-flevoland\/","title":{"rendered":"Einzigartige Foto- und Filmlocation in Flevoland"},"content":{"rendered":"\n<p>Das Museum Batavialand bietet einen besonderen Rahmen f\u00fcr Fotoshootings, Videoclips und Fernsehaufnahmen. Die beeindruckende Rekonstruktion des VOC-Schiffs Batavia und die authentische Werft versetzen Sie in das 17. Jahrhundert zur\u00fcck. Diese einzigartige Kulisse in Flevoland verleiht Ihrem Projekt ein historisches und stimmungsvolles Flair.  <\/p>\n","protected":false},"excerpt":{"rendered":"<p>Das Museum Batavialand bietet einen besonderen Rahmen f\u00fcr Fotoshootings, Videoclips und Fernsehaufnahmen. Die beeindruckende Rekonstruktion des VOC-Schiffs Batavia und die authentische Werft versetzen Sie in das 17. Jahrhundert zur\u00fcck. Diese einzigartige Kulisse in Flevoland verleiht Ihrem Projekt ein historisches und stimmungsvolles Flair.<\/p>\n","protected":false},"author":1,"featured_media":3532,"parent":4276,"menu_order":0,"comment_status":"closed","ping_status":"closed","template":"","meta":{"_acf_changed":false,"footnotes":""},"class_list":["post-4379","page","type-page","status-publish","has-post-thumbnail","hentry"],"acf":[],"yoast_head":"<!-- This site is optimized with the Yoast SEO plugin v27.4 - https:\/\/yoast.com\/product\/yoast-seo-wordpress\/ -->\n<title>Einzigartige Foto- und Filmlocation in Flevoland - Museum Batavialand<\/title>\n<meta name=\"description\" content=\"Planen Sie Ihr Foto- oder Film-Shooting im Museum Batavialand. Einzigartige historische Kulisse in Flevoland, geeignet f\u00fcr kreative Projekte w\u00e4hrend und au\u00dferhalb der \u00d6ffnungszeiten.\" \/>\n<meta name=\"robots\" content=\"index, follow, max-snippet:-1, max-image-preview:large, max-video-preview:-1\" \/>\n<link rel=\"canonical\" href=\"https:\/\/www.batavialand.nl\/de\/over-batavialand\/unieke-foto-en-filmlocatie-locatie-in-flevoland\/\" \/>\n<meta property=\"og:locale\" content=\"de_DE\" \/>\n<meta property=\"og:type\" content=\"article\" \/>\n<meta property=\"og:title\" content=\"Einzigartige Foto- und Filmlocation in Flevoland - Museum Batavialand\" \/>\n<meta property=\"og:description\" content=\"Planen Sie Ihr Foto- oder Film-Shooting im Museum Batavialand. Einzigartige historische Kulisse in Flevoland, geeignet f\u00fcr kreative Projekte w\u00e4hrend und au\u00dferhalb der \u00d6ffnungszeiten.\" \/>\n<meta property=\"og:url\" content=\"https:\/\/www.batavialand.nl\/de\/over-batavialand\/unieke-foto-en-filmlocatie-locatie-in-flevoland\/\" \/>\n<meta property=\"og:site_name\" content=\"Museum Batavialand\" \/>\n<meta property=\"article:modified_time\" content=\"2025-02-19T13:54:54+00:00\" \/>\n<meta property=\"og:image\" content=\"https:\/\/www.batavialand.nl\/wp-content\/uploads\/filmlocatie-flevoland-museum-batavialand.webp\" \/>\n\t<meta property=\"og:image:width\" content=\"1024\" \/>\n\t<meta property=\"og:image:height\" content=\"678\" \/>\n\t<meta property=\"og:image:type\" content=\"image\/webp\" \/>\n<meta name=\"twitter:card\" content=\"summary_large_image\" \/>\n<script type=\"application\/ld+json\" class=\"yoast-schema-graph\">{\"@context\":\"https:\\\/\\\/schema.org\",\"@graph\":[{\"@type\":\"WebPage\",\"@id\":\"https:\\\/\\\/www.batavialand.nl\\\/de\\\/over-batavialand\\\/unieke-foto-en-filmlocatie-locatie-in-flevoland\\\/\",\"url\":\"https:\\\/\\\/www.batavialand.nl\\\/de\\\/over-batavialand\\\/unieke-foto-en-filmlocatie-locatie-in-flevoland\\\/\",\"name\":\"Einzigartige Foto- und Filmlocation in Flevoland - Museum Batavialand\",\"isPartOf\":{\"@id\":\"https:\\\/\\\/www.batavialand.nl\\\/de\\\/#website\"},\"primaryImageOfPage\":{\"@id\":\"https:\\\/\\\/www.batavialand.nl\\\/de\\\/over-batavialand\\\/unieke-foto-en-filmlocatie-locatie-in-flevoland\\\/#primaryimage\"},\"image\":{\"@id\":\"https:\\\/\\\/www.batavialand.nl\\\/de\\\/over-batavialand\\\/unieke-foto-en-filmlocatie-locatie-in-flevoland\\\/#primaryimage\"},\"thumbnailUrl\":\"https:\\\/\\\/www.batavialand.nl\\\/wp-content\\\/uploads\\\/filmlocatie-flevoland-museum-batavialand.webp\",\"datePublished\":\"2025-01-11T13:55:39+00:00\",\"dateModified\":\"2025-02-19T13:54:54+00:00\",\"description\":\"Planen Sie Ihr Foto- oder Film-Shooting im Museum Batavialand. Einzigartige historische Kulisse in Flevoland, geeignet f\u00fcr kreative Projekte w\u00e4hrend und au\u00dferhalb der \u00d6ffnungszeiten.\",\"breadcrumb\":{\"@id\":\"https:\\\/\\\/www.batavialand.nl\\\/de\\\/over-batavialand\\\/unieke-foto-en-filmlocatie-locatie-in-flevoland\\\/#breadcrumb\"},\"inLanguage\":\"de\",\"potentialAction\":[{\"@type\":\"ReadAction\",\"target\":[\"https:\\\/\\\/www.batavialand.nl\\\/de\\\/over-batavialand\\\/unieke-foto-en-filmlocatie-locatie-in-flevoland\\\/\"]}]},{\"@type\":\"ImageObject\",\"inLanguage\":\"de\",\"@id\":\"https:\\\/\\\/www.batavialand.nl\\\/de\\\/over-batavialand\\\/unieke-foto-en-filmlocatie-locatie-in-flevoland\\\/#primaryimage\",\"url\":\"https:\\\/\\\/www.batavialand.nl\\\/wp-content\\\/uploads\\\/filmlocatie-flevoland-museum-batavialand.webp\",\"contentUrl\":\"https:\\\/\\\/www.batavialand.nl\\\/wp-content\\\/uploads\\\/filmlocatie-flevoland-museum-batavialand.webp\",\"width\":1024,\"height\":678},{\"@type\":\"BreadcrumbList\",\"@id\":\"https:\\\/\\\/www.batavialand.nl\\\/de\\\/over-batavialand\\\/unieke-foto-en-filmlocatie-locatie-in-flevoland\\\/#breadcrumb\",\"itemListElement\":[{\"@type\":\"ListItem\",\"position\":1,\"name\":\"\u00dcber Batavialand\",\"item\":\"https:\\\/\\\/www.batavialand.nl\\\/de\\\/over-batavialand\\\/\"},{\"@type\":\"ListItem\",\"position\":2,\"name\":\"Foto- und Drehort\"}]},{\"@type\":\"WebSite\",\"@id\":\"https:\\\/\\\/www.batavialand.nl\\\/de\\\/#website\",\"url\":\"https:\\\/\\\/www.batavialand.nl\\\/de\\\/\",\"name\":\"Museum Batavialand\",\"description\":\"Batavialand, het museum van Flevoland in Lelystad.\",\"publisher\":{\"@id\":\"https:\\\/\\\/www.batavialand.nl\\\/de\\\/#organization\"},\"potentialAction\":[{\"@type\":\"SearchAction\",\"target\":{\"@type\":\"EntryPoint\",\"urlTemplate\":\"https:\\\/\\\/www.batavialand.nl\\\/de\\\/?s={search_term_string}\"},\"query-input\":{\"@type\":\"PropertyValueSpecification\",\"valueRequired\":true,\"valueName\":\"search_term_string\"}}],\"inLanguage\":\"de\"},{\"@type\":\"Organization\",\"@id\":\"https:\\\/\\\/www.batavialand.nl\\\/de\\\/#organization\",\"name\":\"Museum Batavialand\",\"url\":\"https:\\\/\\\/www.batavialand.nl\\\/de\\\/\",\"logo\":{\"@type\":\"ImageObject\",\"inLanguage\":\"de\",\"@id\":\"https:\\\/\\\/www.batavialand.nl\\\/de\\\/#\\\/schema\\\/logo\\\/image\\\/\",\"url\":\"https:\\\/\\\/www.batavialand.nl\\\/wp-content\\\/uploads\\\/batavialand-logo.svg\",\"contentUrl\":\"https:\\\/\\\/www.batavialand.nl\\\/wp-content\\\/uploads\\\/batavialand-logo.svg\",\"width\":1030,\"height\":322,\"caption\":\"Museum Batavialand\"},\"image\":{\"@id\":\"https:\\\/\\\/www.batavialand.nl\\\/de\\\/#\\\/schema\\\/logo\\\/image\\\/\"}}]}<\/script>\n<!-- \/ Yoast SEO plugin. -->","yoast_head_json":{"title":"Einzigartige Foto- und Filmlocation in Flevoland - Museum Batavialand","description":"Planen Sie Ihr Foto- oder Film-Shooting im Museum Batavialand. Einzigartige historische Kulisse in Flevoland, geeignet f\u00fcr kreative Projekte w\u00e4hrend und au\u00dferhalb der \u00d6ffnungszeiten.","robots":{"index":"index","follow":"follow","max-snippet":"max-snippet:-1","max-image-preview":"max-image-preview:large","max-video-preview":"max-video-preview:-1"},"canonical":"https:\/\/www.batavialand.nl\/de\/over-batavialand\/unieke-foto-en-filmlocatie-locatie-in-flevoland\/","og_locale":"de_DE","og_type":"article","og_title":"Einzigartige Foto- und Filmlocation in Flevoland - Museum Batavialand","og_description":"Planen Sie Ihr Foto- oder Film-Shooting im Museum Batavialand. Einzigartige historische Kulisse in Flevoland, geeignet f\u00fcr kreative Projekte w\u00e4hrend und au\u00dferhalb der \u00d6ffnungszeiten.","og_url":"https:\/\/www.batavialand.nl\/de\/over-batavialand\/unieke-foto-en-filmlocatie-locatie-in-flevoland\/","og_site_name":"Museum Batavialand","article_modified_time":"2025-02-19T13:54:54+00:00","og_image":[{"width":1024,"height":678,"url":"https:\/\/www.batavialand.nl\/wp-content\/uploads\/filmlocatie-flevoland-museum-batavialand.webp","type":"image\/webp"}],"twitter_card":"summary_large_image","schema":{"@context":"https:\/\/schema.org","@graph":[{"@type":"WebPage","@id":"https:\/\/www.batavialand.nl\/de\/over-batavialand\/unieke-foto-en-filmlocatie-locatie-in-flevoland\/","url":"https:\/\/www.batavialand.nl\/de\/over-batavialand\/unieke-foto-en-filmlocatie-locatie-in-flevoland\/","name":"Einzigartige Foto- und Filmlocation in Flevoland - Museum Batavialand","isPartOf":{"@id":"https:\/\/www.batavialand.nl\/de\/#website"},"primaryImageOfPage":{"@id":"https:\/\/www.batavialand.nl\/de\/over-batavialand\/unieke-foto-en-filmlocatie-locatie-in-flevoland\/#primaryimage"},"image":{"@id":"https:\/\/www.batavialand.nl\/de\/over-batavialand\/unieke-foto-en-filmlocatie-locatie-in-flevoland\/#primaryimage"},"thumbnailUrl":"https:\/\/www.batavialand.nl\/wp-content\/uploads\/filmlocatie-flevoland-museum-batavialand.webp","datePublished":"2025-01-11T13:55:39+00:00","dateModified":"2025-02-19T13:54:54+00:00","description":"Planen Sie Ihr Foto- oder Film-Shooting im Museum Batavialand. Einzigartige historische Kulisse in Flevoland, geeignet f\u00fcr kreative Projekte w\u00e4hrend und au\u00dferhalb der \u00d6ffnungszeiten.","breadcrumb":{"@id":"https:\/\/www.batavialand.nl\/de\/over-batavialand\/unieke-foto-en-filmlocatie-locatie-in-flevoland\/#breadcrumb"},"inLanguage":"de","potentialAction":[{"@type":"ReadAction","target":["https:\/\/www.batavialand.nl\/de\/over-batavialand\/unieke-foto-en-filmlocatie-locatie-in-flevoland\/"]}]},{"@type":"ImageObject","inLanguage":"de","@id":"https:\/\/www.batavialand.nl\/de\/over-batavialand\/unieke-foto-en-filmlocatie-locatie-in-flevoland\/#primaryimage","url":"https:\/\/www.batavialand.nl\/wp-content\/uploads\/filmlocatie-flevoland-museum-batavialand.webp","contentUrl":"https:\/\/www.batavialand.nl\/wp-content\/uploads\/filmlocatie-flevoland-museum-batavialand.webp","width":1024,"height":678},{"@type":"BreadcrumbList","@id":"https:\/\/www.batavialand.nl\/de\/over-batavialand\/unieke-foto-en-filmlocatie-locatie-in-flevoland\/#breadcrumb","itemListElement":[{"@type":"ListItem","position":1,"name":"\u00dcber Batavialand","item":"https:\/\/www.batavialand.nl\/de\/over-batavialand\/"},{"@type":"ListItem","position":2,"name":"Foto- und Drehort"}]},{"@type":"WebSite","@id":"https:\/\/www.batavialand.nl\/de\/#website","url":"https:\/\/www.batavialand.nl\/de\/","name":"Museum Batavialand","description":"Batavialand, het museum van Flevoland in Lelystad.","publisher":{"@id":"https:\/\/www.batavialand.nl\/de\/#organization"},"potentialAction":[{"@type":"SearchAction","target":{"@type":"EntryPoint","urlTemplate":"https:\/\/www.batavialand.nl\/de\/?s={search_term_string}"},"query-input":{"@type":"PropertyValueSpecification","valueRequired":true,"valueName":"search_term_string"}}],"inLanguage":"de"},{"@type":"Organization","@id":"https:\/\/www.batavialand.nl\/de\/#organization","name":"Museum Batavialand","url":"https:\/\/www.batavialand.nl\/de\/","logo":{"@type":"ImageObject","inLanguage":"de","@id":"https:\/\/www.batavialand.nl\/de\/#\/schema\/logo\/image\/","url":"https:\/\/www.batavialand.nl\/wp-content\/uploads\/batavialand-logo.svg","contentUrl":"https:\/\/www.batavialand.nl\/wp-content\/uploads\/batavialand-logo.svg","width":1030,"height":322,"caption":"Museum Batavialand"},"image":{"@id":"https:\/\/www.batavialand.nl\/de\/#\/schema\/logo\/image\/"}}]}},"_links":{"self":[{"href":"https:\/\/www.batavialand.nl\/de\/wp-json\/wp\/v2\/pages\/4379","targetHints":{"allow":["GET"]}}],"collection":[{"href":"https:\/\/www.batavialand.nl\/de\/wp-json\/wp\/v2\/pages"}],"about":[{"href":"https:\/\/www.batavialand.nl\/de\/wp-json\/wp\/v2\/types\/page"}],"author":[{"embeddable":true,"href":"https:\/\/www.batavialand.nl\/de\/wp-json\/wp\/v2\/users\/1"}],"replies":[{"embeddable":true,"href":"https:\/\/www.batavialand.nl\/de\/wp-json\/wp\/v2\/comments?post=4379"}],"version-history":[{"count":1,"href":"https:\/\/www.batavialand.nl\/de\/wp-json\/wp\/v2\/pages\/4379\/revisions"}],"predecessor-version":[{"id":4381,"href":"https:\/\/www.batavialand.nl\/de\/wp-json\/wp\/v2\/pages\/4379\/revisions\/4381"}],"up":[{"embeddable":true,"href":"https:\/\/www.batavialand.nl\/de\/wp-json\/wp\/v2\/pages\/4276"}],"wp:featuredmedia":[{"embeddable":true,"href":"https:\/\/www.batavialand.nl\/de\/wp-json\/wp\/v2\/media\/3532"}],"wp:attachment":[{"href":"https:\/\/www.batavialand.nl\/de\/wp-json\/wp\/v2\/media?parent=4379"}],"curies":[{"name":"wp","href":"https:\/\/api.w.org\/{rel}","templated":true}]}}