{"id":4390,"date":"2025-01-16T12:52:33","date_gmt":"2025-01-16T12:52:33","guid":{"rendered":"https:\/\/www.batavialand.nl\/ein-reichtum-an-wissen-und-erbe\/kunsthandwerk\/weberei-und-segelmacherei\/"},"modified":"2026-03-20T10:29:54","modified_gmt":"2026-03-20T10:29:54","slug":"weverij-en-zeilmakerij","status":"publish","type":"page","link":"https:\/\/www.batavialand.nl\/de\/kennis-en-collecties\/ambachten\/weverij-en-zeilmakerij\/","title":{"rendered":"Weberei und Segelmacherei"},"content":{"rendered":"\n<p>In der Weberei und Segelmacherei des Museum Batavialand k\u00f6nnen Sie sehen, wie historische Handwerkskunst die Schifffahrt zum Leben erweckt. Hier werden Segel f\u00fcr die Rekonstruktion historischer Schiffe gewebt und gen\u00e4ht, wie z.B. das Spiegel-R\u00fcckkehrschiff <em>De Batavia<\/em> von 1628. Auch Stoffe, Kleidung und Gebrauchstextilien werden hier nach den Traditionen des 17. Jahrhunderts hergestellt. Jahrhunderts hergestellt. Diese Handwerke sind f\u00fcr den Bau und die Wartung der im Museum ausgestellten Schiffe unerl\u00e4sslich.   <\/p>\n","protected":false},"excerpt":{"rendered":"<p>In der Weberei und Segelmacherei des Museum Batavialand k\u00f6nnen Sie sehen, wie historische Handwerkskunst die Schifffahrt zum Leben erweckt. Hier werden Segel f\u00fcr die Rekonstruktion historischer Schiffe gewebt und gen\u00e4ht, wie z.B. das Spiegel-R\u00fcckkehrschiff De Batavia von 1628. Auch Stoffe, Kleidung und Gebrauchstextilien werden hier nach den Traditionen des 17. Jahrhunderts hergestellt. Jahrhunderts hergestellt. Diese [&hellip;]<\/p>\n","protected":false},"author":1,"featured_media":3540,"parent":4298,"menu_order":0,"comment_status":"closed","ping_status":"closed","template":"","meta":{"_acf_changed":false,"footnotes":""},"class_list":["post-4390","page","type-page","status-publish","has-post-thumbnail","hentry"],"acf":[],"yoast_head":"<!-- This site is optimized with the Yoast SEO plugin v27.4 - https:\/\/yoast.com\/product\/yoast-seo-wordpress\/ -->\n<title>Weberei und Segelmacherei - Museum Batavialand<\/title>\n<meta name=\"description\" content=\"Entdecken Sie die Weberei und Segelwerkstatt im Museum Batavialand! Sehen Sie, wie mit historischen Techniken starke Segel gewebt und gen\u00e4ht werden.\" \/>\n<meta name=\"robots\" content=\"index, follow, max-snippet:-1, max-image-preview:large, max-video-preview:-1\" \/>\n<link rel=\"canonical\" href=\"https:\/\/www.batavialand.nl\/de\/kennis-en-collecties\/ambachten\/weverij-en-zeilmakerij\/\" \/>\n<meta property=\"og:locale\" content=\"de_DE\" \/>\n<meta property=\"og:type\" content=\"article\" \/>\n<meta property=\"og:title\" content=\"Weberei und Segelmacherei - Museum Batavialand\" \/>\n<meta property=\"og:description\" content=\"Entdecken Sie die Weberei und Segelwerkstatt im Museum Batavialand! Sehen Sie, wie mit historischen Techniken starke Segel gewebt und gen\u00e4ht werden.\" \/>\n<meta property=\"og:url\" content=\"https:\/\/www.batavialand.nl\/de\/kennis-en-collecties\/ambachten\/weverij-en-zeilmakerij\/\" \/>\n<meta property=\"og:site_name\" content=\"Museum Batavialand\" \/>\n<meta property=\"article:modified_time\" content=\"2026-03-20T10:29:54+00:00\" \/>\n<meta property=\"og:image\" content=\"https:\/\/www.batavialand.nl\/wp-content\/uploads\/ambacht-zeilmakerij-museum-batavialand.webp\" \/>\n\t<meta property=\"og:image:width\" content=\"1024\" \/>\n\t<meta property=\"og:image:height\" content=\"678\" \/>\n\t<meta property=\"og:image:type\" content=\"image\/webp\" \/>\n<meta name=\"twitter:card\" content=\"summary_large_image\" \/>\n<script type=\"application\/ld+json\" class=\"yoast-schema-graph\">{\"@context\":\"https:\\\/\\\/schema.org\",\"@graph\":[{\"@type\":\"WebPage\",\"@id\":\"https:\\\/\\\/www.batavialand.nl\\\/de\\\/kennis-en-collecties\\\/ambachten\\\/weverij-en-zeilmakerij\\\/\",\"url\":\"https:\\\/\\\/www.batavialand.nl\\\/de\\\/kennis-en-collecties\\\/ambachten\\\/weverij-en-zeilmakerij\\\/\",\"name\":\"Weberei und Segelmacherei - Museum Batavialand\",\"isPartOf\":{\"@id\":\"https:\\\/\\\/www.batavialand.nl\\\/de\\\/#website\"},\"primaryImageOfPage\":{\"@id\":\"https:\\\/\\\/www.batavialand.nl\\\/de\\\/kennis-en-collecties\\\/ambachten\\\/weverij-en-zeilmakerij\\\/#primaryimage\"},\"image\":{\"@id\":\"https:\\\/\\\/www.batavialand.nl\\\/de\\\/kennis-en-collecties\\\/ambachten\\\/weverij-en-zeilmakerij\\\/#primaryimage\"},\"thumbnailUrl\":\"https:\\\/\\\/www.batavialand.nl\\\/wp-content\\\/uploads\\\/ambacht-zeilmakerij-museum-batavialand.webp\",\"datePublished\":\"2025-01-16T12:52:33+00:00\",\"dateModified\":\"2026-03-20T10:29:54+00:00\",\"description\":\"Entdecken Sie die Weberei und Segelwerkstatt im Museum Batavialand! Sehen Sie, wie mit historischen Techniken starke Segel gewebt und gen\u00e4ht werden.\",\"breadcrumb\":{\"@id\":\"https:\\\/\\\/www.batavialand.nl\\\/de\\\/kennis-en-collecties\\\/ambachten\\\/weverij-en-zeilmakerij\\\/#breadcrumb\"},\"inLanguage\":\"de\",\"potentialAction\":[{\"@type\":\"ReadAction\",\"target\":[\"https:\\\/\\\/www.batavialand.nl\\\/de\\\/kennis-en-collecties\\\/ambachten\\\/weverij-en-zeilmakerij\\\/\"]}]},{\"@type\":\"ImageObject\",\"inLanguage\":\"de\",\"@id\":\"https:\\\/\\\/www.batavialand.nl\\\/de\\\/kennis-en-collecties\\\/ambachten\\\/weverij-en-zeilmakerij\\\/#primaryimage\",\"url\":\"https:\\\/\\\/www.batavialand.nl\\\/wp-content\\\/uploads\\\/ambacht-zeilmakerij-museum-batavialand.webp\",\"contentUrl\":\"https:\\\/\\\/www.batavialand.nl\\\/wp-content\\\/uploads\\\/ambacht-zeilmakerij-museum-batavialand.webp\",\"width\":1024,\"height\":678},{\"@type\":\"BreadcrumbList\",\"@id\":\"https:\\\/\\\/www.batavialand.nl\\\/de\\\/kennis-en-collecties\\\/ambachten\\\/weverij-en-zeilmakerij\\\/#breadcrumb\",\"itemListElement\":[{\"@type\":\"ListItem\",\"position\":1,\"name\":\"Wissen und Sammlungen\",\"item\":\"https:\\\/\\\/www.batavialand.nl\\\/de\\\/kennis-en-collecties\\\/\"},{\"@type\":\"ListItem\",\"position\":2,\"name\":\"Kunsthandwerk\",\"item\":\"https:\\\/\\\/www.batavialand.nl\\\/de\\\/kennis-en-collecties\\\/ambachten\\\/\"},{\"@type\":\"ListItem\",\"position\":3,\"name\":\"Weberei und Segelmacherei\"}]},{\"@type\":\"WebSite\",\"@id\":\"https:\\\/\\\/www.batavialand.nl\\\/de\\\/#website\",\"url\":\"https:\\\/\\\/www.batavialand.nl\\\/de\\\/\",\"name\":\"Museum Batavialand\",\"description\":\"Batavialand, het museum van Flevoland in Lelystad.\",\"publisher\":{\"@id\":\"https:\\\/\\\/www.batavialand.nl\\\/de\\\/#organization\"},\"potentialAction\":[{\"@type\":\"SearchAction\",\"target\":{\"@type\":\"EntryPoint\",\"urlTemplate\":\"https:\\\/\\\/www.batavialand.nl\\\/de\\\/?s={search_term_string}\"},\"query-input\":{\"@type\":\"PropertyValueSpecification\",\"valueRequired\":true,\"valueName\":\"search_term_string\"}}],\"inLanguage\":\"de\"},{\"@type\":\"Organization\",\"@id\":\"https:\\\/\\\/www.batavialand.nl\\\/de\\\/#organization\",\"name\":\"Museum Batavialand\",\"url\":\"https:\\\/\\\/www.batavialand.nl\\\/de\\\/\",\"logo\":{\"@type\":\"ImageObject\",\"inLanguage\":\"de\",\"@id\":\"https:\\\/\\\/www.batavialand.nl\\\/de\\\/#\\\/schema\\\/logo\\\/image\\\/\",\"url\":\"https:\\\/\\\/www.batavialand.nl\\\/wp-content\\\/uploads\\\/batavialand-logo.svg\",\"contentUrl\":\"https:\\\/\\\/www.batavialand.nl\\\/wp-content\\\/uploads\\\/batavialand-logo.svg\",\"width\":1030,\"height\":322,\"caption\":\"Museum Batavialand\"},\"image\":{\"@id\":\"https:\\\/\\\/www.batavialand.nl\\\/de\\\/#\\\/schema\\\/logo\\\/image\\\/\"}}]}<\/script>\n<!-- \/ Yoast SEO plugin. -->","yoast_head_json":{"title":"Weberei und Segelmacherei - Museum Batavialand","description":"Entdecken Sie die Weberei und Segelwerkstatt im Museum Batavialand! Sehen Sie, wie mit historischen Techniken starke Segel gewebt und gen\u00e4ht werden.","robots":{"index":"index","follow":"follow","max-snippet":"max-snippet:-1","max-image-preview":"max-image-preview:large","max-video-preview":"max-video-preview:-1"},"canonical":"https:\/\/www.batavialand.nl\/de\/kennis-en-collecties\/ambachten\/weverij-en-zeilmakerij\/","og_locale":"de_DE","og_type":"article","og_title":"Weberei und Segelmacherei - Museum Batavialand","og_description":"Entdecken Sie die Weberei und Segelwerkstatt im Museum Batavialand! Sehen Sie, wie mit historischen Techniken starke Segel gewebt und gen\u00e4ht werden.","og_url":"https:\/\/www.batavialand.nl\/de\/kennis-en-collecties\/ambachten\/weverij-en-zeilmakerij\/","og_site_name":"Museum Batavialand","article_modified_time":"2026-03-20T10:29:54+00:00","og_image":[{"width":1024,"height":678,"url":"https:\/\/www.batavialand.nl\/wp-content\/uploads\/ambacht-zeilmakerij-museum-batavialand.webp","type":"image\/webp"}],"twitter_card":"summary_large_image","schema":{"@context":"https:\/\/schema.org","@graph":[{"@type":"WebPage","@id":"https:\/\/www.batavialand.nl\/de\/kennis-en-collecties\/ambachten\/weverij-en-zeilmakerij\/","url":"https:\/\/www.batavialand.nl\/de\/kennis-en-collecties\/ambachten\/weverij-en-zeilmakerij\/","name":"Weberei und Segelmacherei - Museum Batavialand","isPartOf":{"@id":"https:\/\/www.batavialand.nl\/de\/#website"},"primaryImageOfPage":{"@id":"https:\/\/www.batavialand.nl\/de\/kennis-en-collecties\/ambachten\/weverij-en-zeilmakerij\/#primaryimage"},"image":{"@id":"https:\/\/www.batavialand.nl\/de\/kennis-en-collecties\/ambachten\/weverij-en-zeilmakerij\/#primaryimage"},"thumbnailUrl":"https:\/\/www.batavialand.nl\/wp-content\/uploads\/ambacht-zeilmakerij-museum-batavialand.webp","datePublished":"2025-01-16T12:52:33+00:00","dateModified":"2026-03-20T10:29:54+00:00","description":"Entdecken Sie die Weberei und Segelwerkstatt im Museum Batavialand! Sehen Sie, wie mit historischen Techniken starke Segel gewebt und gen\u00e4ht werden.","breadcrumb":{"@id":"https:\/\/www.batavialand.nl\/de\/kennis-en-collecties\/ambachten\/weverij-en-zeilmakerij\/#breadcrumb"},"inLanguage":"de","potentialAction":[{"@type":"ReadAction","target":["https:\/\/www.batavialand.nl\/de\/kennis-en-collecties\/ambachten\/weverij-en-zeilmakerij\/"]}]},{"@type":"ImageObject","inLanguage":"de","@id":"https:\/\/www.batavialand.nl\/de\/kennis-en-collecties\/ambachten\/weverij-en-zeilmakerij\/#primaryimage","url":"https:\/\/www.batavialand.nl\/wp-content\/uploads\/ambacht-zeilmakerij-museum-batavialand.webp","contentUrl":"https:\/\/www.batavialand.nl\/wp-content\/uploads\/ambacht-zeilmakerij-museum-batavialand.webp","width":1024,"height":678},{"@type":"BreadcrumbList","@id":"https:\/\/www.batavialand.nl\/de\/kennis-en-collecties\/ambachten\/weverij-en-zeilmakerij\/#breadcrumb","itemListElement":[{"@type":"ListItem","position":1,"name":"Wissen und Sammlungen","item":"https:\/\/www.batavialand.nl\/de\/kennis-en-collecties\/"},{"@type":"ListItem","position":2,"name":"Kunsthandwerk","item":"https:\/\/www.batavialand.nl\/de\/kennis-en-collecties\/ambachten\/"},{"@type":"ListItem","position":3,"name":"Weberei und Segelmacherei"}]},{"@type":"WebSite","@id":"https:\/\/www.batavialand.nl\/de\/#website","url":"https:\/\/www.batavialand.nl\/de\/","name":"Museum Batavialand","description":"Batavialand, het museum van Flevoland in Lelystad.","publisher":{"@id":"https:\/\/www.batavialand.nl\/de\/#organization"},"potentialAction":[{"@type":"SearchAction","target":{"@type":"EntryPoint","urlTemplate":"https:\/\/www.batavialand.nl\/de\/?s={search_term_string}"},"query-input":{"@type":"PropertyValueSpecification","valueRequired":true,"valueName":"search_term_string"}}],"inLanguage":"de"},{"@type":"Organization","@id":"https:\/\/www.batavialand.nl\/de\/#organization","name":"Museum Batavialand","url":"https:\/\/www.batavialand.nl\/de\/","logo":{"@type":"ImageObject","inLanguage":"de","@id":"https:\/\/www.batavialand.nl\/de\/#\/schema\/logo\/image\/","url":"https:\/\/www.batavialand.nl\/wp-content\/uploads\/batavialand-logo.svg","contentUrl":"https:\/\/www.batavialand.nl\/wp-content\/uploads\/batavialand-logo.svg","width":1030,"height":322,"caption":"Museum Batavialand"},"image":{"@id":"https:\/\/www.batavialand.nl\/de\/#\/schema\/logo\/image\/"}}]}},"_links":{"self":[{"href":"https:\/\/www.batavialand.nl\/de\/wp-json\/wp\/v2\/pages\/4390","targetHints":{"allow":["GET"]}}],"collection":[{"href":"https:\/\/www.batavialand.nl\/de\/wp-json\/wp\/v2\/pages"}],"about":[{"href":"https:\/\/www.batavialand.nl\/de\/wp-json\/wp\/v2\/types\/page"}],"author":[{"embeddable":true,"href":"https:\/\/www.batavialand.nl\/de\/wp-json\/wp\/v2\/users\/1"}],"replies":[{"embeddable":true,"href":"https:\/\/www.batavialand.nl\/de\/wp-json\/wp\/v2\/comments?post=4390"}],"version-history":[{"count":2,"href":"https:\/\/www.batavialand.nl\/de\/wp-json\/wp\/v2\/pages\/4390\/revisions"}],"predecessor-version":[{"id":7507,"href":"https:\/\/www.batavialand.nl\/de\/wp-json\/wp\/v2\/pages\/4390\/revisions\/7507"}],"up":[{"embeddable":true,"href":"https:\/\/www.batavialand.nl\/de\/wp-json\/wp\/v2\/pages\/4298"}],"wp:featuredmedia":[{"embeddable":true,"href":"https:\/\/www.batavialand.nl\/de\/wp-json\/wp\/v2\/media\/3540"}],"wp:attachment":[{"href":"https:\/\/www.batavialand.nl\/de\/wp-json\/wp\/v2\/media?parent=4390"}],"curies":[{"name":"wp","href":"https:\/\/api.w.org\/{rel}","templated":true}]}}