{"id":4486,"date":"2025-01-18T12:22:26","date_gmt":"2025-01-18T12:22:26","guid":{"rendered":"https:\/\/www.batavialand.nl\/ein-reichtum-an-wissen-und-erbe\/wasserwirtschaft-und-polder\/"},"modified":"2026-04-21T11:54:14","modified_gmt":"2026-04-21T11:54:14","slug":"waterbeheer-en-polders","status":"publish","type":"page","link":"https:\/\/www.batavialand.nl\/de\/kennis-en-collecties\/waterbeheer-en-polders\/","title":{"rendered":"Wasserwirtschaft und Polder"},"content":{"rendered":"\n<p>Dank der Entstehungsgeschichte der Niederlande sind die Niederl\u00e4nder Experten in Sachen Wassermanagement und Polder. Das kollektive Wassermanagement gibt es seit dem 11. Jahrhundert und unsere Geschichte enth\u00e4lt unz\u00e4hlige Geschichten \u00fcber Deichbauer, Windm\u00fchlen, Pumpstationen, Schleusen und Wasserverb\u00e4nde. Die Angst vor massiven \u00dcberschwemmungen durch Sturmfluten ist mit der Umsetzung des Deltaplans aus dem letzten Jahrhundert verschwunden. Die Herausforderung f\u00fcr das 21. Jahrhundert besteht darin, die durch die Urbanisierung und den Klimawandel entstehenden Wassermengen zu bew\u00e4ltigen. Wir sehen uns mit Landabsenkungen in K\u00fcsten- und Deltagebieten, einem steigenden Meeresspiegel und gro\u00dfen Regenwassermengen konfrontiert, die Fl\u00fcsse anschwellen lassen und \u00dcberschwemmungen bedrohen. Das niederl\u00e4ndische Fachwissen im Bereich Wassermanagement und Polder wird auf der ganzen Welt genutzt.     <\/p>\n\n\n\n<h3 class=\"wp-block-heading\">Polder in der Welt<\/h3>\n\n\n\n<p>Die Niederlande sind ber\u00fchmt f\u00fcr ihre Polder. Der Flevoland-Polder (1000 km\u00b2), der dem Meer abgerungen wurde, ist eine weltweit bekannte Geschichte, die viele Besucher in die Provinz lockt. Aber auch in vielen anderen L\u00e4ndern gibt es Polder, insgesamt in fast hundert L\u00e4ndern auf allen Kontinenten. Diese Polder befinden sich im Allgemeinen entlang von Fl\u00fcssen und in K\u00fcsten- und Deltagebieten. Es lassen sich drei Arten von Poldern unterscheiden: i) zur\u00fcckgewonnenes tiefliegendes Land; ii) D\u00e4mme entlang der K\u00fcsten; iii) zur\u00fcckgewonnene Seen. Zu den L\u00e4ndern mit vielen Poldern geh\u00f6ren Bangladesch, China, Deutschland, Japan, die Niederlande, die Vereinigten Staaten und S\u00fcdkorea. Die Abbildung und die Tabelle unten zeigen die L\u00e4nder mit Poldern. Auch die Gesamtfl\u00e4che, auf der Polder gefunden wurden, ist angegeben.          <\/p>\n\n\n\n<figure class=\"wp-block-image size-full\"><img loading=\"lazy\" decoding=\"async\" width=\"511\" height=\"341\" src=\"https:\/\/www.batavialand.nl\/wp-content\/uploads\/Countries-with-polders.jpg\" alt=\"\" class=\"wp-image-7619\" srcset=\"https:\/\/www.batavialand.nl\/wp-content\/uploads\/Countries-with-polders.jpg 511w, https:\/\/www.batavialand.nl\/wp-content\/uploads\/Countries-with-polders-300x200.jpg 300w\" sizes=\"auto, (max-width: 511px) 100vw, 511px\" \/><\/figure>\n\n\n\n<div class=\"wp-block-columns is-layout-flex wp-container-core-columns-is-layout-28f84493 wp-block-columns-is-layout-flex\">\n<div class=\"wp-block-column is-layout-flow wp-block-column-is-layout-flow\" style=\"flex-basis:100%\">\n<figure class=\"wp-block-table\"><table class=\"has-fixed-layout\"><tbody><tr><td><strong>Kontinent<\/strong><\/td><td><strong>L\u00e4nder mit Poldern<\/strong><\/td><td><strong>Gesamtfl\u00e4che in km\u00b2<\/strong><\/td><\/tr><tr><td>Afrika<\/td><td>28<\/td><td>15.600<\/td><\/tr><tr><td>Amerikas<\/td><td>19<\/td><td>11.500<\/td><\/tr><tr><td>Asien<\/td><td>21<\/td><td>491.000<\/td><\/tr><tr><td>Europa<\/td><td>34<\/td><td>54.600<\/td><\/tr><tr><td>Ozeanien<\/td><td>2<\/td><td>134<\/td><\/tr><tr><td><strong>Gesamt<\/strong><\/td><td><strong>104<\/strong><\/td><td><strong>573.000<\/strong><\/td><\/tr><\/tbody><\/table><\/figure>\n<\/div>\n<\/div>\n\n\n\n<p><\/p>\n\n\n\n<p>Unten sehen Sie eine Karte mit den Poldern der Welt.  <\/p>\n\n\n\n<p class=\"has-small-font-size\"><em>Es kann ein paar Augenblicke dauern, bis die Karte geladen ist.  <\/em><\/p>\n\n\n\n<!-- Add script to the <head> of your page to load the embeddable map component -->\n<script type=\"module\" src=\"https:\/\/js.arcgis.com\/5.0\/embeddable-components\/\"><\/script>\n<!-- Add custom element to <body> of your page -->\n <arcgis-embedded-map style=\"height:600px;width:700px;\" item-id=\"185048b3430f40ff877d858ec687800e\" theme=\"light\" time-zone-label-enabled center=\"-12.836132347578687,13.248175609810714\"scale=\"147914381.897889\" portal-url=\"https:\/\/nl-bl.maps.arcgis.com\"><\/arcgis-embedded-map>\n\n\n\n<p><\/p>\n","protected":false},"excerpt":{"rendered":"<p>Dank der Entstehungsgeschichte der Niederlande sind die Niederl\u00e4nder Experten in Sachen Wassermanagement und Polder. Das kollektive Wassermanagement gibt es seit dem 11. Jahrhundert und unsere Geschichte enth\u00e4lt unz\u00e4hlige Geschichten \u00fcber Deichbauer, Windm\u00fchlen, Pumpstationen, Schleusen und Wasserverb\u00e4nde. Die Angst vor massiven \u00dcberschwemmungen durch Sturmfluten ist mit der Umsetzung des Deltaplans aus dem letzten Jahrhundert verschwunden. Die [&hellip;]<\/p>\n","protected":false},"author":1,"featured_media":3566,"parent":4312,"menu_order":0,"comment_status":"closed","ping_status":"closed","template":"","meta":{"_acf_changed":false,"footnotes":""},"class_list":["post-4486","page","type-page","status-publish","has-post-thumbnail","hentry"],"acf":[],"yoast_head":"<!-- This site is optimized with the Yoast SEO plugin v27.4 - https:\/\/yoast.com\/product\/yoast-seo-wordpress\/ -->\n<title>Wasserwirtschaft und Polder - Museum Batavialand<\/title>\n<meta name=\"robots\" content=\"index, follow, max-snippet:-1, max-image-preview:large, max-video-preview:-1\" \/>\n<link rel=\"canonical\" href=\"https:\/\/www.batavialand.nl\/de\/kennis-en-collecties\/waterbeheer-en-polders\/\" \/>\n<meta property=\"og:locale\" content=\"de_DE\" \/>\n<meta property=\"og:type\" content=\"article\" \/>\n<meta property=\"og:title\" content=\"Wasserwirtschaft und Polder - Museum Batavialand\" \/>\n<meta property=\"og:description\" content=\"Dank der Entstehungsgeschichte der Niederlande sind die Niederl\u00e4nder Experten in Sachen Wassermanagement und Polder. Das kollektive Wassermanagement gibt es seit dem 11. Jahrhundert und unsere Geschichte enth\u00e4lt unz\u00e4hlige Geschichten \u00fcber Deichbauer, Windm\u00fchlen, Pumpstationen, Schleusen und Wasserverb\u00e4nde. Die Angst vor massiven \u00dcberschwemmungen durch Sturmfluten ist mit der Umsetzung des Deltaplans aus dem letzten Jahrhundert verschwunden. Die [&hellip;]\" \/>\n<meta property=\"og:url\" content=\"https:\/\/www.batavialand.nl\/de\/kennis-en-collecties\/waterbeheer-en-polders\/\" \/>\n<meta property=\"og:site_name\" content=\"Museum Batavialand\" \/>\n<meta property=\"article:modified_time\" content=\"2026-04-21T11:54:14+00:00\" \/>\n<meta property=\"og:image\" content=\"https:\/\/www.batavialand.nl\/wp-content\/uploads\/waterbeheer-en-polders-museum-batavialand.webp\" \/>\n\t<meta property=\"og:image:width\" content=\"1024\" \/>\n\t<meta property=\"og:image:height\" content=\"678\" \/>\n\t<meta property=\"og:image:type\" content=\"image\/webp\" \/>\n<meta name=\"twitter:card\" content=\"summary_large_image\" \/>\n<meta name=\"twitter:label1\" content=\"Gesch\u00e4tzte Lesezeit\" \/>\n\t<meta name=\"twitter:data1\" content=\"2\u00a0Minuten\" \/>\n<script type=\"application\/ld+json\" class=\"yoast-schema-graph\">{\"@context\":\"https:\\\/\\\/schema.org\",\"@graph\":[{\"@type\":\"WebPage\",\"@id\":\"https:\\\/\\\/www.batavialand.nl\\\/de\\\/kennis-en-collecties\\\/waterbeheer-en-polders\\\/\",\"url\":\"https:\\\/\\\/www.batavialand.nl\\\/de\\\/kennis-en-collecties\\\/waterbeheer-en-polders\\\/\",\"name\":\"Wasserwirtschaft und Polder - Museum Batavialand\",\"isPartOf\":{\"@id\":\"https:\\\/\\\/www.batavialand.nl\\\/de\\\/#website\"},\"primaryImageOfPage\":{\"@id\":\"https:\\\/\\\/www.batavialand.nl\\\/de\\\/kennis-en-collecties\\\/waterbeheer-en-polders\\\/#primaryimage\"},\"image\":{\"@id\":\"https:\\\/\\\/www.batavialand.nl\\\/de\\\/kennis-en-collecties\\\/waterbeheer-en-polders\\\/#primaryimage\"},\"thumbnailUrl\":\"https:\\\/\\\/www.batavialand.nl\\\/wp-content\\\/uploads\\\/waterbeheer-en-polders-museum-batavialand.webp\",\"datePublished\":\"2025-01-18T12:22:26+00:00\",\"dateModified\":\"2026-04-21T11:54:14+00:00\",\"breadcrumb\":{\"@id\":\"https:\\\/\\\/www.batavialand.nl\\\/de\\\/kennis-en-collecties\\\/waterbeheer-en-polders\\\/#breadcrumb\"},\"inLanguage\":\"de\",\"potentialAction\":[{\"@type\":\"ReadAction\",\"target\":[\"https:\\\/\\\/www.batavialand.nl\\\/de\\\/kennis-en-collecties\\\/waterbeheer-en-polders\\\/\"]}]},{\"@type\":\"ImageObject\",\"inLanguage\":\"de\",\"@id\":\"https:\\\/\\\/www.batavialand.nl\\\/de\\\/kennis-en-collecties\\\/waterbeheer-en-polders\\\/#primaryimage\",\"url\":\"https:\\\/\\\/www.batavialand.nl\\\/wp-content\\\/uploads\\\/waterbeheer-en-polders-museum-batavialand.webp\",\"contentUrl\":\"https:\\\/\\\/www.batavialand.nl\\\/wp-content\\\/uploads\\\/waterbeheer-en-polders-museum-batavialand.webp\",\"width\":1024,\"height\":678},{\"@type\":\"BreadcrumbList\",\"@id\":\"https:\\\/\\\/www.batavialand.nl\\\/de\\\/kennis-en-collecties\\\/waterbeheer-en-polders\\\/#breadcrumb\",\"itemListElement\":[{\"@type\":\"ListItem\",\"position\":1,\"name\":\"Wissen und Sammlungen\",\"item\":\"https:\\\/\\\/www.batavialand.nl\\\/de\\\/kennis-en-collecties\\\/\"},{\"@type\":\"ListItem\",\"position\":2,\"name\":\"Wasserwirtschaft und Polder\"}]},{\"@type\":\"WebSite\",\"@id\":\"https:\\\/\\\/www.batavialand.nl\\\/de\\\/#website\",\"url\":\"https:\\\/\\\/www.batavialand.nl\\\/de\\\/\",\"name\":\"Museum Batavialand\",\"description\":\"Batavialand, het museum van Flevoland in Lelystad.\",\"publisher\":{\"@id\":\"https:\\\/\\\/www.batavialand.nl\\\/de\\\/#organization\"},\"potentialAction\":[{\"@type\":\"SearchAction\",\"target\":{\"@type\":\"EntryPoint\",\"urlTemplate\":\"https:\\\/\\\/www.batavialand.nl\\\/de\\\/?s={search_term_string}\"},\"query-input\":{\"@type\":\"PropertyValueSpecification\",\"valueRequired\":true,\"valueName\":\"search_term_string\"}}],\"inLanguage\":\"de\"},{\"@type\":\"Organization\",\"@id\":\"https:\\\/\\\/www.batavialand.nl\\\/de\\\/#organization\",\"name\":\"Museum Batavialand\",\"url\":\"https:\\\/\\\/www.batavialand.nl\\\/de\\\/\",\"logo\":{\"@type\":\"ImageObject\",\"inLanguage\":\"de\",\"@id\":\"https:\\\/\\\/www.batavialand.nl\\\/de\\\/#\\\/schema\\\/logo\\\/image\\\/\",\"url\":\"https:\\\/\\\/www.batavialand.nl\\\/wp-content\\\/uploads\\\/batavialand-logo.svg\",\"contentUrl\":\"https:\\\/\\\/www.batavialand.nl\\\/wp-content\\\/uploads\\\/batavialand-logo.svg\",\"width\":1030,\"height\":322,\"caption\":\"Museum Batavialand\"},\"image\":{\"@id\":\"https:\\\/\\\/www.batavialand.nl\\\/de\\\/#\\\/schema\\\/logo\\\/image\\\/\"}}]}<\/script>\n<!-- \/ Yoast SEO plugin. -->","yoast_head_json":{"title":"Wasserwirtschaft und Polder - Museum Batavialand","robots":{"index":"index","follow":"follow","max-snippet":"max-snippet:-1","max-image-preview":"max-image-preview:large","max-video-preview":"max-video-preview:-1"},"canonical":"https:\/\/www.batavialand.nl\/de\/kennis-en-collecties\/waterbeheer-en-polders\/","og_locale":"de_DE","og_type":"article","og_title":"Wasserwirtschaft und Polder - Museum Batavialand","og_description":"Dank der Entstehungsgeschichte der Niederlande sind die Niederl\u00e4nder Experten in Sachen Wassermanagement und Polder. Das kollektive Wassermanagement gibt es seit dem 11. Jahrhundert und unsere Geschichte enth\u00e4lt unz\u00e4hlige Geschichten \u00fcber Deichbauer, Windm\u00fchlen, Pumpstationen, Schleusen und Wasserverb\u00e4nde. Die Angst vor massiven \u00dcberschwemmungen durch Sturmfluten ist mit der Umsetzung des Deltaplans aus dem letzten Jahrhundert verschwunden. Die [&hellip;]","og_url":"https:\/\/www.batavialand.nl\/de\/kennis-en-collecties\/waterbeheer-en-polders\/","og_site_name":"Museum Batavialand","article_modified_time":"2026-04-21T11:54:14+00:00","og_image":[{"width":1024,"height":678,"url":"https:\/\/www.batavialand.nl\/wp-content\/uploads\/waterbeheer-en-polders-museum-batavialand.webp","type":"image\/webp"}],"twitter_card":"summary_large_image","twitter_misc":{"Gesch\u00e4tzte Lesezeit":"2\u00a0Minuten"},"schema":{"@context":"https:\/\/schema.org","@graph":[{"@type":"WebPage","@id":"https:\/\/www.batavialand.nl\/de\/kennis-en-collecties\/waterbeheer-en-polders\/","url":"https:\/\/www.batavialand.nl\/de\/kennis-en-collecties\/waterbeheer-en-polders\/","name":"Wasserwirtschaft und Polder - Museum Batavialand","isPartOf":{"@id":"https:\/\/www.batavialand.nl\/de\/#website"},"primaryImageOfPage":{"@id":"https:\/\/www.batavialand.nl\/de\/kennis-en-collecties\/waterbeheer-en-polders\/#primaryimage"},"image":{"@id":"https:\/\/www.batavialand.nl\/de\/kennis-en-collecties\/waterbeheer-en-polders\/#primaryimage"},"thumbnailUrl":"https:\/\/www.batavialand.nl\/wp-content\/uploads\/waterbeheer-en-polders-museum-batavialand.webp","datePublished":"2025-01-18T12:22:26+00:00","dateModified":"2026-04-21T11:54:14+00:00","breadcrumb":{"@id":"https:\/\/www.batavialand.nl\/de\/kennis-en-collecties\/waterbeheer-en-polders\/#breadcrumb"},"inLanguage":"de","potentialAction":[{"@type":"ReadAction","target":["https:\/\/www.batavialand.nl\/de\/kennis-en-collecties\/waterbeheer-en-polders\/"]}]},{"@type":"ImageObject","inLanguage":"de","@id":"https:\/\/www.batavialand.nl\/de\/kennis-en-collecties\/waterbeheer-en-polders\/#primaryimage","url":"https:\/\/www.batavialand.nl\/wp-content\/uploads\/waterbeheer-en-polders-museum-batavialand.webp","contentUrl":"https:\/\/www.batavialand.nl\/wp-content\/uploads\/waterbeheer-en-polders-museum-batavialand.webp","width":1024,"height":678},{"@type":"BreadcrumbList","@id":"https:\/\/www.batavialand.nl\/de\/kennis-en-collecties\/waterbeheer-en-polders\/#breadcrumb","itemListElement":[{"@type":"ListItem","position":1,"name":"Wissen und Sammlungen","item":"https:\/\/www.batavialand.nl\/de\/kennis-en-collecties\/"},{"@type":"ListItem","position":2,"name":"Wasserwirtschaft und Polder"}]},{"@type":"WebSite","@id":"https:\/\/www.batavialand.nl\/de\/#website","url":"https:\/\/www.batavialand.nl\/de\/","name":"Museum Batavialand","description":"Batavialand, het museum van Flevoland in Lelystad.","publisher":{"@id":"https:\/\/www.batavialand.nl\/de\/#organization"},"potentialAction":[{"@type":"SearchAction","target":{"@type":"EntryPoint","urlTemplate":"https:\/\/www.batavialand.nl\/de\/?s={search_term_string}"},"query-input":{"@type":"PropertyValueSpecification","valueRequired":true,"valueName":"search_term_string"}}],"inLanguage":"de"},{"@type":"Organization","@id":"https:\/\/www.batavialand.nl\/de\/#organization","name":"Museum Batavialand","url":"https:\/\/www.batavialand.nl\/de\/","logo":{"@type":"ImageObject","inLanguage":"de","@id":"https:\/\/www.batavialand.nl\/de\/#\/schema\/logo\/image\/","url":"https:\/\/www.batavialand.nl\/wp-content\/uploads\/batavialand-logo.svg","contentUrl":"https:\/\/www.batavialand.nl\/wp-content\/uploads\/batavialand-logo.svg","width":1030,"height":322,"caption":"Museum Batavialand"},"image":{"@id":"https:\/\/www.batavialand.nl\/de\/#\/schema\/logo\/image\/"}}]}},"_links":{"self":[{"href":"https:\/\/www.batavialand.nl\/de\/wp-json\/wp\/v2\/pages\/4486","targetHints":{"allow":["GET"]}}],"collection":[{"href":"https:\/\/www.batavialand.nl\/de\/wp-json\/wp\/v2\/pages"}],"about":[{"href":"https:\/\/www.batavialand.nl\/de\/wp-json\/wp\/v2\/types\/page"}],"author":[{"embeddable":true,"href":"https:\/\/www.batavialand.nl\/de\/wp-json\/wp\/v2\/users\/1"}],"replies":[{"embeddable":true,"href":"https:\/\/www.batavialand.nl\/de\/wp-json\/wp\/v2\/comments?post=4486"}],"version-history":[{"count":19,"href":"https:\/\/www.batavialand.nl\/de\/wp-json\/wp\/v2\/pages\/4486\/revisions"}],"predecessor-version":[{"id":7643,"href":"https:\/\/www.batavialand.nl\/de\/wp-json\/wp\/v2\/pages\/4486\/revisions\/7643"}],"up":[{"embeddable":true,"href":"https:\/\/www.batavialand.nl\/de\/wp-json\/wp\/v2\/pages\/4312"}],"wp:featuredmedia":[{"embeddable":true,"href":"https:\/\/www.batavialand.nl\/de\/wp-json\/wp\/v2\/media\/3566"}],"wp:attachment":[{"href":"https:\/\/www.batavialand.nl\/de\/wp-json\/wp\/v2\/media?parent=4486"}],"curies":[{"name":"wp","href":"https:\/\/api.w.org\/{rel}","templated":true}]}}