{"id":4583,"date":"2025-02-04T12:53:48","date_gmt":"2025-02-04T12:53:48","guid":{"rendered":"https:\/\/www.batavialand.nl\/kontakt-fuer-die-bestaetigung\/"},"modified":"2025-02-19T13:54:42","modified_gmt":"2025-02-19T13:54:42","slug":"bevestiging-contact","status":"publish","type":"page","link":"https:\/\/www.batavialand.nl\/de\/bevestiging-contact\/","title":{"rendered":"Kontakt f\u00fcr die Best\u00e4tigung"},"content":{"rendered":"\n<p>Wir haben Ihr Formular ordnungsgem\u00e4\u00df erhalten. Sie werden in K\u00fcrze eine Best\u00e4tigungs-E-Mail von uns erhalten und wir werden Sie so schnell wie m\u00f6glich kontaktieren. <\/p>\n\n<p><strong>Tipp:<\/strong> Informieren Sie sich im Voraus \u00fcber die Angebote im Museum Batavialand!<\/p>\n\n<p>Bekijk onze activiteiten, tentoonstellingen en meer op onze <a href=\"https:\/\/www.batavialand.nl\/zien-en-doen\/\">Zien &amp; Doen-pagina<\/a>.<\/p>\n\n<p><\/p>\n","protected":false},"excerpt":{"rendered":"<p>Wir haben Ihr Formular ordnungsgem\u00e4\u00df erhalten. Sie werden in K\u00fcrze eine Best\u00e4tigungs-E-Mail von uns erhalten und wir werden Sie so schnell wie m\u00f6glich kontaktieren. Tipp: Informieren Sie sich im Voraus \u00fcber die Angebote im Museum Batavialand! Bekijk onze activiteiten, tentoonstellingen en meer op onze Zien &amp; Doen-pagina.<\/p>\n","protected":false},"author":1,"featured_media":3328,"parent":0,"menu_order":0,"comment_status":"closed","ping_status":"closed","template":"","meta":{"_acf_changed":false,"footnotes":""},"class_list":["post-4583","page","type-page","status-publish","has-post-thumbnail","hentry"],"acf":[],"yoast_head":"<!-- This site is optimized with the Yoast SEO plugin v27.4 - https:\/\/yoast.com\/product\/yoast-seo-wordpress\/ -->\n<title>Kontakt f\u00fcr die Best\u00e4tigung - Museum Batavialand<\/title>\n<meta name=\"robots\" content=\"index, follow, max-snippet:-1, max-image-preview:large, max-video-preview:-1\" \/>\n<link rel=\"canonical\" href=\"https:\/\/www.batavialand.nl\/de\/bevestiging-contact\/\" \/>\n<meta property=\"og:locale\" content=\"de_DE\" \/>\n<meta property=\"og:type\" content=\"article\" \/>\n<meta property=\"og:title\" content=\"Kontakt f\u00fcr die Best\u00e4tigung - Museum Batavialand\" \/>\n<meta property=\"og:description\" content=\"Wir haben Ihr Formular ordnungsgem\u00e4\u00df erhalten. Sie werden in K\u00fcrze eine Best\u00e4tigungs-E-Mail von uns erhalten und wir werden Sie so schnell wie m\u00f6glich kontaktieren. Tipp: Informieren Sie sich im Voraus \u00fcber die Angebote im Museum Batavialand! Bekijk onze activiteiten, tentoonstellingen en meer op onze Zien &amp; Doen-pagina.\" \/>\n<meta property=\"og:url\" content=\"https:\/\/www.batavialand.nl\/de\/bevestiging-contact\/\" \/>\n<meta property=\"og:site_name\" content=\"Museum Batavialand\" \/>\n<meta property=\"article:modified_time\" content=\"2025-02-19T13:54:42+00:00\" \/>\n<meta property=\"og:image\" content=\"https:\/\/www.batavialand.nl\/wp-content\/uploads\/tickets-balie-museum-batavialand-header.webp\" \/>\n\t<meta property=\"og:image:width\" content=\"2000\" \/>\n\t<meta property=\"og:image:height\" content=\"800\" \/>\n\t<meta property=\"og:image:type\" content=\"image\/webp\" \/>\n<meta name=\"twitter:card\" content=\"summary_large_image\" \/>\n<script type=\"application\/ld+json\" class=\"yoast-schema-graph\">{\"@context\":\"https:\\\/\\\/schema.org\",\"@graph\":[{\"@type\":\"WebPage\",\"@id\":\"https:\\\/\\\/www.batavialand.nl\\\/de\\\/bevestiging-contact\\\/\",\"url\":\"https:\\\/\\\/www.batavialand.nl\\\/de\\\/bevestiging-contact\\\/\",\"name\":\"Kontakt f\u00fcr die Best\u00e4tigung - Museum Batavialand\",\"isPartOf\":{\"@id\":\"https:\\\/\\\/www.batavialand.nl\\\/de\\\/#website\"},\"primaryImageOfPage\":{\"@id\":\"https:\\\/\\\/www.batavialand.nl\\\/de\\\/bevestiging-contact\\\/#primaryimage\"},\"image\":{\"@id\":\"https:\\\/\\\/www.batavialand.nl\\\/de\\\/bevestiging-contact\\\/#primaryimage\"},\"thumbnailUrl\":\"https:\\\/\\\/www.batavialand.nl\\\/wp-content\\\/uploads\\\/tickets-balie-museum-batavialand-header.webp\",\"datePublished\":\"2025-02-04T12:53:48+00:00\",\"dateModified\":\"2025-02-19T13:54:42+00:00\",\"inLanguage\":\"de\",\"potentialAction\":[{\"@type\":\"ReadAction\",\"target\":[\"https:\\\/\\\/www.batavialand.nl\\\/de\\\/bevestiging-contact\\\/\"]}]},{\"@type\":\"ImageObject\",\"inLanguage\":\"de\",\"@id\":\"https:\\\/\\\/www.batavialand.nl\\\/de\\\/bevestiging-contact\\\/#primaryimage\",\"url\":\"https:\\\/\\\/www.batavialand.nl\\\/wp-content\\\/uploads\\\/tickets-balie-museum-batavialand-header.webp\",\"contentUrl\":\"https:\\\/\\\/www.batavialand.nl\\\/wp-content\\\/uploads\\\/tickets-balie-museum-batavialand-header.webp\",\"width\":2000,\"height\":800},{\"@type\":\"WebSite\",\"@id\":\"https:\\\/\\\/www.batavialand.nl\\\/de\\\/#website\",\"url\":\"https:\\\/\\\/www.batavialand.nl\\\/de\\\/\",\"name\":\"Museum Batavialand\",\"description\":\"Batavialand, het museum van Flevoland in Lelystad.\",\"publisher\":{\"@id\":\"https:\\\/\\\/www.batavialand.nl\\\/de\\\/#organization\"},\"potentialAction\":[{\"@type\":\"SearchAction\",\"target\":{\"@type\":\"EntryPoint\",\"urlTemplate\":\"https:\\\/\\\/www.batavialand.nl\\\/de\\\/?s={search_term_string}\"},\"query-input\":{\"@type\":\"PropertyValueSpecification\",\"valueRequired\":true,\"valueName\":\"search_term_string\"}}],\"inLanguage\":\"de\"},{\"@type\":\"Organization\",\"@id\":\"https:\\\/\\\/www.batavialand.nl\\\/de\\\/#organization\",\"name\":\"Museum Batavialand\",\"url\":\"https:\\\/\\\/www.batavialand.nl\\\/de\\\/\",\"logo\":{\"@type\":\"ImageObject\",\"inLanguage\":\"de\",\"@id\":\"https:\\\/\\\/www.batavialand.nl\\\/de\\\/#\\\/schema\\\/logo\\\/image\\\/\",\"url\":\"https:\\\/\\\/www.batavialand.nl\\\/wp-content\\\/uploads\\\/batavialand-logo.svg\",\"contentUrl\":\"https:\\\/\\\/www.batavialand.nl\\\/wp-content\\\/uploads\\\/batavialand-logo.svg\",\"width\":1030,\"height\":322,\"caption\":\"Museum Batavialand\"},\"image\":{\"@id\":\"https:\\\/\\\/www.batavialand.nl\\\/de\\\/#\\\/schema\\\/logo\\\/image\\\/\"}}]}<\/script>\n<!-- \/ Yoast SEO plugin. -->","yoast_head_json":{"title":"Kontakt f\u00fcr die Best\u00e4tigung - Museum Batavialand","robots":{"index":"index","follow":"follow","max-snippet":"max-snippet:-1","max-image-preview":"max-image-preview:large","max-video-preview":"max-video-preview:-1"},"canonical":"https:\/\/www.batavialand.nl\/de\/bevestiging-contact\/","og_locale":"de_DE","og_type":"article","og_title":"Kontakt f\u00fcr die Best\u00e4tigung - Museum Batavialand","og_description":"Wir haben Ihr Formular ordnungsgem\u00e4\u00df erhalten. Sie werden in K\u00fcrze eine Best\u00e4tigungs-E-Mail von uns erhalten und wir werden Sie so schnell wie m\u00f6glich kontaktieren. Tipp: Informieren Sie sich im Voraus \u00fcber die Angebote im Museum Batavialand! Bekijk onze activiteiten, tentoonstellingen en meer op onze Zien &amp; Doen-pagina.","og_url":"https:\/\/www.batavialand.nl\/de\/bevestiging-contact\/","og_site_name":"Museum Batavialand","article_modified_time":"2025-02-19T13:54:42+00:00","og_image":[{"width":2000,"height":800,"url":"https:\/\/www.batavialand.nl\/wp-content\/uploads\/tickets-balie-museum-batavialand-header.webp","type":"image\/webp"}],"twitter_card":"summary_large_image","schema":{"@context":"https:\/\/schema.org","@graph":[{"@type":"WebPage","@id":"https:\/\/www.batavialand.nl\/de\/bevestiging-contact\/","url":"https:\/\/www.batavialand.nl\/de\/bevestiging-contact\/","name":"Kontakt f\u00fcr die Best\u00e4tigung - Museum Batavialand","isPartOf":{"@id":"https:\/\/www.batavialand.nl\/de\/#website"},"primaryImageOfPage":{"@id":"https:\/\/www.batavialand.nl\/de\/bevestiging-contact\/#primaryimage"},"image":{"@id":"https:\/\/www.batavialand.nl\/de\/bevestiging-contact\/#primaryimage"},"thumbnailUrl":"https:\/\/www.batavialand.nl\/wp-content\/uploads\/tickets-balie-museum-batavialand-header.webp","datePublished":"2025-02-04T12:53:48+00:00","dateModified":"2025-02-19T13:54:42+00:00","inLanguage":"de","potentialAction":[{"@type":"ReadAction","target":["https:\/\/www.batavialand.nl\/de\/bevestiging-contact\/"]}]},{"@type":"ImageObject","inLanguage":"de","@id":"https:\/\/www.batavialand.nl\/de\/bevestiging-contact\/#primaryimage","url":"https:\/\/www.batavialand.nl\/wp-content\/uploads\/tickets-balie-museum-batavialand-header.webp","contentUrl":"https:\/\/www.batavialand.nl\/wp-content\/uploads\/tickets-balie-museum-batavialand-header.webp","width":2000,"height":800},{"@type":"WebSite","@id":"https:\/\/www.batavialand.nl\/de\/#website","url":"https:\/\/www.batavialand.nl\/de\/","name":"Museum Batavialand","description":"Batavialand, het museum van Flevoland in Lelystad.","publisher":{"@id":"https:\/\/www.batavialand.nl\/de\/#organization"},"potentialAction":[{"@type":"SearchAction","target":{"@type":"EntryPoint","urlTemplate":"https:\/\/www.batavialand.nl\/de\/?s={search_term_string}"},"query-input":{"@type":"PropertyValueSpecification","valueRequired":true,"valueName":"search_term_string"}}],"inLanguage":"de"},{"@type":"Organization","@id":"https:\/\/www.batavialand.nl\/de\/#organization","name":"Museum Batavialand","url":"https:\/\/www.batavialand.nl\/de\/","logo":{"@type":"ImageObject","inLanguage":"de","@id":"https:\/\/www.batavialand.nl\/de\/#\/schema\/logo\/image\/","url":"https:\/\/www.batavialand.nl\/wp-content\/uploads\/batavialand-logo.svg","contentUrl":"https:\/\/www.batavialand.nl\/wp-content\/uploads\/batavialand-logo.svg","width":1030,"height":322,"caption":"Museum Batavialand"},"image":{"@id":"https:\/\/www.batavialand.nl\/de\/#\/schema\/logo\/image\/"}}]}},"_links":{"self":[{"href":"https:\/\/www.batavialand.nl\/de\/wp-json\/wp\/v2\/pages\/4583","targetHints":{"allow":["GET"]}}],"collection":[{"href":"https:\/\/www.batavialand.nl\/de\/wp-json\/wp\/v2\/pages"}],"about":[{"href":"https:\/\/www.batavialand.nl\/de\/wp-json\/wp\/v2\/types\/page"}],"author":[{"embeddable":true,"href":"https:\/\/www.batavialand.nl\/de\/wp-json\/wp\/v2\/users\/1"}],"replies":[{"embeddable":true,"href":"https:\/\/www.batavialand.nl\/de\/wp-json\/wp\/v2\/comments?post=4583"}],"version-history":[{"count":3,"href":"https:\/\/www.batavialand.nl\/de\/wp-json\/wp\/v2\/pages\/4583\/revisions"}],"predecessor-version":[{"id":6018,"href":"https:\/\/www.batavialand.nl\/de\/wp-json\/wp\/v2\/pages\/4583\/revisions\/6018"}],"wp:featuredmedia":[{"embeddable":true,"href":"https:\/\/www.batavialand.nl\/de\/wp-json\/wp\/v2\/media\/3328"}],"wp:attachment":[{"href":"https:\/\/www.batavialand.nl\/de\/wp-json\/wp\/v2\/media?parent=4583"}],"curies":[{"name":"wp","href":"https:\/\/api.w.org\/{rel}","templated":true}]}}